{"id":147262,"date":"2026-04-18T00:00:00","date_gmt":"2026-04-17T22:00:00","guid":{"rendered":"https:\/\/gpl-love.com\/fr\/produit\/schedulepress-pro-5-1-3\/"},"modified":"2026-04-19T00:32:05","modified_gmt":"2026-04-18T22:32:05","slug":"schedulepress-pro-5-1-3","status":"publish","type":"product","link":"https:\/\/gpl-love.com\/fr\/produit\/schedulepress-pro-5-1-3\/","title":{"rendered":"SchedulePress Pro 5.2.5"},"content":{"rendered":"<h3>SchedulePress Pro Traits<\/h3>\n<p>Exploitez tout le potentiel de votre site WordPress avec SchedulePress Pro, l&rsquo;outil ultime pour une gestion de contenu efficace. Con\u00e7u pour les blogueurs, les cr\u00e9ateurs de contenu et les entreprises, SchedulePress Pro simplifie votre flux de travail et garantit la publication de vos articles au moment pr\u00e9cis o\u00f9 vous le souhaitez. Fini les heures de publication manqu\u00e9es et les impr\u00e9vus de derni\u00e8re minute\u00a0: ce puissant plugin automatise votre calendrier de publication pour vous permettre de vous concentrer sur votre expertise\u00a0: cr\u00e9er du contenu exceptionnel.<\/p>\n<p>Avec SchedulePress Pro, g\u00e9rez facilement plusieurs articles, d\u00e9finissez des horaires de publication personnalis\u00e9s et recyclez m\u00eame vos meilleurs contenus pour fid\u00e9liser votre audience. Son interface intuitive simplifie la planification, tandis que des fonctionnalit\u00e9s avanc\u00e9es comme l&rsquo;int\u00e9gration aux r\u00e9seaux sociaux vous permettent de partager votre contenu sur toutes les plateformes sans effort. De plus, les notifications en temps r\u00e9el vous tiennent inform\u00e9(e) de l&rsquo;\u00e9tat de vos publications, pour un contr\u00f4le permanent.<\/p>\n<p>Optimisez votre strat\u00e9gie de contenu gr\u00e2ce aux analyses de SchedulePress Pro, qui vous fournissent des informations pour affiner et am\u00e9liorer votre calendrier de publication.<\/p>\n<ul>\n<li>Options avanc\u00e9es de planification des publications WordPress<\/li>\n<li>Partage automatis\u00e9 sur les r\u00e9seaux sociaux d\u00e8s la publication<\/li>\n<li>Calendrier personnalisable pour une planification simplifi\u00e9e<\/li>\n<li>Int\u00e9gration aux plateformes de r\u00e9seaux sociaux populaires<\/li>\n<li>Fonctionnalit\u00e9 manquante de gestion de la planification<\/li>\n<li>Interface conviviale avec fonctions glisser-d\u00e9poser<\/li>\n<li>Plusieurs notifications par e-mail pour la publication des publications<\/li>\n<li>Prise en charge des types de publications et des taxonomies personnalis\u00e9s<\/li>\n<li>Outils d&rsquo;analyse et de reporting d\u00e9taill\u00e9s<\/li>\n<li>Compatibilit\u00e9 avec les th\u00e8mes et extensions WordPress populaires<\/li>\n<\/ul>\n","protected":false},"excerpt":{"rendered":"<p>D\u00e9couvrez SchedulePress Pro, la solution ultime pour une gestion efficace des r\u00e9seaux sociaux. Avec SchedulePress Pro, automatisez facilement vos publications sur les r\u00e9seaux sociaux et garantissez un engagement constant aupr\u00e8s de votre audience. Cet outil performant offre des fonctionnalit\u00e9s de planification avanc\u00e9es qui vous permettent de planifier facilement vos publications sur plusieurs plateformes. B\u00e9n\u00e9ficiez d&rsquo;une int\u00e9gration transparente avec WordPress pour optimiser votre flux de travail et gagner un temps pr\u00e9cieux. L&rsquo;interface intuitive et les analyses performantes de SchedulePress Pro vous fournissent des informations pr\u00e9cieuses pour optimiser votre strat\u00e9gie de contenu. Optimisez votre pr\u00e9sence sur les r\u00e9seaux sociaux d\u00e8s aujourd&rsquo;hui avec SchedulePress Pro\u00a0: gagnez en productivit\u00e9, boostez l&rsquo;engagement et atteignez vos objectifs marketing sans effort.<\/p>\n","protected":false},"featured_media":147280,"comment_status":"open","ping_status":"open","template":"","meta":[],"product_brand":[2471],"product_cat":[1207,1181,1186],"product_tag":[1826],"class_list":{"0":"post-147262","1":"product","2":"type-product","3":"status-publish","4":"has-post-thumbnail","6":"product_brand-wp-developer","7":"product_cat-commercialisation-wordpress-plugins","8":"product_cat-plugins","9":"product_cat-wordpress-plugins","10":"product_tag-wp-developer","11":"member-discount","12":"discount-restricted","14":"first","15":"instock","16":"sale","17":"downloadable","18":"virtual","19":"sold-individually","20":"purchasable","21":"product-type-simple"},"_links":{"self":[{"href":"https:\/\/gpl-love.com\/fr\/wp-json\/wp\/v2\/product\/147262","targetHints":{"allow":["GET"]}}],"collection":[{"href":"https:\/\/gpl-love.com\/fr\/wp-json\/wp\/v2\/product"}],"about":[{"href":"https:\/\/gpl-love.com\/fr\/wp-json\/wp\/v2\/types\/product"}],"replies":[{"embeddable":true,"href":"https:\/\/gpl-love.com\/fr\/wp-json\/wp\/v2\/comments?post=147262"}],"wp:featuredmedia":[{"embeddable":true,"href":"https:\/\/gpl-love.com\/fr\/wp-json\/wp\/v2\/media\/147280"}],"wp:attachment":[{"href":"https:\/\/gpl-love.com\/fr\/wp-json\/wp\/v2\/media?parent=147262"}],"wp:term":[{"taxonomy":"product_brand","embeddable":true,"href":"https:\/\/gpl-love.com\/fr\/wp-json\/wp\/v2\/product_brand?post=147262"},{"taxonomy":"product_cat","embeddable":true,"href":"https:\/\/gpl-love.com\/fr\/wp-json\/wp\/v2\/product_cat?post=147262"},{"taxonomy":"product_tag","embeddable":true,"href":"https:\/\/gpl-love.com\/fr\/wp-json\/wp\/v2\/product_tag?post=147262"}],"curies":[{"name":"wp","href":"https:\/\/api.w.org\/{rel}","templated":true}]}}