{"id":147260,"date":"2025-11-14T00:00:00","date_gmt":"2025-11-13T23:00:00","guid":{"rendered":"https:\/\/gpl-love.com\/fr\/produit\/wp-client-reports-pro-1-0-18\/"},"modified":"2026-03-21T00:05:52","modified_gmt":"2026-03-20T23:05:52","slug":"wp-client-reports-pro-1-0-18","status":"publish","type":"product","link":"https:\/\/gpl-love.com\/fr\/produit\/wp-client-reports-pro-1-0-18\/","title":{"rendered":"WP Client Reports Pro 1.0.19"},"content":{"rendered":"<h3>WP Client Reports Pro Traits<\/h3>\n<p>D\u00e9couvrez WP Client Reports Pro, la solution ultime pour un reporting client fluide. Con\u00e7u sp\u00e9cifiquement pour les professionnels de WordPress, WP Client Reports Pro vous permet de cr\u00e9er facilement des rapports d\u00e9taill\u00e9s et personnalis\u00e9s. Que vous g\u00e9riez plusieurs sites ou un seul projet, notre outil vous garantit des r\u00e9sultats professionnels \u00e0 chaque fois.<\/p>\n<p>Avec WP Client Reports Pro, automatisez votre processus de reporting et gagnez un temps pr\u00e9cieux. Int\u00e9grez-le facilement \u00e0 votre configuration WordPress existante pour vous concentrer sur l&rsquo;essentiel\u00a0: le d\u00e9veloppement de votre entreprise. Notre interface intuitive simplifie la g\u00e9n\u00e9ration de rapports pertinents mettant en avant les indicateurs cl\u00e9s, les tendances de performance et les mises \u00e0 jour essentielles.<\/p>\n<p>Interagissez avec vos clients avec des rapports visuels attrayants et informatifs qui t\u00e9moignent de votre expertise et de votre engagement. WP Client Reports Pro n&rsquo;est pas un simple outil, mais un partenaire de votre r\u00e9ussite, vous aidant \u00e0 maintenir la transparence et \u00e0 instaurer la confiance avec vos clients.<\/p>\n<p>D\u00e9couvrez la puissance d&rsquo;une communication et d&rsquo;une gestion client efficaces avec WP Client Reports Pro. Optimisez vos rapports et d\u00e9marquez-vous de la concurrence.<\/p>\n<ul>\n<li>Outil complet de reporting client<\/li>\n<li>Mod\u00e8les de rapports personnalisables<\/li>\n<li>G\u00e9n\u00e9ration automatis\u00e9e de rapports<\/li>\n<li>Int\u00e9gration aux plateformes CMS les plus r\u00e9pandues<\/li>\n<li>Interface conviviale<\/li>\n<li>Gestion s\u00e9curis\u00e9e des donn\u00e9es<\/li>\n<li>Options de marque blanche pour la personnalisation de votre marque<\/li>\n<li>Analyses et analyses en temps r\u00e9el<\/li>\n<li>Support multilingue<\/li>\n<\/ul>\n","protected":false},"excerpt":{"rendered":"<p>D\u00e9couvrez WP Client Reports Pro, la solution ultime pour une communication client fluide et des rapports d\u00e9taill\u00e9s. Transformez vos interactions clients gr\u00e2ce \u00e0 cet outil performant, con\u00e7u pour g\u00e9n\u00e9rer facilement des rapports automatis\u00e9s et professionnels. Ses fonctionnalit\u00e9s cl\u00e9s incluent des mod\u00e8les personnalisables, l&rsquo;int\u00e9gration des donn\u00e9es en temps r\u00e9el et des tableaux de bord conviviaux, pour un service irr\u00e9prochable \u00e0 chaque fois. Id\u00e9al pour les agences et les freelances, WP Client Reports Pro vous fait gagner du temps et am\u00e9liore la satisfaction client. Lib\u00e9rez le potentiel de flux de travail simplifi\u00e9s et d\u00e9veloppez votre activit\u00e9. D\u00e9couvrez la diff\u00e9rence avec WP Client Reports Pro d\u00e8s aujourd&rsquo;hui.<\/p>\n","protected":false},"featured_media":147278,"comment_status":"open","ping_status":"open","template":"","meta":[],"product_brand":[2824],"product_cat":[1189,1181,1186],"product_tag":[2825],"class_list":{"0":"post-147260","1":"product","2":"type-product","3":"status-publish","4":"has-post-thumbnail","6":"product_brand-switch-wp","7":"product_cat-personnalisation","8":"product_cat-plugins","9":"product_cat-wordpress-plugins","10":"product_tag-switch-wp","11":"member-discount","12":"discount-restricted","14":"first","15":"instock","16":"sale","17":"downloadable","18":"virtual","19":"sold-individually","20":"purchasable","21":"product-type-simple"},"_links":{"self":[{"href":"https:\/\/gpl-love.com\/fr\/wp-json\/wp\/v2\/product\/147260","targetHints":{"allow":["GET"]}}],"collection":[{"href":"https:\/\/gpl-love.com\/fr\/wp-json\/wp\/v2\/product"}],"about":[{"href":"https:\/\/gpl-love.com\/fr\/wp-json\/wp\/v2\/types\/product"}],"replies":[{"embeddable":true,"href":"https:\/\/gpl-love.com\/fr\/wp-json\/wp\/v2\/comments?post=147260"}],"wp:featuredmedia":[{"embeddable":true,"href":"https:\/\/gpl-love.com\/fr\/wp-json\/wp\/v2\/media\/147278"}],"wp:attachment":[{"href":"https:\/\/gpl-love.com\/fr\/wp-json\/wp\/v2\/media?parent=147260"}],"wp:term":[{"taxonomy":"product_brand","embeddable":true,"href":"https:\/\/gpl-love.com\/fr\/wp-json\/wp\/v2\/product_brand?post=147260"},{"taxonomy":"product_cat","embeddable":true,"href":"https:\/\/gpl-love.com\/fr\/wp-json\/wp\/v2\/product_cat?post=147260"},{"taxonomy":"product_tag","embeddable":true,"href":"https:\/\/gpl-love.com\/fr\/wp-json\/wp\/v2\/product_tag?post=147260"}],"curies":[{"name":"wp","href":"https:\/\/api.w.org\/{rel}","templated":true}]}}