{"id":147257,"date":"2025-05-26T00:00:00","date_gmt":"2025-05-25T22:00:00","guid":{"rendered":"https:\/\/gpl-love.com\/fr\/produit\/modern-events-calendar-advanced-importer\/"},"modified":"2026-03-21T00:05:49","modified_gmt":"2026-03-20T23:05:49","slug":"modern-events-calendar-advanced-importer","status":"publish","type":"product","link":"https:\/\/gpl-love.com\/fr\/produit\/modern-events-calendar-advanced-importer\/","title":{"rendered":"Modern Events Calendar Advanced Importer 1.4.5"},"content":{"rendered":"<h3>Modern Events Calendar Advanced Importer Traits<\/h3>\n<p>D\u00e9couvrez l&rsquo;Importateur Avanc\u00e9 de Calendrier d&rsquo;\u00c9v\u00e9nements Moderne, l&rsquo;outil id\u00e9al pour g\u00e9rer vos donn\u00e9es \u00e9v\u00e9nementielles en toute simplicit\u00e9. Que vous soyez un organisateur d&rsquo;\u00e9v\u00e9nements ou un chef d&rsquo;entreprise, cet importateur avanc\u00e9 simplifie le processus et vous fait gagner du temps et des efforts. Gr\u00e2ce \u00e0 son interface intuitive, l&rsquo;Importateur Avanc\u00e9 de Calendrier d&rsquo;\u00c9v\u00e9nements Moderne vous permet d&rsquo;importer facilement des \u00e9v\u00e9nements depuis diff\u00e9rentes plateformes en quelques clics.<\/p>\n<p>Dites adieu \u00e0 la saisie manuelle et bonjour \u00e0 l&rsquo;automatisation\u00a0! Cet outil puissant garantit la mise \u00e0 jour continue de votre calendrier et fournit \u00e0 votre public les derni\u00e8res informations sur les \u00e9v\u00e9nements. Que vous importiez depuis Google Agenda, iCal ou d&rsquo;autres plateformes populaires, l&rsquo;Importateur Avanc\u00e9 de Calendrier d&rsquo;\u00c9v\u00e9nements Moderne g\u00e8re tout avec pr\u00e9cision.<\/p>\n<p>Con\u00e7u pour les utilisateurs modernes, cet importateur s&rsquo;int\u00e8gre parfaitement \u00e0 vos syst\u00e8mes existants, garantissant une exp\u00e9rience fluide. Ses fonctionnalit\u00e9s avanc\u00e9es et ses performances fiables en font un outil indispensable pour tous ceux qui souhaitent optimiser leur processus de gestion d&rsquo;\u00e9v\u00e9nements.<\/p>\n<ul>\n<li>Int\u00e9gration transparente avec le calendrier des \u00e9v\u00e9nements modernes<\/li>\n<li>Importation d&rsquo;\u00e9v\u00e9nements depuis diverses sources externes<\/li>\n<li>Prise en charge de plusieurs formats de fichiers<\/li>\n<li>Options de filtrage avanc\u00e9es pour une importation s\u00e9lective<\/li>\n<li>Importations planifi\u00e9es automatis\u00e9es<\/li>\n<li>Interface conviviale pour une navigation simplifi\u00e9e<\/li>\n<li>Possibilit\u00e9 de mapper les donn\u00e9es import\u00e9es aux champs de calendrier existants<\/li>\n<li>D\u00e9tection et gestion des doublons d&rsquo;\u00e9v\u00e9nements<\/li>\n<li>Param\u00e8tres d&rsquo;importation personnalisables pour des r\u00e9sultats sur mesure<\/li>\n<\/ul>\n","protected":false},"excerpt":{"rendered":"<p>D\u00e9couvrez l&rsquo;Importateur Avanc\u00e9 de Calendriers Modern Events, un outil puissant con\u00e7u pour simplifier la gestion de vos \u00e9v\u00e9nements. Importez facilement des \u00e9v\u00e9nements depuis diff\u00e9rentes plateformes, gagnez du temps et optimisez votre productivit\u00e9. Cet importateur avanc\u00e9 s&rsquo;int\u00e8gre parfaitement aux calendriers les plus courants, garantissant ainsi un planning toujours \u00e0 jour. Gr\u00e2ce \u00e0 ses fonctionnalit\u00e9s intuitives et \u00e0 son interface intuitive, il est id\u00e9al pour les entreprises et les organisateurs d&rsquo;\u00e9v\u00e9nements en qu\u00eate d&rsquo;efficacit\u00e9. Am\u00e9liorez votre exp\u00e9rience de planification d&rsquo;\u00e9v\u00e9nements, r\u00e9duisez le travail manuel et restez organis\u00e9 gr\u00e2ce \u00e0 l&rsquo;Importateur Avanc\u00e9 de Calendriers Modern Events. Que vous g\u00e9riez des \u00e9v\u00e9nements d&rsquo;entreprise ou des plannings personnels, cet outil est la solution id\u00e9ale pour une synchronisation et une gestion fluides de vos \u00e9v\u00e9nements.<\/p>\n","protected":false},"featured_media":147275,"comment_status":"open","ping_status":"open","template":"","meta":[],"product_brand":[2504],"product_cat":[1187,1181,1186],"product_tag":[1394],"class_list":{"0":"post-147257","1":"product","2":"type-product","3":"status-publish","4":"has-post-thumbnail","6":"product_brand-webnus","7":"product_cat-administration-wordpress-plugins","8":"product_cat-plugins","9":"product_cat-wordpress-plugins","10":"product_tag-webnus","11":"member-discount","12":"discount-restricted","14":"first","15":"instock","16":"sale","17":"downloadable","18":"virtual","19":"sold-individually","20":"purchasable","21":"product-type-simple"},"_links":{"self":[{"href":"https:\/\/gpl-love.com\/fr\/wp-json\/wp\/v2\/product\/147257","targetHints":{"allow":["GET"]}}],"collection":[{"href":"https:\/\/gpl-love.com\/fr\/wp-json\/wp\/v2\/product"}],"about":[{"href":"https:\/\/gpl-love.com\/fr\/wp-json\/wp\/v2\/types\/product"}],"replies":[{"embeddable":true,"href":"https:\/\/gpl-love.com\/fr\/wp-json\/wp\/v2\/comments?post=147257"}],"wp:featuredmedia":[{"embeddable":true,"href":"https:\/\/gpl-love.com\/fr\/wp-json\/wp\/v2\/media\/147275"}],"wp:attachment":[{"href":"https:\/\/gpl-love.com\/fr\/wp-json\/wp\/v2\/media?parent=147257"}],"wp:term":[{"taxonomy":"product_brand","embeddable":true,"href":"https:\/\/gpl-love.com\/fr\/wp-json\/wp\/v2\/product_brand?post=147257"},{"taxonomy":"product_cat","embeddable":true,"href":"https:\/\/gpl-love.com\/fr\/wp-json\/wp\/v2\/product_cat?post=147257"},{"taxonomy":"product_tag","embeddable":true,"href":"https:\/\/gpl-love.com\/fr\/wp-json\/wp\/v2\/product_tag?post=147257"}],"curies":[{"name":"wp","href":"https:\/\/api.w.org\/{rel}","templated":true}]}}