{"id":147256,"date":"2026-04-16T00:00:00","date_gmt":"2026-04-15T22:00:00","guid":{"rendered":"https:\/\/gpl-love.com\/fr\/produit\/modern-events-calendar-event-api\/"},"modified":"2026-04-17T00:32:24","modified_gmt":"2026-04-16T22:32:24","slug":"modern-events-calendar-event-api","status":"publish","type":"product","link":"https:\/\/gpl-love.com\/fr\/produit\/modern-events-calendar-event-api\/","title":{"rendered":"Modern Events Calendar Event API 1.4.0"},"content":{"rendered":"<h3>Modern Events Calendar Event API Traits<\/h3>\n<p>D\u00e9couvrez la puissance d&rsquo;une gestion d&rsquo;\u00e9v\u00e9nements fluide gr\u00e2ce \u00e0 l&rsquo;API Calendrier des \u00e9v\u00e9nements Modern Events. Con\u00e7ue pour le paysage num\u00e9rique dynamique d&rsquo;aujourd&rsquo;hui, cette API de pointe transforme votre fa\u00e7on d&rsquo;organiser et d&rsquo;afficher vos \u00e9v\u00e9nements. Gr\u00e2ce \u00e0 son interface intuitive, int\u00e9grer les donn\u00e9es des \u00e9v\u00e9nements \u00e0 votre site web n&rsquo;a jamais \u00e9t\u00e9 aussi simple. Que vous soyez un d\u00e9veloppeur cherchant \u00e0 am\u00e9liorer les fonctionnalit\u00e9s ou une entreprise souhaitant rationaliser ses op\u00e9rations, l&rsquo;API Calendrier des \u00e9v\u00e9nements Modern Events est la solution id\u00e9ale.<\/p>\n<p>Gardez une longueur d&rsquo;avance sur la concurrence gr\u00e2ce aux mises \u00e0 jour en temps r\u00e9el et \u00e0 la synchronisation automatis\u00e9e. L&rsquo;API Calendrier des \u00e9v\u00e9nements Modern Events garantit \u00e0 votre public un acc\u00e8s permanent aux derni\u00e8res informations sur les \u00e9v\u00e9nements, stimulant ainsi l&rsquo;engagement et la participation. Son architecture robuste prend en charge un large \u00e9ventail de plateformes, offrant une flexibilit\u00e9 et une \u00e9volutivit\u00e9 in\u00e9gal\u00e9es.<\/p>\n<p>Offrez \u00e0 vos utilisateurs une exp\u00e9rience fluide et interactive, leur permettant de parcourir les \u00e9v\u00e9nements en toute simplicit\u00e9. L&rsquo;API Calendrier des \u00e9v\u00e9nements Modern Events est con\u00e7ue pour \u00eatre \u00e0 la fois puissante et intuitive, et offre de nombreuses options de personnalisation pour s&rsquo;adapter au style unique de votre marque. Optimisez votre strat\u00e9gie de gestion d&rsquo;\u00e9v\u00e9nements d\u00e8s aujourd&rsquo;hui et constatez la diff\u00e9rence avec cette solution moderne.<\/p>\n<ul>\n<li>Int\u00e9gration transparente avec le calendrier des \u00e9v\u00e9nements modernes<\/li>\n<li>API compl\u00e8te pour la gestion des \u00e9v\u00e9nements<\/li>\n<li>Synchronisation des donn\u00e9es en temps r\u00e9el<\/li>\n<li>Prise en charge des champs d&rsquo;\u00e9v\u00e9nements et des m\u00e9tadonn\u00e9es personnalis\u00e9s<\/li>\n<li>Authentification et contr\u00f4le d&rsquo;acc\u00e8s s\u00e9curis\u00e9s<\/li>\n<li>Options de filtrage et de tri flexibles<\/li>\n<li>R\u00e9ponses API bas\u00e9es sur JSON<\/li>\n<li>Compatible avec les applications tierces<\/li>\n<li>Documentation d\u00e9taill\u00e9e et assistance aux d\u00e9veloppeurs<\/li>\n<li>\u00c9volutif pour les plateformes \u00e9v\u00e9nementielles \u00e0 volume \u00e9lev\u00e9<\/li>\n<\/ul>\n","protected":false},"excerpt":{"rendered":"<p>D\u00e9couvrez l&rsquo;API Calendrier \u00c9v\u00e9nements de Modern Events, une solution de pointe con\u00e7ue pour simplifier la gestion de vos \u00e9v\u00e9nements. Cette puissante API s&rsquo;int\u00e8gre parfaitement \u00e0 vos syst\u00e8mes existants, offrant des mises \u00e0 jour en temps r\u00e9el et des fonctionnalit\u00e9s am\u00e9lior\u00e9es. Gr\u00e2ce \u00e0 une synchronisation simplifi\u00e9e des donn\u00e9es, des affichages d&rsquo;\u00e9v\u00e9nements personnalisables et des protocoles de s\u00e9curit\u00e9 robustes, l&rsquo;API Calendrier \u00c9v\u00e9nements de Modern Events garantit une exp\u00e9rience utilisateur fluide. Id\u00e9ale pour les d\u00e9veloppeurs et les entreprises souhaitant optimiser leurs processus de planification et de gestion d&rsquo;\u00e9v\u00e9nements, cette API vous ouvre les portes d&rsquo;une solution de gestion d&rsquo;\u00e9v\u00e9nements plus efficace, r\u00e9active et conviviale. Optimisez votre strat\u00e9gie \u00e9v\u00e9nementielle d\u00e8s aujourd&rsquo;hui gr\u00e2ce \u00e0 notre technologie API de pointe.<\/p>\n","protected":false},"featured_media":147274,"comment_status":"open","ping_status":"open","template":"","meta":[],"product_brand":[2504],"product_cat":[1187,1181,1186],"product_tag":[1394],"class_list":{"0":"post-147256","1":"product","2":"type-product","3":"status-publish","4":"has-post-thumbnail","6":"product_brand-webnus","7":"product_cat-administration-wordpress-plugins","8":"product_cat-plugins","9":"product_cat-wordpress-plugins","10":"product_tag-webnus","11":"member-discount","12":"discount-restricted","14":"first","15":"instock","16":"sale","17":"downloadable","18":"virtual","19":"sold-individually","20":"purchasable","21":"product-type-simple"},"_links":{"self":[{"href":"https:\/\/gpl-love.com\/fr\/wp-json\/wp\/v2\/product\/147256","targetHints":{"allow":["GET"]}}],"collection":[{"href":"https:\/\/gpl-love.com\/fr\/wp-json\/wp\/v2\/product"}],"about":[{"href":"https:\/\/gpl-love.com\/fr\/wp-json\/wp\/v2\/types\/product"}],"replies":[{"embeddable":true,"href":"https:\/\/gpl-love.com\/fr\/wp-json\/wp\/v2\/comments?post=147256"}],"wp:featuredmedia":[{"embeddable":true,"href":"https:\/\/gpl-love.com\/fr\/wp-json\/wp\/v2\/media\/147274"}],"wp:attachment":[{"href":"https:\/\/gpl-love.com\/fr\/wp-json\/wp\/v2\/media?parent=147256"}],"wp:term":[{"taxonomy":"product_brand","embeddable":true,"href":"https:\/\/gpl-love.com\/fr\/wp-json\/wp\/v2\/product_brand?post=147256"},{"taxonomy":"product_cat","embeddable":true,"href":"https:\/\/gpl-love.com\/fr\/wp-json\/wp\/v2\/product_cat?post=147256"},{"taxonomy":"product_tag","embeddable":true,"href":"https:\/\/gpl-love.com\/fr\/wp-json\/wp\/v2\/product_tag?post=147256"}],"curies":[{"name":"wp","href":"https:\/\/api.w.org\/{rel}","templated":true}]}}