{"id":147255,"date":"2025-05-26T00:00:00","date_gmt":"2025-05-25T22:00:00","guid":{"rendered":"https:\/\/gpl-love.com\/fr\/produit\/wp-zone-divi-icon-party\/"},"modified":"2026-03-21T00:05:48","modified_gmt":"2026-03-20T23:05:48","slug":"wp-zone-divi-icon-party","status":"publish","type":"product","link":"https:\/\/gpl-love.com\/fr\/produit\/wp-zone-divi-icon-party\/","title":{"rendered":"WP Zone Divi Icon Party 1.1.12"},"content":{"rendered":"<h3>WP Zone Divi Icon Party Traits<\/h3>\n<p>D\u00e9couvrez Divi Icon Party de WP Zone\u00a0: l&rsquo;outil ultime pour sublimer le design de votre site web\u00a0! Envie d&rsquo;am\u00e9liorer votre site WordPress avec une touche de cr\u00e9ativit\u00e9\u00a0? C&rsquo;est l&rsquo;outil id\u00e9al. WP Zone, reconnu pour ses solutions innovantes, vous propose Divi Icon Party, une extension riche en fonctionnalit\u00e9s qui s&rsquo;int\u00e8gre parfaitement au th\u00e8me Divi.<\/p>\n<p>Avec Divi Icon Party, vos possibilit\u00e9s de design sont infinies. Que vous recherchiez un look professionnel et \u00e9l\u00e9gant ou une ambiance dynamique et ludique, cet outil est votre meilleur alli\u00e9. Profitez d&rsquo;une vaste collection d&rsquo;ic\u00f4nes pour tous les styles et toutes les pr\u00e9f\u00e9rences. Son interface intuitive vous permet de personnaliser et d&rsquo;int\u00e9grer facilement vos ic\u00f4nes.<\/p>\n<p>Pourquoi choisir Divi Icon Party de WP Zone\u00a0? Non seulement il offre une vaste biblioth\u00e8que d&rsquo;ic\u00f4nes, mais il am\u00e9liore \u00e9galement l&rsquo;engagement des utilisateurs et l&rsquo;attrait visuel. Id\u00e9al pour les designers, les d\u00e9veloppeurs et les passionn\u00e9s de WordPress, cet outil permet \u00e0 votre site de se d\u00e9marquer dans un univers num\u00e9rique encombr\u00e9.<\/p>\n<ul>\n<li>Vaste collection d&rsquo;ic\u00f4nes personnalis\u00e9es.<\/li>\n<li>Int\u00e9gration transparente avec Divi Builder.<\/li>\n<li>Ic\u00f4nes vectorielles haute r\u00e9solution pour une \u00e9volutivit\u00e9 optimale.<\/li>\n<li>Interface glisser-d\u00e9poser intuitive.<\/li>\n<li>Compatible avec tous les modules Divi.<\/li>\n<li>Mises \u00e0 jour r\u00e9guli\u00e8res avec de nouvelles ic\u00f4nes.<\/li>\n<li>L\u00e9ger et optimis\u00e9 pour les performances.<\/li>\n<li>Options de taille, de couleur et de style personnalisables.<\/li>\n<li>Prise en charge des effets de survol et des animations.<\/li>\n<\/ul>\n","protected":false},"excerpt":{"rendered":"<p>D\u00e9couvrez WP Zone Divi Icon Party, la solution ultime pour booster votre cr\u00e9ativit\u00e9 web design. Int\u00e9grez facilement des ic\u00f4nes uniques et personnalisables \u00e0 vos projets Divi. Notre vaste biblioth\u00e8que d&rsquo;ic\u00f4nes, con\u00e7ue pour la polyvalence, permet \u00e0 votre site de se d\u00e9marquer, stimulant l&rsquo;engagement et l&rsquo;attrait visuel. Am\u00e9liorez facilement l&rsquo;exp\u00e9rience utilisateur gr\u00e2ce \u00e0 un placement intuitif des ic\u00f4nes et des options de personnalisation. Id\u00e9al pour les designers \u00e0 la recherche d&rsquo;\u00e9l\u00e9ments dynamiques et r\u00e9actifs. Lib\u00e9rez votre cr\u00e9ativit\u00e9 avec WP Zone Divi Icon Party et transformez votre pr\u00e9sence num\u00e9rique d\u00e8s aujourd&rsquo;hui\u00a0!<\/p>\n","protected":false},"featured_media":147273,"comment_status":"open","ping_status":"open","template":"","meta":[],"product_brand":[2634],"product_cat":[1189,1181,1186],"product_tag":[2326],"class_list":{"0":"post-147255","1":"product","2":"type-product","3":"status-publish","4":"has-post-thumbnail","6":"product_brand-wp-zone","7":"product_cat-personnalisation","8":"product_cat-plugins","9":"product_cat-wordpress-plugins","10":"product_tag-wp-zone","11":"member-discount","12":"discount-restricted","14":"first","15":"instock","16":"sale","17":"downloadable","18":"virtual","19":"sold-individually","20":"purchasable","21":"product-type-simple"},"_links":{"self":[{"href":"https:\/\/gpl-love.com\/fr\/wp-json\/wp\/v2\/product\/147255","targetHints":{"allow":["GET"]}}],"collection":[{"href":"https:\/\/gpl-love.com\/fr\/wp-json\/wp\/v2\/product"}],"about":[{"href":"https:\/\/gpl-love.com\/fr\/wp-json\/wp\/v2\/types\/product"}],"replies":[{"embeddable":true,"href":"https:\/\/gpl-love.com\/fr\/wp-json\/wp\/v2\/comments?post=147255"}],"wp:featuredmedia":[{"embeddable":true,"href":"https:\/\/gpl-love.com\/fr\/wp-json\/wp\/v2\/media\/147273"}],"wp:attachment":[{"href":"https:\/\/gpl-love.com\/fr\/wp-json\/wp\/v2\/media?parent=147255"}],"wp:term":[{"taxonomy":"product_brand","embeddable":true,"href":"https:\/\/gpl-love.com\/fr\/wp-json\/wp\/v2\/product_brand?post=147255"},{"taxonomy":"product_cat","embeddable":true,"href":"https:\/\/gpl-love.com\/fr\/wp-json\/wp\/v2\/product_cat?post=147255"},{"taxonomy":"product_tag","embeddable":true,"href":"https:\/\/gpl-love.com\/fr\/wp-json\/wp\/v2\/product_tag?post=147255"}],"curies":[{"name":"wp","href":"https:\/\/api.w.org\/{rel}","templated":true}]}}