{"id":147254,"date":"2026-04-10T00:00:00","date_gmt":"2026-04-09T22:00:00","guid":{"rendered":"https:\/\/gpl-love.com\/fr\/produit\/paid-memberships-pro-group-accounts\/"},"modified":"2026-04-10T18:51:14","modified_gmt":"2026-04-10T16:51:14","slug":"paid-memberships-pro-group-accounts","status":"publish","type":"product","link":"https:\/\/gpl-love.com\/fr\/produit\/paid-memberships-pro-group-accounts\/","title":{"rendered":"Paid Memberships Pro Group Accounts 1.5.2"},"content":{"rendered":"<h3>Paid Memberships Pro Group Accounts Traits<\/h3>\n<p>Lib\u00e9rez tout le potentiel de votre organisation avec les comptes de groupe Pro d&rsquo;adh\u00e9sion payante\u00a0! Notre solution d&rsquo;adh\u00e9sion innovante est con\u00e7ue pour les entreprises, les clubs et les collectivit\u00e9s souhaitant g\u00e9rer plusieurs comptes membres sous une m\u00eame enseigne. Avec les comptes de groupe, rationalisez la gestion, simplifiez la facturation et am\u00e9liorez l&rsquo;engagement des membres, le tout sur une seule plateforme.<\/p>\n<p>Imaginez pouvoir contr\u00f4ler facilement l&rsquo;exp\u00e9rience d&rsquo;adh\u00e9sion de votre groupe. Les comptes de groupe Pro d&rsquo;adh\u00e9sion payante vous permettent d&rsquo;ajouter ou de supprimer des membres facilement, de personnaliser les niveaux d&rsquo;acc\u00e8s et de suivre l&rsquo;activit\u00e9 du groupe en temps r\u00e9el. Que vous g\u00e9riez une \u00e9quipe sportive, un groupe d&rsquo;entreprise ou un club social, notre plateforme s&rsquo;adapte \u00e0 vos besoins sp\u00e9cifiques.<\/p>\n<p>Notre interface conviviale garantit une exp\u00e9rience fluide pour les administrateurs et les membres. Profitez de la flexibilit\u00e9 des formules d&rsquo;adh\u00e9sion personnalisables, des renouvellements automatiques et des rapports d\u00e9taill\u00e9s. De plus, notre \u00e9quipe d&rsquo;assistance performante est toujours l\u00e0 pour vous aider.<\/p>\n<p>Transformez d\u00e8s aujourd&rsquo;hui votre gestion des adh\u00e9sions avec les comptes de groupe Pro d&rsquo;adh\u00e9sion payante. Faites la diff\u00e9rence en termes d&rsquo;efficacit\u00e9 et de satisfaction.<\/p>\n<ul>\n<li>Permet la cr\u00e9ation d&rsquo;adh\u00e9sions \u00e0 des groupes regroupant plusieurs membres sous un m\u00eame compte.<\/li>\n<li>Fournit un syst\u00e8me de facturation centralis\u00e9 pour les responsables de groupe.<\/li>\n<li>Propose des r\u00f4les et des autorisations de groupe personnalisables.<\/li>\n<li>Permet aux responsables de groupe de g\u00e9rer leurs propres membres.<\/li>\n<li>Prend en charge diff\u00e9rents niveaux d&rsquo;adh\u00e9sion pour diff\u00e9rents groupes.<\/li>\n<li>Int\u00e9gration aux passerelles de paiement courantes pour des transactions simplifi\u00e9es.<\/li>\n<li>Inclut des rapports et des analyses sur les activit\u00e9s de groupe.<\/li>\n<li>Propose des options de communication et de notifications de groupe.<\/li>\n<li>Offre une int\u00e9gration transparente avec les sites WordPress.<\/li>\n<\/ul>\n","protected":false},"excerpt":{"rendered":"<p>B\u00e9n\u00e9ficiez d&rsquo;une gestion fluide et d&rsquo;avantages exclusifs avec les comptes de groupe Paid Memberships Pro. Con\u00e7u pour les organisations, cet outil performant simplifie la gestion des membres et propose des fonctionnalit\u00e9s personnalisables adapt\u00e9es \u00e0 vos besoins sp\u00e9cifiques. Am\u00e9liorez l&rsquo;exp\u00e9rience de votre groupe gr\u00e2ce \u00e0 des niveaux d&rsquo;acc\u00e8s progressifs, une facturation automatis\u00e9e et des analyses approfondies. G\u00e9rez vos abonnements en toute simplicit\u00e9 et b\u00e9n\u00e9ficiez d&rsquo;une assistance prioritaire pour un fonctionnement fluide et efficace. Avec Paid Memberships Pro, optimisez le potentiel de votre groupe et simplifiez les interactions avec vos membres. D\u00e9couvrez d\u00e8s aujourd&rsquo;hui une flexibilit\u00e9 et un contr\u00f4le optimaux\u00a0!<\/p>\n","protected":false},"featured_media":147272,"comment_status":"open","ping_status":"open","template":"","meta":[],"product_brand":[2620],"product_cat":[1189,1181,1186],"product_tag":[2307],"class_list":{"0":"post-147254","1":"product","2":"type-product","3":"status-publish","4":"has-post-thumbnail","6":"product_brand-paid-memberships-pro","7":"product_cat-personnalisation","8":"product_cat-plugins","9":"product_cat-wordpress-plugins","10":"product_tag-paid-memberships-pro","11":"member-discount","12":"discount-restricted","14":"first","15":"instock","16":"sale","17":"downloadable","18":"virtual","19":"sold-individually","20":"purchasable","21":"product-type-simple"},"_links":{"self":[{"href":"https:\/\/gpl-love.com\/fr\/wp-json\/wp\/v2\/product\/147254","targetHints":{"allow":["GET"]}}],"collection":[{"href":"https:\/\/gpl-love.com\/fr\/wp-json\/wp\/v2\/product"}],"about":[{"href":"https:\/\/gpl-love.com\/fr\/wp-json\/wp\/v2\/types\/product"}],"replies":[{"embeddable":true,"href":"https:\/\/gpl-love.com\/fr\/wp-json\/wp\/v2\/comments?post=147254"}],"wp:featuredmedia":[{"embeddable":true,"href":"https:\/\/gpl-love.com\/fr\/wp-json\/wp\/v2\/media\/147272"}],"wp:attachment":[{"href":"https:\/\/gpl-love.com\/fr\/wp-json\/wp\/v2\/media?parent=147254"}],"wp:term":[{"taxonomy":"product_brand","embeddable":true,"href":"https:\/\/gpl-love.com\/fr\/wp-json\/wp\/v2\/product_brand?post=147254"},{"taxonomy":"product_cat","embeddable":true,"href":"https:\/\/gpl-love.com\/fr\/wp-json\/wp\/v2\/product_cat?post=147254"},{"taxonomy":"product_tag","embeddable":true,"href":"https:\/\/gpl-love.com\/fr\/wp-json\/wp\/v2\/product_tag?post=147254"}],"curies":[{"name":"wp","href":"https:\/\/api.w.org\/{rel}","templated":true}]}}