{"id":147253,"date":"2026-04-10T00:00:00","date_gmt":"2026-04-09T22:00:00","guid":{"rendered":"https:\/\/gpl-love.com\/fr\/produit\/voxel-wordpress-theme\/"},"modified":"2026-04-10T18:51:13","modified_gmt":"2026-04-10T16:51:13","slug":"voxel-wordpress-theme","status":"publish","type":"product","link":"https:\/\/gpl-love.com\/fr\/produit\/voxel-wordpress-theme\/","title":{"rendered":"Voxel Wordpress Theme 1.7.7.4"},"content":{"rendered":"<h3>Voxel Wordpress Theme Traits<\/h3>\n<p>D\u00e9couvrez le th\u00e8me WordPress Voxel, la solution id\u00e9ale pour cr\u00e9er facilement des sites web r\u00e9actifs et \u00e9poustouflants. Con\u00e7u pour les cr\u00e9atifs comme pour les professionnels, ce th\u00e8me allie fonctionnalit\u00e9 et esth\u00e9tique. Personnalisez facilement les mises en page, les couleurs et les polices pour refl\u00e9ter l&rsquo;identit\u00e9 unique de votre marque.<\/p>\n<p>Voxel regorge de fonctionnalit\u00e9s qui en font un choix id\u00e9al pour tous ceux qui souhaitent d\u00e9velopper une pr\u00e9sence en ligne percutante. Profitez de la simplicit\u00e9 du glisser-d\u00e9poser gr\u00e2ce au g\u00e9n\u00e9rateur de pages int\u00e9gr\u00e9, qui vous permet de cr\u00e9er de magnifiques pages sans aucune connaissance en codage. Son design r\u00e9actif garantit un affichage parfait sur tous les appareils, am\u00e9liorant ainsi l&rsquo;exp\u00e9rience utilisateur et les performances SEO.<\/p>\n<p>Ce th\u00e8me WordPress est optimis\u00e9 pour la vitesse, garantissant des temps de chargement rapides pour fid\u00e9liser les visiteurs. Il est \u00e9galement compatible avec WooCommerce, ce qui le rend id\u00e9al pour la cr\u00e9ation d&rsquo;une boutique en ligne. Gr\u00e2ce aux outils SEO int\u00e9gr\u00e9s, vous pouvez am\u00e9liorer la visibilit\u00e9 de votre site sur les moteurs de recherche et attirer ainsi davantage de visiteurs et de clients potentiels.<\/p>\n<ul>\n<li>Design adaptatif pour un affichage fluide sur tous les appareils<\/li>\n<li>Options de mise en page personnalisables pour un design de site unique<\/li>\n<li>Optimisation SEO pour un meilleur classement dans les moteurs de recherche<\/li>\n<li>Cr\u00e9ation de pages par glisser-d\u00e9poser pour une personnalisation facile<\/li>\n<li>Int\u00e9gration avec des plugins populaires comme WooCommerce et Contact Form 7<\/li>\n<li>Plusieurs mod\u00e8les pr\u00e9d\u00e9finis pour une configuration rapide<\/li>\n<li>Options typographiques avanc\u00e9es pour un style personnalis\u00e9<\/li>\n<li>Fonctionnalit\u00e9s de partage int\u00e9gr\u00e9es sur les r\u00e9seaux sociaux<\/li>\n<li>Compatible Retina pour les \u00e9crans haute r\u00e9solution<\/li>\n<\/ul>\n","protected":false},"excerpt":{"rendered":"<p>D\u00e9couvrez Voxel, le th\u00e8me WordPress ultime, con\u00e7u pour la cr\u00e9ativit\u00e9 et la fonctionnalit\u00e9. Id\u00e9al pour les blogueurs, les entreprises et les designers, Voxel allie une esth\u00e9tique \u00e9pur\u00e9e \u00e0 des fonctionnalit\u00e9s puissantes pour optimiser votre pr\u00e9sence en ligne. Avec ses mises en page personnalisables, son design r\u00e9actif et son int\u00e9gration fluide, ce th\u00e8me garantit un site web exceptionnel sur tous les appareils. Boostez votre r\u00e9f\u00e9rencement naturel sans effort gr\u00e2ce \u00e0 la structure optimis\u00e9e de Voxel, tout en profitant d&rsquo;outils intuitifs qui simplifient la gestion de votre site. Transformez votre site avec Voxel et captivez votre audience d\u00e8s aujourd&rsquo;hui.<\/p>\n","protected":false},"featured_media":147271,"comment_status":"open","ping_status":"open","template":"","meta":[],"product_brand":[2822],"product_cat":[1214,1212,1213],"product_tag":[2823],"class_list":{"0":"post-147253","1":"product","2":"type-product","3":"status-publish","4":"has-post-thumbnail","6":"product_brand-27-collective","7":"product_cat-polyvalent","8":"product_cat-themes","9":"product_cat-wordpress-themes","10":"product_tag-27-collective","11":"member-discount","12":"discount-restricted","14":"first","15":"instock","16":"sale","17":"downloadable","18":"virtual","19":"sold-individually","20":"purchasable","21":"product-type-simple"},"_links":{"self":[{"href":"https:\/\/gpl-love.com\/fr\/wp-json\/wp\/v2\/product\/147253","targetHints":{"allow":["GET"]}}],"collection":[{"href":"https:\/\/gpl-love.com\/fr\/wp-json\/wp\/v2\/product"}],"about":[{"href":"https:\/\/gpl-love.com\/fr\/wp-json\/wp\/v2\/types\/product"}],"replies":[{"embeddable":true,"href":"https:\/\/gpl-love.com\/fr\/wp-json\/wp\/v2\/comments?post=147253"}],"wp:featuredmedia":[{"embeddable":true,"href":"https:\/\/gpl-love.com\/fr\/wp-json\/wp\/v2\/media\/147271"}],"wp:attachment":[{"href":"https:\/\/gpl-love.com\/fr\/wp-json\/wp\/v2\/media?parent=147253"}],"wp:term":[{"taxonomy":"product_brand","embeddable":true,"href":"https:\/\/gpl-love.com\/fr\/wp-json\/wp\/v2\/product_brand?post=147253"},{"taxonomy":"product_cat","embeddable":true,"href":"https:\/\/gpl-love.com\/fr\/wp-json\/wp\/v2\/product_cat?post=147253"},{"taxonomy":"product_tag","embeddable":true,"href":"https:\/\/gpl-love.com\/fr\/wp-json\/wp\/v2\/product_tag?post=147253"}],"curies":[{"name":"wp","href":"https:\/\/api.w.org\/{rel}","templated":true}]}}