{"id":147251,"date":"2026-01-23T00:00:00","date_gmt":"2026-01-22T23:00:00","guid":{"rendered":"https:\/\/gpl-love.com\/fr\/produit\/woocommerce-perfect-brands-woocommerce-pro\/"},"modified":"2026-03-21T00:05:45","modified_gmt":"2026-03-20T23:05:45","slug":"woocommerce-perfect-brands-woocommerce-pro","status":"publish","type":"product","link":"https:\/\/gpl-love.com\/fr\/produit\/woocommerce-perfect-brands-woocommerce-pro\/","title":{"rendered":"WooCommerce Perfect Brands WooCommerce Pro 3.5.1"},"content":{"rendered":"<h3>WooCommerce Perfect Brands WooCommerce Pro Traits<\/h3>\n<p>D\u00e9couvrez WooCommerce Perfect Brands, la solution ultime pour am\u00e9liorer l&rsquo;exp\u00e9rience de marque de votre boutique en ligne. Int\u00e9grez-la parfaitement \u00e0 WooCommerce Pro pour sublimer votre boutique en ligne et captiver vos clients. Avec WooCommerce Perfect Brands, pr\u00e9sentez vos produits avec style et facilitez l&rsquo;exploration et l&rsquo;interaction avec vos marques pr\u00e9f\u00e9r\u00e9es.<\/p>\n<p>Ce puissant plugin vous permet de cr\u00e9er une pr\u00e9sentation visuellement attrayante et organis\u00e9e de vos marques, renfor\u00e7ant ainsi la confiance et l&rsquo;engagement de vos clients. Que vous soyez une petite entreprise ou un grand d\u00e9taillant, WooCommerce Perfect Brands est con\u00e7u pour s&rsquo;adapter \u00e0 vos besoins. Son interface intuitive vous permet de g\u00e9rer et de mettre \u00e0 jour facilement votre catalogue de marques, pour une boutique toujours actuelle et pertinente.<\/p>\n<p>Exploitez les fonctionnalit\u00e9s avanc\u00e9es de WooCommerce Pro pour optimiser les performances de votre boutique et booster vos conversions. La synergie entre WooCommerce Perfect Brands et WooCommerce Pro offre une exp\u00e9rience d&rsquo;achat fluide et encourage les visites et les achats r\u00e9p\u00e9t\u00e9s. Am\u00e9liorez la visibilit\u00e9 de votre boutique gr\u00e2ce \u00e0 des outils SEO int\u00e9gr\u00e9s, garantissant que vos produits atteignent le bon public.<\/p>\n<ul>\n<li>Int\u00e9gration transparente avec WooCommerce<\/li>\n<li>Logos et banni\u00e8res de marque personnalisables<\/li>\n<li>Options de filtrage de marque avanc\u00e9es<\/li>\n<li>Fonctionnalit\u00e9 de recherche de marque am\u00e9lior\u00e9e<\/li>\n<li>Vitrines de produits sp\u00e9cifiques \u00e0 la marque<\/li>\n<li>Pages de marque optimis\u00e9es pour le r\u00e9f\u00e9rencement<\/li>\n<li>Tableau de bord de gestion de marque simplifi\u00e9<\/li>\n<li>Compatible avec les th\u00e8mes WooCommerce populaires<\/li>\n<li>Design adapt\u00e9 aux mobiles<\/li>\n<\/ul>\n","protected":false},"excerpt":{"rendered":"<p>D\u00e9couvrez la solution id\u00e9ale pour mettre en valeur vos produits avec WooCommerce Perfect Brands WooCommerce Pro. Ce puissant plugin optimise votre boutique en ligne en int\u00e9grant parfaitement des fonctionnalit\u00e9s de gestion de marque, renfor\u00e7ant ainsi le professionnalisme de votre site. Gr\u00e2ce \u00e0 une personnalisation intuitive, il vous permet de mettre en avant vos marques cl\u00e9s, d&rsquo;am\u00e9liorer l&rsquo;engagement client et de booster vos ventes. Id\u00e9al pour les entreprises de toutes tailles, il offre des outils avanc\u00e9s pour optimiser vos fiches produits pour le r\u00e9f\u00e9rencement et garantir une meilleure visibilit\u00e9. D\u00e9couvrez l&rsquo;alliance parfaite entre fonctionnalit\u00e9 et style avec WooCommerce Perfect Brands WooCommerce Pro et transformez votre boutique en ligne en un v\u00e9ritable moteur de marque.<\/p>\n","protected":false},"featured_media":147269,"comment_status":"open","ping_status":"open","template":"","meta":[],"product_brand":[2440],"product_cat":[1182,1223,1181],"product_tag":[1398],"class_list":{"0":"post-147251","1":"product","2":"type-product","3":"status-publish","4":"has-post-thumbnail","6":"product_brand-woocommerce","7":"product_cat-commerce-electronique-plugins","8":"product_cat-personnalisation-commerce-electronique-plugins","9":"product_cat-plugins","10":"product_tag-woocommerce","11":"member-discount","12":"discount-restricted","14":"first","15":"instock","16":"sale","17":"downloadable","18":"virtual","19":"sold-individually","20":"purchasable","21":"product-type-simple"},"_links":{"self":[{"href":"https:\/\/gpl-love.com\/fr\/wp-json\/wp\/v2\/product\/147251","targetHints":{"allow":["GET"]}}],"collection":[{"href":"https:\/\/gpl-love.com\/fr\/wp-json\/wp\/v2\/product"}],"about":[{"href":"https:\/\/gpl-love.com\/fr\/wp-json\/wp\/v2\/types\/product"}],"replies":[{"embeddable":true,"href":"https:\/\/gpl-love.com\/fr\/wp-json\/wp\/v2\/comments?post=147251"}],"wp:featuredmedia":[{"embeddable":true,"href":"https:\/\/gpl-love.com\/fr\/wp-json\/wp\/v2\/media\/147269"}],"wp:attachment":[{"href":"https:\/\/gpl-love.com\/fr\/wp-json\/wp\/v2\/media?parent=147251"}],"wp:term":[{"taxonomy":"product_brand","embeddable":true,"href":"https:\/\/gpl-love.com\/fr\/wp-json\/wp\/v2\/product_brand?post=147251"},{"taxonomy":"product_cat","embeddable":true,"href":"https:\/\/gpl-love.com\/fr\/wp-json\/wp\/v2\/product_cat?post=147251"},{"taxonomy":"product_tag","embeddable":true,"href":"https:\/\/gpl-love.com\/fr\/wp-json\/wp\/v2\/product_tag?post=147251"}],"curies":[{"name":"wp","href":"https:\/\/api.w.org\/{rel}","templated":true}]}}