{"id":147250,"date":"2025-09-29T00:00:00","date_gmt":"2025-09-28T22:00:00","guid":{"rendered":"https:\/\/gpl-love.com\/fr\/produit\/wp-activity-log\/"},"modified":"2026-03-21T00:05:43","modified_gmt":"2026-03-20T23:05:43","slug":"wp-activity-log","status":"publish","type":"product","link":"https:\/\/gpl-love.com\/fr\/produit\/wp-activity-log\/","title":{"rendered":"WP Activity Log 5.5.1"},"content":{"rendered":"<h3>WP Activity Log Traits<\/h3>\n<p>D\u00e9couvrez l&rsquo;outil ultime pour les utilisateurs WordPress\u00a0: WP Activity Log. Cette extension compl\u00e8te est la solution id\u00e9ale pour surveiller et enregistrer en temps r\u00e9el toutes les activit\u00e9s de votre site WordPress. Que vous soyez blogueur ind\u00e9pendant ou que vous g\u00e9riez une plateforme e-commerce dynamique, WP Activity Log garantit la s\u00e9curit\u00e9 et le bon fonctionnement de votre site.<\/p>\n<p>Avec WP Activity Log, suivez facilement les activit\u00e9s des utilisateurs, les modifications de contenu et les mises \u00e0 jour des extensions. Recevez des notifications instantan\u00e9es en cas de modifications critiques, vous aidant ainsi \u00e0 pr\u00e9venir les failles de s\u00e9curit\u00e9 potentielles. Son interface intuitive permet \u00e0 chacun de parcourir facilement les journaux complets et de g\u00e9n\u00e9rer des rapports pertinents.<\/p>\n<p>Con\u00e7u pour optimiser les performances, WP Activity Log ne ralentira pas votre site. Ses fonctionnalit\u00e9s puissantes incluent des journaux d&rsquo;audit d\u00e9taill\u00e9s, la gestion des sessions utilisateur et des alertes personnalisables, ce qui en fait le choix privil\u00e9gi\u00e9 des administrateurs de sites WordPress.<\/p>\n<p>Prot\u00e9gez votre site WordPress avec WP Activity Log et ayez l&rsquo;esprit tranquille en sachant que vous disposez du meilleur outil de surveillance d&rsquo;activit\u00e9 disponible.<\/p>\n<ul>\n<li>Surveillance en temps r\u00e9el de l&rsquo;activit\u00e9 des utilisateurs WordPress<\/li>\n<li>Journaux d&rsquo;audit d\u00e9taill\u00e9s pour le suivi des modifications et des mises \u00e0 jour<\/li>\n<li>Alertes et notifications personnalisables<\/li>\n<li>Interface conviviale avec navigation ais\u00e9e<\/li>\n<li>Int\u00e9gration avec des plugins et services tiers<\/li>\n<li>Contr\u00f4les d&rsquo;acc\u00e8s bas\u00e9s sur les r\u00f4les pour une s\u00e9curit\u00e9 renforc\u00e9e<\/li>\n<li>Outils complets de reporting et d&rsquo;analyse<\/li>\n<li>Prise en charge des r\u00e9seaux WordPress multisites<\/li>\n<li>Journaux d&rsquo;audit conformes au RGPD<\/li>\n<\/ul>\n","protected":false},"excerpt":{"rendered":"<p>D\u00e9couvrez WP Activity Log, la solution ultime pour la s\u00e9curit\u00e9 et la gestion de WordPress. Con\u00e7ue pour les administrateurs de sites web, cette puissante extension offre un suivi complet de l&rsquo;activit\u00e9, garantissant la s\u00e9curit\u00e9 et l&rsquo;efficacit\u00e9 de votre site. Avec WP Activity Log, surveillez les actions des utilisateurs, d\u00e9tectez les activit\u00e9s suspectes et maintenez une piste d&rsquo;audit d\u00e9taill\u00e9e en toute simplicit\u00e9. Am\u00e9liorez les performances de votre site en identifiant rapidement les probl\u00e8mes potentiels et profitez d&rsquo;une int\u00e9gration fluide avec les outils WordPress les plus populaires. Id\u00e9al pour les \u00e9quipes comme pour les administrateurs individuels, WP Activity Log offre tranquillit\u00e9 d&rsquo;esprit et contr\u00f4le. Commencez d\u00e8s aujourd&rsquo;hui et transformez votre exp\u00e9rience de s\u00e9curit\u00e9 WordPress gr\u00e2ce \u00e0 cet outil indispensable.<\/p>\n","protected":false},"featured_media":0,"comment_status":"open","ping_status":"open","template":"","meta":[],"product_brand":[2820],"product_cat":[1187,1181,1186],"product_tag":[2821],"class_list":{"0":"post-147250","1":"product","2":"type-product","3":"status-publish","5":"product_brand-melapress","6":"product_cat-administration-wordpress-plugins","7":"product_cat-plugins","8":"product_cat-wordpress-plugins","9":"product_tag-melapress","10":"member-discount","11":"discount-restricted","13":"first","14":"instock","15":"sale","16":"downloadable","17":"virtual","18":"sold-individually","19":"purchasable","20":"product-type-simple"},"_links":{"self":[{"href":"https:\/\/gpl-love.com\/fr\/wp-json\/wp\/v2\/product\/147250","targetHints":{"allow":["GET"]}}],"collection":[{"href":"https:\/\/gpl-love.com\/fr\/wp-json\/wp\/v2\/product"}],"about":[{"href":"https:\/\/gpl-love.com\/fr\/wp-json\/wp\/v2\/types\/product"}],"replies":[{"embeddable":true,"href":"https:\/\/gpl-love.com\/fr\/wp-json\/wp\/v2\/comments?post=147250"}],"wp:attachment":[{"href":"https:\/\/gpl-love.com\/fr\/wp-json\/wp\/v2\/media?parent=147250"}],"wp:term":[{"taxonomy":"product_brand","embeddable":true,"href":"https:\/\/gpl-love.com\/fr\/wp-json\/wp\/v2\/product_brand?post=147250"},{"taxonomy":"product_cat","embeddable":true,"href":"https:\/\/gpl-love.com\/fr\/wp-json\/wp\/v2\/product_cat?post=147250"},{"taxonomy":"product_tag","embeddable":true,"href":"https:\/\/gpl-love.com\/fr\/wp-json\/wp\/v2\/product_tag?post=147250"}],"curies":[{"name":"wp","href":"https:\/\/api.w.org\/{rel}","templated":true}]}}