{"id":147243,"date":"2025-06-24T00:00:00","date_gmt":"2025-06-23T22:00:00","guid":{"rendered":"https:\/\/gpl-love.com\/fr\/produit\/himalayas-pro\/"},"modified":"2026-03-21T00:05:40","modified_gmt":"2026-03-20T23:05:40","slug":"himalayas-pro","status":"publish","type":"product","link":"https:\/\/gpl-love.com\/fr\/produit\/himalayas-pro\/","title":{"rendered":"Himalayas Pro 2.2.10"},"content":{"rendered":"<h3>Himalayas Pro Traits<\/h3>\n<p>D\u00e9couvrez le th\u00e8me WordPress Himalayas Pro, une solution exceptionnelle pour cr\u00e9er un site web moderne et professionnel. Parfaitement con\u00e7u pour les blogueurs, les entrepreneurs et les entreprises, ce th\u00e8me allie \u00e9l\u00e9gance et fonctionnalit\u00e9 pour booster votre pr\u00e9sence en ligne.<\/p>\n<p>Avec le th\u00e8me WordPress Himalayas Pro, personnalisez facilement l&rsquo;apparence de votre site gr\u00e2ce \u00e0 son outil de cr\u00e9ation intuitif par glisser-d\u00e9poser. Enti\u00e8rement responsive, ce th\u00e8me garantit un affichage impeccable sur tous les appareils, des ordinateurs aux smartphones. Son design optimis\u00e9 pour le r\u00e9f\u00e9rencement naturel (SEO) am\u00e9liore votre classement dans les moteurs de recherche et g\u00e9n\u00e8re ainsi davantage de trafic.<\/p>\n<p>Profitez d&rsquo;une multitude de fonctionnalit\u00e9s, notamment de multiples options de mise en page, de widgets personnalis\u00e9s et d&rsquo;un choix illimit\u00e9 de couleurs, pour personnaliser votre site web et l&rsquo;adapter au style unique de votre marque. Le th\u00e8me WordPress Himalayas Pro est \u00e9galement compatible avec WooCommerce, ce qui simplifie la cr\u00e9ation d&rsquo;une boutique en ligne et vous permet de vendre vos produits imm\u00e9diatement.<\/p>\n<ul>\n<li>Design r\u00e9actif pour une visualisation optimale sur tous les appareils<\/li>\n<li>Optimis\u00e9 SEO pour am\u00e9liorer le classement dans les moteurs de recherche<\/li>\n<li>Mise en page personnalisable avec plusieurs mod\u00e8les et options de page<\/li>\n<li>Int\u00e9gration aux plugins WordPress populaires pour des fonctionnalit\u00e9s \u00e9tendues<\/li>\n<li>Performances \u00e9lev\u00e9es et chargement rapide pour une exp\u00e9rience utilisateur fluide<\/li>\n<li>Prise en charge int\u00e9gr\u00e9e du e-commerce avec compatibilit\u00e9 WooCommerce<\/li>\n<li>Options typographiques avanc\u00e9es pour un style personnalis\u00e9<\/li>\n<li>Pr\u00eat \u00e0 traduire avec prise en charge multilingue<\/li>\n<li>Panneau d&rsquo;options de th\u00e8me facile \u00e0 utiliser pour une personnalisation rapide<\/li>\n<\/ul>\n","protected":false},"excerpt":{"rendered":"<p>D\u00e9couvrez le th\u00e8me WordPress Himalayas Pro, la solution id\u00e9ale pour cr\u00e9er facilement des sites web attrayants et responsive. Id\u00e9al pour les blogueurs, les entreprises et les cr\u00e9atifs, ce th\u00e8me offre une personnalisation fluide, des temps de chargement rapides et une optimisation SEO exceptionnelle. Gr\u00e2ce \u00e0 son interface intuitive, le th\u00e8me WordPress Himalayas Pro garantit une navigation fluide et une exp\u00e9rience visuellement attrayante sur tous les appareils. Optimisez votre pr\u00e9sence en ligne gr\u00e2ce \u00e0 des mises en page \u00e9poustouflantes et des fonctionnalit\u00e9s avanc\u00e9es qui r\u00e9pondent \u00e0 vos besoins sp\u00e9cifiques. Que vous soyez d\u00e9butant ou expert, ce th\u00e8me vous permet de cr\u00e9er un site web professionnel qui se d\u00e9marque. D\u00e9couvrez le summum du web design avec le th\u00e8me WordPress Himalayas Pro d\u00e8s aujourd&rsquo;hui.<\/p>\n","protected":false},"featured_media":147244,"comment_status":"open","ping_status":"open","template":"","meta":[],"product_brand":[2819],"product_cat":[1214,1212,1213],"product_tag":[2217],"class_list":{"0":"post-147243","1":"product","2":"type-product","3":"status-publish","4":"has-post-thumbnail","6":"product_brand-themegrill","7":"product_cat-polyvalent","8":"product_cat-themes","9":"product_cat-wordpress-themes","10":"product_tag-themegrill","11":"member-discount","12":"discount-restricted","14":"first","15":"instock","16":"sale","17":"downloadable","18":"virtual","19":"sold-individually","20":"purchasable","21":"product-type-simple"},"_links":{"self":[{"href":"https:\/\/gpl-love.com\/fr\/wp-json\/wp\/v2\/product\/147243","targetHints":{"allow":["GET"]}}],"collection":[{"href":"https:\/\/gpl-love.com\/fr\/wp-json\/wp\/v2\/product"}],"about":[{"href":"https:\/\/gpl-love.com\/fr\/wp-json\/wp\/v2\/types\/product"}],"replies":[{"embeddable":true,"href":"https:\/\/gpl-love.com\/fr\/wp-json\/wp\/v2\/comments?post=147243"}],"wp:featuredmedia":[{"embeddable":true,"href":"https:\/\/gpl-love.com\/fr\/wp-json\/wp\/v2\/media\/147244"}],"wp:attachment":[{"href":"https:\/\/gpl-love.com\/fr\/wp-json\/wp\/v2\/media?parent=147243"}],"wp:term":[{"taxonomy":"product_brand","embeddable":true,"href":"https:\/\/gpl-love.com\/fr\/wp-json\/wp\/v2\/product_brand?post=147243"},{"taxonomy":"product_cat","embeddable":true,"href":"https:\/\/gpl-love.com\/fr\/wp-json\/wp\/v2\/product_cat?post=147243"},{"taxonomy":"product_tag","embeddable":true,"href":"https:\/\/gpl-love.com\/fr\/wp-json\/wp\/v2\/product_tag?post=147243"}],"curies":[{"name":"wp","href":"https:\/\/api.w.org\/{rel}","templated":true}]}}