{"id":147241,"date":"2025-05-23T00:00:00","date_gmt":"2025-05-22T22:00:00","guid":{"rendered":"https:\/\/gpl-love.com\/fr\/produit\/colornews-pro\/"},"modified":"2026-03-21T00:05:39","modified_gmt":"2026-03-20T23:05:39","slug":"colornews-pro","status":"publish","type":"product","link":"https:\/\/gpl-love.com\/fr\/produit\/colornews-pro\/","title":{"rendered":"ColorNews Pro 2.2.7"},"content":{"rendered":"<h3>ColorNews Pro Traits<\/h3>\n<p>D\u00e9couvrez ColorNews Pro, le th\u00e8me WordPress ultime, con\u00e7u pour ceux qui souhaitent que leur site d&rsquo;actualit\u00e9s se d\u00e9marque. Que vous soyez un blogueur exp\u00e9riment\u00e9 ou que vous lanciez votre premier site d&rsquo;actualit\u00e9s, ce th\u00e8me offre un design dynamique et dynamique qui captive votre audience et la fid\u00e9lise.<\/p>\n<p>ColorNews Pro n&rsquo;est pas seulement esth\u00e9tique\u00a0; il regorge \u00e9galement de fonctionnalit\u00e9s puissantes pour am\u00e9liorer les performances de votre site. Gr\u00e2ce \u00e0 son design r\u00e9actif, votre contenu sera magnifique sur tous les appareils, garantissant une exp\u00e9rience fluide \u00e0 vos lecteurs. La personnalisation est simplifi\u00e9e, vous permettant de personnaliser votre site sans effort pour qu&rsquo;il refl\u00e8te l&rsquo;identit\u00e9 de votre marque.<\/p>\n<p>Optimis\u00e9 pour la vitesse et le r\u00e9f\u00e9rencement, ColorNews Pro garantit un meilleur classement de votre site dans les moteurs de recherche, g\u00e9n\u00e9rant ainsi davantage de trafic vers votre contenu. Le th\u00e8me prend en charge l&rsquo;int\u00e9gration avec des plugins populaires, ce qui \u00e9tend les fonctionnalit\u00e9s de votre site sans compromettre les performances.<\/p>\n<p>Convivial et intuitif, ColorNews Pro est parfait pour les d\u00e9veloppeurs d\u00e9butants comme avanc\u00e9s.<\/p>\n<ul>\n<li>Design responsive optimis\u00e9 pour mobile, tablette et ordinateur<\/li>\n<li>Couleurs et typographie personnalisables<\/li>\n<li>Plusieurs options de mise en page pour la page d&rsquo;accueil et les pages int\u00e9rieures<\/li>\n<li>Prise en charge int\u00e9gr\u00e9e des outils de cr\u00e9ation de pages populaires<\/li>\n<li>Structure optimis\u00e9e pour le SEO et code clair<\/li>\n<li>Syst\u00e8me int\u00e9gr\u00e9 de gestion des publicit\u00e9s pour la mon\u00e9tisation<\/li>\n<li>Options avanc\u00e9es de personnalisation du th\u00e8me avec aper\u00e7u en direct<\/li>\n<li>Compatibilit\u00e9 avec les principaux plugins et widgets WordPress<\/li>\n<li>Temps de chargement rapides et performances optimis\u00e9es<\/li>\n<\/ul>\n","protected":false},"excerpt":{"rendered":"<p>D\u00e9couvrez ColorNews Pro, le th\u00e8me WordPress ultime pour des sites web dynamiques et dynamiques. Id\u00e9al pour les magazines, les sites d&rsquo;actualit\u00e9s et les blogs, ColorNews Pro offre un design responsive, des mises en page personnalisables et une navigation intuitive. Gr\u00e2ce \u00e0 sa structure optimis\u00e9e pour le SEO, votre contenu sera mieux r\u00e9f\u00e9renc\u00e9 et atteindra facilement un public plus large. Profitez d&rsquo;une int\u00e9gration fluide avec des plugins populaires, garantissant une exp\u00e9rience utilisateur intuitive et des fonctionnalit\u00e9s avanc\u00e9es. Que vous soyez d\u00e9butant ou expert, ColorNews Pro rend la cr\u00e9ation de sites web simple et agr\u00e9able. Transformez votre vision en r\u00e9alit\u00e9 avec ColorNews Pro, o\u00f9 style et performance se conjuguent. Passez \u00e0 la version sup\u00e9rieure d\u00e8s aujourd&rsquo;hui et captivez votre public avec des visuels \u00e9poustouflants et un contenu captivant.<\/p>\n","protected":false},"featured_media":147242,"comment_status":"open","ping_status":"open","template":"","meta":[],"product_brand":[2819],"product_cat":[1242,1212,1213],"product_tag":[2217],"class_list":{"0":"post-147241","1":"product","2":"type-product","3":"status-publish","4":"has-post-thumbnail","6":"product_brand-themegrill","7":"product_cat-creatif","8":"product_cat-themes","9":"product_cat-wordpress-themes","10":"product_tag-themegrill","11":"member-discount","12":"discount-restricted","14":"first","15":"instock","16":"sale","17":"downloadable","18":"virtual","19":"sold-individually","20":"purchasable","21":"product-type-simple"},"_links":{"self":[{"href":"https:\/\/gpl-love.com\/fr\/wp-json\/wp\/v2\/product\/147241","targetHints":{"allow":["GET"]}}],"collection":[{"href":"https:\/\/gpl-love.com\/fr\/wp-json\/wp\/v2\/product"}],"about":[{"href":"https:\/\/gpl-love.com\/fr\/wp-json\/wp\/v2\/types\/product"}],"replies":[{"embeddable":true,"href":"https:\/\/gpl-love.com\/fr\/wp-json\/wp\/v2\/comments?post=147241"}],"wp:featuredmedia":[{"embeddable":true,"href":"https:\/\/gpl-love.com\/fr\/wp-json\/wp\/v2\/media\/147242"}],"wp:attachment":[{"href":"https:\/\/gpl-love.com\/fr\/wp-json\/wp\/v2\/media?parent=147241"}],"wp:term":[{"taxonomy":"product_brand","embeddable":true,"href":"https:\/\/gpl-love.com\/fr\/wp-json\/wp\/v2\/product_brand?post=147241"},{"taxonomy":"product_cat","embeddable":true,"href":"https:\/\/gpl-love.com\/fr\/wp-json\/wp\/v2\/product_cat?post=147241"},{"taxonomy":"product_tag","embeddable":true,"href":"https:\/\/gpl-love.com\/fr\/wp-json\/wp\/v2\/product_tag?post=147241"}],"curies":[{"name":"wp","href":"https:\/\/api.w.org\/{rel}","templated":true}]}}