{"id":147239,"date":"2025-05-23T00:00:00","date_gmt":"2025-05-22T22:00:00","guid":{"rendered":"https:\/\/gpl-love.com\/fr\/produit\/foodhunt-pro\/"},"modified":"2026-03-21T00:05:39","modified_gmt":"2026-03-20T23:05:39","slug":"foodhunt-pro","status":"publish","type":"product","link":"https:\/\/gpl-love.com\/fr\/produit\/foodhunt-pro\/","title":{"rendered":"FoodHunt Pro 2.3.2"},"content":{"rendered":"<h3>FoodHunt Pro Traits<\/h3>\n<p>D\u00e9couvrez le th\u00e8me WordPress FoodHunt Pro, la solution id\u00e9ale pour les blogueurs culinaires, les restaurants et les passionn\u00e9s de cuisine qui souhaitent cr\u00e9er une pr\u00e9sence en ligne exceptionnelle. Con\u00e7u pour r\u00e9pondre aux besoins du secteur alimentaire, ce th\u00e8me WordPress allie parfaitement style et fonctionnalit\u00e9.<\/p>\n<p>Avec FoodHunt Pro, vous pouvez pr\u00e9senter vos d\u00e9licieuses cr\u00e9ations gr\u00e2ce \u00e0 des mises en page attrayantes qui mettent en valeur votre contenu. Que vous soyez critique culinaire, chef partageant des recettes ou restaurateur promouvant votre menu, ce th\u00e8me offre la flexibilit\u00e9 et la personnalisation n\u00e9cessaires pour vous d\u00e9marquer.<\/p>\n<p>Con\u00e7u selon les meilleures pratiques SEO, le th\u00e8me WordPress FoodHunt Pro garantit un bon classement de votre site dans les moteurs de recherche, g\u00e9n\u00e9rant ainsi davantage de trafic vers votre contenu savoureux. Son design r\u00e9actif garantit une exp\u00e9rience fluide sur tous les appareils, que votre audience navigue depuis un ordinateur ou un smartphone.<\/p>\n<p>Profitez de fonctionnalit\u00e9s telles que des widgets personnalis\u00e9s, de multiples options de couleurs et une fonctionnalit\u00e9 glisser-d\u00e9poser intuitive qui simplifient la cr\u00e9ation de votre site web. Avec FoodHunt Pro, concentrez-vous sur votre activit\u00e9.<\/p>\n<ul>\n<li>Design adaptatif pour une visualisation fluide sur tous les appareils<\/li>\n<li>Page d&rsquo;accueil personnalisable avec de multiples options de mise en page<\/li>\n<li>Optimis\u00e9 SEO pour un meilleur classement dans les moteurs de recherche<\/li>\n<li>Plugin de recettes int\u00e9gr\u00e9 pour une gestion simplifi\u00e9e<\/li>\n<li>Compatibilit\u00e9 WooCommerce pour la vente de produits alimentaires<\/li>\n<li>Importation de d\u00e9mo en un clic pour une configuration rapide<\/li>\n<li>Panneau d&rsquo;options de th\u00e8me avanc\u00e9es pour une personnalisation facile<\/li>\n<li>Int\u00e9gration aux plateformes de r\u00e9seaux sociaux populaires<\/li>\n<li>Pr\u00eat \u00e0 traduire et compatible avec plusieurs langues<\/li>\n<\/ul>\n","protected":false},"excerpt":{"rendered":"<p>D\u00e9couvrez le th\u00e8me WordPress FoodHunt Pro, la solution id\u00e9ale pour les blogueurs culinaires et les sites web de restaurants. Riche en fonctionnalit\u00e9s et optimis\u00e9 pour le r\u00e9f\u00e9rencement, ce th\u00e8me offre des options de design exceptionnelles, des mises en page responsives et une personnalisation fluide pour am\u00e9liorer votre pr\u00e9sence en ligne. Valorisez votre marque gr\u00e2ce \u00e0 une navigation intuitive et des temps de chargement rapides, garantissant une exp\u00e9rience engageante \u00e0 votre public. Id\u00e9al pour pr\u00e9senter des recettes all\u00e9chantes ou un menu raffin\u00e9, FoodHunt Pro allie fonctionnalit\u00e9 et style. Attirez plus de visiteurs et optimisez les performances de votre site en toute simplicit\u00e9 gr\u00e2ce \u00e0 ce th\u00e8me WordPress polyvalent. Transformez votre site web en chef-d&rsquo;\u0153uvre culinaire d\u00e8s aujourd&rsquo;hui\u00a0!<\/p>\n","protected":false},"featured_media":147240,"comment_status":"open","ping_status":"open","template":"","meta":[],"product_brand":[2819],"product_cat":[1516,1212,1213],"product_tag":[2217],"class_list":{"0":"post-147239","1":"product","2":"type-product","3":"status-publish","4":"has-post-thumbnail","6":"product_brand-themegrill","7":"product_cat-entreprise","8":"product_cat-themes","9":"product_cat-wordpress-themes","10":"product_tag-themegrill","11":"member-discount","12":"discount-restricted","14":"first","15":"instock","16":"sale","17":"downloadable","18":"virtual","19":"sold-individually","20":"purchasable","21":"product-type-simple"},"_links":{"self":[{"href":"https:\/\/gpl-love.com\/fr\/wp-json\/wp\/v2\/product\/147239","targetHints":{"allow":["GET"]}}],"collection":[{"href":"https:\/\/gpl-love.com\/fr\/wp-json\/wp\/v2\/product"}],"about":[{"href":"https:\/\/gpl-love.com\/fr\/wp-json\/wp\/v2\/types\/product"}],"replies":[{"embeddable":true,"href":"https:\/\/gpl-love.com\/fr\/wp-json\/wp\/v2\/comments?post=147239"}],"wp:featuredmedia":[{"embeddable":true,"href":"https:\/\/gpl-love.com\/fr\/wp-json\/wp\/v2\/media\/147240"}],"wp:attachment":[{"href":"https:\/\/gpl-love.com\/fr\/wp-json\/wp\/v2\/media?parent=147239"}],"wp:term":[{"taxonomy":"product_brand","embeddable":true,"href":"https:\/\/gpl-love.com\/fr\/wp-json\/wp\/v2\/product_brand?post=147239"},{"taxonomy":"product_cat","embeddable":true,"href":"https:\/\/gpl-love.com\/fr\/wp-json\/wp\/v2\/product_cat?post=147239"},{"taxonomy":"product_tag","embeddable":true,"href":"https:\/\/gpl-love.com\/fr\/wp-json\/wp\/v2\/product_tag?post=147239"}],"curies":[{"name":"wp","href":"https:\/\/api.w.org\/{rel}","templated":true}]}}