{"id":147237,"date":"2025-12-25T00:00:00","date_gmt":"2025-12-24T23:00:00","guid":{"rendered":"https:\/\/gpl-love.com\/fr\/produit\/colormag-pro\/"},"modified":"2026-03-21T00:05:38","modified_gmt":"2026-03-20T23:05:38","slug":"colormag-pro","status":"publish","type":"product","link":"https:\/\/gpl-love.com\/fr\/produit\/colormag-pro\/","title":{"rendered":"ColorMag Pro 5.1.4"},"content":{"rendered":"<h3>ColorMag Pro Traits<\/h3>\n<p>Optimisez votre site web avec le th\u00e8me WordPress ColorMag Pro, dynamique et polyvalent. Id\u00e9al pour les \u00e9diteurs, les blogueurs et les sites d&rsquo;actualit\u00e9s, ce th\u00e8me offre un design \u00e9poustouflant qui captivera votre public. Avec ColorMag Pro, personnalisez facilement votre site pour refl\u00e9ter l&rsquo;identit\u00e9 de votre marque. Sa mise en page responsive garantit un affichage optimal de votre contenu sur tous les appareils, offrant une exp\u00e9rience utilisateur fluide.<\/p>\n<p>Le th\u00e8me WordPress ColorMag Pro regorge de fonctionnalit\u00e9s puissantes, notamment de multiples styles d&rsquo;en-t\u00eate, des options typographiques avanc\u00e9es et une vari\u00e9t\u00e9 de widgets personnalis\u00e9s. Que vous soyez d\u00e9butant ou d\u00e9veloppeur exp\u00e9riment\u00e9, vous appr\u00e9cierez son interface intuitive et son panneau d&rsquo;options convivial. Optimis\u00e9 pour le r\u00e9f\u00e9rencement et ax\u00e9 sur les performances, ColorMag Pro am\u00e9liore le classement de votre site dans les r\u00e9sultats de recherche, g\u00e9n\u00e9rant ainsi davantage de trafic vers votre contenu.<\/p>\n<p>Gardez une longueur d&rsquo;avance sur la concurrence gr\u00e2ce \u00e0 des mises \u00e0 jour r\u00e9guli\u00e8res et un support d\u00e9di\u00e9, garantissant la s\u00e9curit\u00e9 et la mise \u00e0 jour de votre site.<\/p>\n<ul>\n<li>Design enti\u00e8rement personnalisable<\/li>\n<li>Mise en page responsive pour mobile et ordinateur<\/li>\n<li>Nombreuses options et palettes de couleurs<\/li>\n<li>Panneau d&rsquo;options de th\u00e8me facile \u00e0 utiliser<\/li>\n<li>Compatibilit\u00e9 WooCommerce pour les boutiques en ligne<\/li>\n<li>Optimisation SEO pour un meilleur classement dans les moteurs de recherche<\/li>\n<li>Sites de d\u00e9monstration pr\u00e9con\u00e7us pour une configuration rapide<\/li>\n<li>Compatible avec les plugins WordPress les plus populaires<\/li>\n<li>Espaces publicitaires int\u00e9gr\u00e9s pour la mon\u00e9tisation<\/li>\n<li>Pr\u00eat \u00e0 \u00eatre traduit et disponible en plusieurs langues<\/li>\n<\/ul>\n","protected":false},"excerpt":{"rendered":"<p>D\u00e9couvrez ColorMag Pro, le th\u00e8me WordPress ultime pour votre site web. Con\u00e7u dans un style magazine, ce th\u00e8me premium offre une personnalisation in\u00e9gal\u00e9e, un design responsive et une optimisation SEO. Id\u00e9al pour les magazines et sites d&rsquo;actualit\u00e9s en ligne, ColorMag Pro am\u00e9liore l&rsquo;engagement utilisateur gr\u00e2ce \u00e0 ses mises en page \u00e9poustouflantes et ses fonctionnalit\u00e9s avanc\u00e9es. Profitez d&rsquo;une int\u00e9gration fluide avec les plugins les plus populaires pour une exp\u00e9rience utilisateur fluide et efficace. Am\u00e9liorez la visibilit\u00e9 de votre contenu gr\u00e2ce \u00e0 des outils SEO int\u00e9gr\u00e9s et attirez un public plus large sans effort. Choisissez ColorMag Pro pour une pr\u00e9sence en ligne professionnelle, dynamique et visuellement captivante qui vous d\u00e9marquera de la concurrence.<\/p>\n","protected":false},"featured_media":147238,"comment_status":"open","ping_status":"open","template":"","meta":[],"product_brand":[2819],"product_cat":[1220,1212,1213],"product_tag":[2217],"class_list":{"0":"post-147237","1":"product","2":"type-product","3":"status-publish","4":"has-post-thumbnail","6":"product_brand-themegrill","7":"product_cat-blog-magazine","8":"product_cat-themes","9":"product_cat-wordpress-themes","10":"product_tag-themegrill","11":"member-discount","12":"discount-restricted","14":"first","15":"instock","16":"sale","17":"downloadable","18":"virtual","19":"sold-individually","20":"purchasable","21":"product-type-simple"},"_links":{"self":[{"href":"https:\/\/gpl-love.com\/fr\/wp-json\/wp\/v2\/product\/147237","targetHints":{"allow":["GET"]}}],"collection":[{"href":"https:\/\/gpl-love.com\/fr\/wp-json\/wp\/v2\/product"}],"about":[{"href":"https:\/\/gpl-love.com\/fr\/wp-json\/wp\/v2\/types\/product"}],"replies":[{"embeddable":true,"href":"https:\/\/gpl-love.com\/fr\/wp-json\/wp\/v2\/comments?post=147237"}],"wp:featuredmedia":[{"embeddable":true,"href":"https:\/\/gpl-love.com\/fr\/wp-json\/wp\/v2\/media\/147238"}],"wp:attachment":[{"href":"https:\/\/gpl-love.com\/fr\/wp-json\/wp\/v2\/media?parent=147237"}],"wp:term":[{"taxonomy":"product_brand","embeddable":true,"href":"https:\/\/gpl-love.com\/fr\/wp-json\/wp\/v2\/product_brand?post=147237"},{"taxonomy":"product_cat","embeddable":true,"href":"https:\/\/gpl-love.com\/fr\/wp-json\/wp\/v2\/product_cat?post=147237"},{"taxonomy":"product_tag","embeddable":true,"href":"https:\/\/gpl-love.com\/fr\/wp-json\/wp\/v2\/product_tag?post=147237"}],"curies":[{"name":"wp","href":"https:\/\/api.w.org\/{rel}","templated":true}]}}