{"id":147235,"date":"2025-10-02T00:00:00","date_gmt":"2025-10-01T22:00:00","guid":{"rendered":"https:\/\/gpl-love.com\/fr\/produit\/radiate-pro\/"},"modified":"2026-03-21T00:05:37","modified_gmt":"2026-03-20T23:05:37","slug":"radiate-pro","status":"publish","type":"product","link":"https:\/\/gpl-love.com\/fr\/produit\/radiate-pro\/","title":{"rendered":"Radiate Pro 2.3.5"},"content":{"rendered":"<h3>Radiate Pro Traits<\/h3>\n<p>D\u00e9couvrez le th\u00e8me WordPress Radiate Pro, la solution id\u00e9ale pour cr\u00e9er facilement des sites web professionnels et \u00e9poustouflants. Con\u00e7u pour les d\u00e9veloppeurs d\u00e9butants comme exp\u00e9riment\u00e9s, ce th\u00e8me allie \u00e9l\u00e9gance et fonctionnalit\u00e9 pour booster votre pr\u00e9sence en ligne.<\/p>\n<p>Avec Radiate Pro, personnalisez votre site en toute simplicit\u00e9 gr\u00e2ce \u00e0 ses fonctionnalit\u00e9s intuitives de glisser-d\u00e9poser, pour une exp\u00e9rience de conception fluide. Enti\u00e8rement responsive, ce th\u00e8me WordPress garantit un affichage impeccable sur tous les appareils, des ordinateurs aux smartphones. Son design \u00e9pur\u00e9 et moderne am\u00e9liore la lisibilit\u00e9 et l&rsquo;engagement des utilisateurs, ce qui le rend id\u00e9al pour les blogs, les portfolios et les sites web professionnels.<\/p>\n<p>Radiate Pro b\u00e9n\u00e9ficie \u00e9galement d&rsquo;une optimisation SEO performante, garantissant un meilleur classement de votre site dans les r\u00e9sultats de recherche, g\u00e9n\u00e9rant ainsi davantage de trafic et de prospects. Sa compatibilit\u00e9 avec les principales extensions, dont WooCommerce, vous permet de cr\u00e9er facilement une boutique en ligne et de g\u00e9rer efficacement vos produits.<\/p>\n<ul>\n<li>Design enti\u00e8rement responsive pour une visualisation optimale sur tous les appareils<\/li>\n<li>Mise en page et palettes de couleurs personnalisables<\/li>\n<li>Structure optimis\u00e9e pour le r\u00e9f\u00e9rencement naturel (SEO) pour un meilleur classement dans les moteurs de recherche<\/li>\n<li>Prise en charge int\u00e9gr\u00e9e des plugins WordPress populaires<\/li>\n<li>Graphiques compatibles Retina pour des affichages haute r\u00e9solution<\/li>\n<li>G\u00e9n\u00e9rateur de pages par glisser-d\u00e9poser pour une personnalisation simplifi\u00e9e<\/li>\n<li>Compatibilit\u00e9 WooCommerce pour une int\u00e9gration e-commerce simplifi\u00e9e<\/li>\n<li>Panneau d&rsquo;options de th\u00e8me complet pour des param\u00e8tres personnalis\u00e9s<\/li>\n<li>Temps de chargement rapides pour une exp\u00e9rience utilisateur am\u00e9lior\u00e9e<\/li>\n<li>Mises \u00e0 jour r\u00e9guli\u00e8res pour une s\u00e9curit\u00e9 et des fonctionnalit\u00e9s renforc\u00e9es<\/li>\n<\/ul>\n","protected":false},"excerpt":{"rendered":"<p>D\u00e9couvrez le th\u00e8me WordPress Radiate Pro, une solution polyvalente et performante pour votre site web. Con\u00e7u pour une personnalisation fluide, Radiate Pro offre une mise en page responsive, des fonctionnalit\u00e9s de design avanc\u00e9es et des performances optimis\u00e9es. Id\u00e9al pour les blogueurs, les entreprises et les cr\u00e9atifs, ce th\u00e8me am\u00e9liore l&rsquo;exp\u00e9rience utilisateur gr\u00e2ce \u00e0 son interface intuitive et \u00e0 sa compatibilit\u00e9 avec les plugins les plus populaires. Optimisez votre pr\u00e9sence en ligne gr\u00e2ce aux visuels \u00e9poustouflants et aux options intuitives de Radiate Pro, pour que votre site se d\u00e9marque dans les r\u00e9sultats de recherche. Adoptez l&rsquo;avenir du web design avec Radiate Pro, o\u00f9 style et fonctionnalit\u00e9 se conjuguent.<\/p>\n","protected":false},"featured_media":147236,"comment_status":"open","ping_status":"open","template":"","meta":[],"product_brand":[2819],"product_cat":[1220,1212,1213],"product_tag":[2217],"class_list":{"0":"post-147235","1":"product","2":"type-product","3":"status-publish","4":"has-post-thumbnail","6":"product_brand-themegrill","7":"product_cat-blog-magazine","8":"product_cat-themes","9":"product_cat-wordpress-themes","10":"product_tag-themegrill","11":"member-discount","12":"discount-restricted","14":"first","15":"instock","16":"sale","17":"downloadable","18":"virtual","19":"sold-individually","20":"purchasable","21":"product-type-simple"},"_links":{"self":[{"href":"https:\/\/gpl-love.com\/fr\/wp-json\/wp\/v2\/product\/147235","targetHints":{"allow":["GET"]}}],"collection":[{"href":"https:\/\/gpl-love.com\/fr\/wp-json\/wp\/v2\/product"}],"about":[{"href":"https:\/\/gpl-love.com\/fr\/wp-json\/wp\/v2\/types\/product"}],"replies":[{"embeddable":true,"href":"https:\/\/gpl-love.com\/fr\/wp-json\/wp\/v2\/comments?post=147235"}],"wp:featuredmedia":[{"embeddable":true,"href":"https:\/\/gpl-love.com\/fr\/wp-json\/wp\/v2\/media\/147236"}],"wp:attachment":[{"href":"https:\/\/gpl-love.com\/fr\/wp-json\/wp\/v2\/media?parent=147235"}],"wp:term":[{"taxonomy":"product_brand","embeddable":true,"href":"https:\/\/gpl-love.com\/fr\/wp-json\/wp\/v2\/product_brand?post=147235"},{"taxonomy":"product_cat","embeddable":true,"href":"https:\/\/gpl-love.com\/fr\/wp-json\/wp\/v2\/product_cat?post=147235"},{"taxonomy":"product_tag","embeddable":true,"href":"https:\/\/gpl-love.com\/fr\/wp-json\/wp\/v2\/product_tag?post=147235"}],"curies":[{"name":"wp","href":"https:\/\/api.w.org\/{rel}","templated":true}]}}