{"id":147233,"date":"2025-05-23T00:00:00","date_gmt":"2025-05-22T22:00:00","guid":{"rendered":"https:\/\/gpl-love.com\/fr\/produit\/freedom-pro\/"},"modified":"2026-03-21T00:05:36","modified_gmt":"2026-03-20T23:05:36","slug":"freedom-pro","status":"publish","type":"product","link":"https:\/\/gpl-love.com\/fr\/produit\/freedom-pro\/","title":{"rendered":"Freedom Pro 2.2.1"},"content":{"rendered":"<h3>Freedom Pro Traits<\/h3>\n<p>D\u00e9couvrez le th\u00e8me WordPress Freedom Pro, la solution id\u00e9ale pour cr\u00e9er un site web exceptionnel, facilement et avec flexibilit\u00e9. Con\u00e7u pour les d\u00e9butants comme pour les professionnels, ce th\u00e8me offre des options de personnalisation exceptionnelles qui vous permettent de donner vie \u00e0 votre vision. Gr\u00e2ce \u00e0 son design responsive, votre site s&rsquo;affichera parfaitement sur tous les appareils, garantissant une exp\u00e9rience utilisateur fluide.<\/p>\n<p>Le th\u00e8me WordPress Freedom Pro regorge de fonctionnalit\u00e9s qui le distinguent. Profitez de la simplicit\u00e9 du glisser-d\u00e9poser, qui simplifie la cr\u00e9ation de votre site. Optimis\u00e9 pour la vitesse et les performances, il garantit un chargement rapide et efficace de votre site. De plus, gr\u00e2ce \u00e0 un code optimis\u00e9 pour le r\u00e9f\u00e9rencement, votre site est optimis\u00e9 pour un meilleur classement dans les moteurs de recherche, g\u00e9n\u00e9rant ainsi davantage de trafic vers votre contenu.<\/p>\n<p>Que vous soyez blogueur, entrepreneur ou professionnel cr\u00e9atif, le th\u00e8me WordPress Freedom Pro vous offre la polyvalence dont vous avez besoin. Choisissez parmi une vari\u00e9t\u00e9 de mod\u00e8les pr\u00e9d\u00e9finis ou personnalisez le v\u00f4tre avec une large gamme de polices, de couleurs et de mises en page.<\/p>\n<ul>\n<li>Design enti\u00e8rement responsive pour une visualisation optimale sur tous les appareils<\/li>\n<li>Hautement personnalisable gr\u00e2ce \u00e0 un outil de cr\u00e9ation de pages intuitif par glisser-d\u00e9poser<\/li>\n<li>Optimis\u00e9 SEO pour un meilleur classement dans les moteurs de recherche<\/li>\n<li>Temps de chargement rapides pour une exp\u00e9rience utilisateur optimale<\/li>\n<li>Prise en charge int\u00e9gr\u00e9e des plugins populaires comme WooCommerce et Yoast SEO<\/li>\n<li>Plusieurs mod\u00e8les de d\u00e9monstration pr\u00e9d\u00e9finis pour une configuration rapide<\/li>\n<li>Options typographiques avanc\u00e9es avec int\u00e9gration des polices Google<\/li>\n<li>Nombre illimit\u00e9 de palettes de couleurs pour une image de marque personnalis\u00e9e<\/li>\n<li>Compatible avec la derni\u00e8re version de WordPress<\/li>\n<\/ul>\n","protected":false},"excerpt":{"rendered":"<p>D\u00e9couvrez le th\u00e8me WordPress Freedom Pro\u00a0: la solution id\u00e9ale pour cr\u00e9er facilement des sites web attrayants et responsive. Ce th\u00e8me performant offre des mises en page personnalisables, une int\u00e9gration fluide et des performances ultra-rapides. Con\u00e7u pour les blogueurs, les entrepreneurs et les d\u00e9veloppeurs, Freedom Pro met en valeur votre site gr\u00e2ce \u00e0 son design professionnel et moderne. Profitez de mises \u00e0 jour faciles et d&rsquo;une assistance de premier ordre, id\u00e9al pour les d\u00e9butants comme pour les experts. Optimisez le potentiel de votre site web et boostez votre pr\u00e9sence en ligne avec Freedom Pro, le choix id\u00e9al pour ceux qui souhaitent am\u00e9liorer leur exp\u00e9rience WordPress. Lib\u00e9rez votre cr\u00e9ativit\u00e9 d\u00e8s aujourd&rsquo;hui avec le th\u00e8me WordPress Freedom Pro.<\/p>\n","protected":false},"featured_media":147234,"comment_status":"open","ping_status":"open","template":"","meta":[],"product_brand":[2819],"product_cat":[1214,1212,1213],"product_tag":[2217],"class_list":{"0":"post-147233","1":"product","2":"type-product","3":"status-publish","4":"has-post-thumbnail","6":"product_brand-themegrill","7":"product_cat-polyvalent","8":"product_cat-themes","9":"product_cat-wordpress-themes","10":"product_tag-themegrill","11":"member-discount","12":"discount-restricted","14":"first","15":"instock","16":"sale","17":"downloadable","18":"virtual","19":"sold-individually","20":"purchasable","21":"product-type-simple"},"_links":{"self":[{"href":"https:\/\/gpl-love.com\/fr\/wp-json\/wp\/v2\/product\/147233","targetHints":{"allow":["GET"]}}],"collection":[{"href":"https:\/\/gpl-love.com\/fr\/wp-json\/wp\/v2\/product"}],"about":[{"href":"https:\/\/gpl-love.com\/fr\/wp-json\/wp\/v2\/types\/product"}],"replies":[{"embeddable":true,"href":"https:\/\/gpl-love.com\/fr\/wp-json\/wp\/v2\/comments?post=147233"}],"wp:featuredmedia":[{"embeddable":true,"href":"https:\/\/gpl-love.com\/fr\/wp-json\/wp\/v2\/media\/147234"}],"wp:attachment":[{"href":"https:\/\/gpl-love.com\/fr\/wp-json\/wp\/v2\/media?parent=147233"}],"wp:term":[{"taxonomy":"product_brand","embeddable":true,"href":"https:\/\/gpl-love.com\/fr\/wp-json\/wp\/v2\/product_brand?post=147233"},{"taxonomy":"product_cat","embeddable":true,"href":"https:\/\/gpl-love.com\/fr\/wp-json\/wp\/v2\/product_cat?post=147233"},{"taxonomy":"product_tag","embeddable":true,"href":"https:\/\/gpl-love.com\/fr\/wp-json\/wp\/v2\/product_tag?post=147233"}],"curies":[{"name":"wp","href":"https:\/\/api.w.org\/{rel}","templated":true}]}}