{"id":147231,"date":"2025-05-23T00:00:00","date_gmt":"2025-05-22T22:00:00","guid":{"rendered":"https:\/\/gpl-love.com\/fr\/produit\/fitclub-pro\/"},"modified":"2026-03-21T00:05:36","modified_gmt":"2026-03-20T23:05:36","slug":"fitclub-pro","status":"publish","type":"product","link":"https:\/\/gpl-love.com\/fr\/produit\/fitclub-pro\/","title":{"rendered":"FitClub Pro 2.2.4"},"content":{"rendered":"<h3>FitClub Pro Traits<\/h3>\n<p>D\u00e9couvrez le th\u00e8me WordPress FitClub Pro\u00a0: la solution id\u00e9ale pour les passionn\u00e9s de fitness et les g\u00e9rants de salles de sport souhaitant optimiser leur pr\u00e9sence en ligne. Con\u00e7u avec passion et pr\u00e9cision, ce th\u00e8me est id\u00e9al pour mettre en avant votre marque de fitness de mani\u00e8re dynamique et professionnelle.<\/p>\n<p>Le th\u00e8me WordPress FitClub Pro offre un design \u00e9l\u00e9gant et moderne, enti\u00e8rement responsive et optimis\u00e9 pour tous les appareils. Que vous soyez coach sportif, g\u00e9rant de salle de sport ou coach bien-\u00eatre, ce th\u00e8me offre une exp\u00e9rience utilisateur fluide qui captivera votre public et le fid\u00e9lisera.<\/p>\n<p>Gr\u00e2ce \u00e0 des options de personnalisation faciles, personnalisez le th\u00e8me FitClub Pro pour refl\u00e9ter l&rsquo;identit\u00e9 unique de votre marque. Mettez en avant vos services, partagez vos r\u00e9ussites et tenez votre communaut\u00e9 inform\u00e9e gr\u00e2ce \u00e0 un blog int\u00e9gr\u00e9. La compatibilit\u00e9 du th\u00e8me avec les extensions populaires vous permet d&rsquo;ajouter facilement des fonctionnalit\u00e9s, des plannings de cours aux solutions e-commerce.<\/p>\n<p>Optimisez votre r\u00e9f\u00e9rencement avec le th\u00e8me WordPress FitClub Pro, con\u00e7u pour am\u00e9liorer votre visibilit\u00e9 sur les moteurs de recherche.<\/p>\n<ul>\n<li>Design enti\u00e8rement responsive pour une visualisation optimale sur tous les appareils<\/li>\n<li>Mise en page personnalisable gr\u00e2ce \u00e0 un g\u00e9n\u00e9rateur de pages par glisser-d\u00e9poser<\/li>\n<li>Mod\u00e8les pr\u00e9d\u00e9finis pour sites web de fitness, de salle de sport et de sant\u00e9<\/li>\n<li>Int\u00e9gration avec des plugins populaires comme WooCommerce et Contact Form 7<\/li>\n<li>Structure optimis\u00e9e pour le SEO pour un meilleur classement dans les moteurs de recherche<\/li>\n<li>Fonctionnalit\u00e9s int\u00e9gr\u00e9es de prise de rendez-vous et de planification<\/li>\n<li>Options typographiques avanc\u00e9es avec prise en charge des polices Google<\/li>\n<li>Nombre illimit\u00e9 de palettes de couleurs et styles d&rsquo;en-t\u00eate personnalisables<\/li>\n<li>Compatible avec les derni\u00e8res versions de WordPress et l&rsquo;\u00e9diteur Gutenberg<\/li>\n<\/ul>\n","protected":false},"excerpt":{"rendered":"<p>D\u00e9couvrez le th\u00e8me WordPress FitClub Pro, la solution id\u00e9ale pour les professionnels du fitness, les g\u00e9rants de salles de sport et les passionn\u00e9s de sant\u00e9. Enti\u00e8rement personnalisable et optimis\u00e9 pour le r\u00e9f\u00e9rencement, ce th\u00e8me optimise votre pr\u00e9sence en ligne gr\u00e2ce \u00e0 son design r\u00e9actif et ses fonctionnalit\u00e9s intuitives. Optimisez les performances de votre site web gr\u00e2ce \u00e0 des temps de chargement rapides, une int\u00e9gration fluide avec les plugins populaires et des options de partage int\u00e9gr\u00e9es sur les r\u00e9seaux sociaux. FitClub Pro offre des mises en page \u00e9poustouflantes et des outils de personnalisation avanc\u00e9s, garantissant que votre site refl\u00e8te le style unique de votre marque. Optimisez l&rsquo;exp\u00e9rience utilisateur gr\u00e2ce \u00e0 un design \u00e9pur\u00e9 et moderne qui captive et fid\u00e9lise les visiteurs. Lib\u00e9rez le potentiel de votre entreprise de fitness d\u00e8s aujourd&rsquo;hui avec le th\u00e8me WordPress FitClub Pro.<\/p>\n","protected":false},"featured_media":147232,"comment_status":"open","ping_status":"open","template":"","meta":[],"product_brand":[2819],"product_cat":[1516,1212,1213],"product_tag":[2217],"class_list":{"0":"post-147231","1":"product","2":"type-product","3":"status-publish","4":"has-post-thumbnail","6":"product_brand-themegrill","7":"product_cat-entreprise","8":"product_cat-themes","9":"product_cat-wordpress-themes","10":"product_tag-themegrill","11":"member-discount","12":"discount-restricted","14":"first","15":"instock","16":"sale","17":"downloadable","18":"virtual","19":"sold-individually","20":"purchasable","21":"product-type-simple"},"_links":{"self":[{"href":"https:\/\/gpl-love.com\/fr\/wp-json\/wp\/v2\/product\/147231","targetHints":{"allow":["GET"]}}],"collection":[{"href":"https:\/\/gpl-love.com\/fr\/wp-json\/wp\/v2\/product"}],"about":[{"href":"https:\/\/gpl-love.com\/fr\/wp-json\/wp\/v2\/types\/product"}],"replies":[{"embeddable":true,"href":"https:\/\/gpl-love.com\/fr\/wp-json\/wp\/v2\/comments?post=147231"}],"wp:featuredmedia":[{"embeddable":true,"href":"https:\/\/gpl-love.com\/fr\/wp-json\/wp\/v2\/media\/147232"}],"wp:attachment":[{"href":"https:\/\/gpl-love.com\/fr\/wp-json\/wp\/v2\/media?parent=147231"}],"wp:term":[{"taxonomy":"product_brand","embeddable":true,"href":"https:\/\/gpl-love.com\/fr\/wp-json\/wp\/v2\/product_brand?post=147231"},{"taxonomy":"product_cat","embeddable":true,"href":"https:\/\/gpl-love.com\/fr\/wp-json\/wp\/v2\/product_cat?post=147231"},{"taxonomy":"product_tag","embeddable":true,"href":"https:\/\/gpl-love.com\/fr\/wp-json\/wp\/v2\/product_tag?post=147231"}],"curies":[{"name":"wp","href":"https:\/\/api.w.org\/{rel}","templated":true}]}}