{"id":147229,"date":"2025-05-23T00:00:00","date_gmt":"2025-05-22T22:00:00","guid":{"rendered":"https:\/\/gpl-love.com\/fr\/produit\/envince-pro\/"},"modified":"2026-03-21T00:05:35","modified_gmt":"2026-03-20T23:05:35","slug":"envince-pro","status":"publish","type":"product","link":"https:\/\/gpl-love.com\/fr\/produit\/envince-pro\/","title":{"rendered":"Envince Pro 2.2.1"},"content":{"rendered":"<h3>Envince Pro Traits<\/h3>\n<p>D\u00e9couvrez le th\u00e8me WordPress Envince Pro, la solution id\u00e9ale pour cr\u00e9er facilement des sites web professionnels et \u00e9poustouflants. Con\u00e7u pour allier polyvalence et performance, Envince Pro allie fonctionnalit\u00e9 et esth\u00e9tique, ce qui en fait le choix id\u00e9al pour les entreprises, les blogueurs et les cr\u00e9atifs.<\/p>\n<p>Avec Envince Pro, personnalisez facilement votre site pour refl\u00e9ter l&rsquo;identit\u00e9 unique de votre marque. Profitez de fonctionnalit\u00e9s telles qu&rsquo;un design r\u00e9actif, garantissant un site web impeccable sur tous les appareils, et une interface conviviale qui simplifie la gestion de votre site. Optimis\u00e9 pour la vitesse et le r\u00e9f\u00e9rencement, ce th\u00e8me vous permet d&rsquo;am\u00e9liorer votre classement dans les r\u00e9sultats de recherche et d&rsquo;attirer davantage de visiteurs.<\/p>\n<p>Le th\u00e8me WordPress Envince Pro inclut \u00e9galement une vari\u00e9t\u00e9 de mod\u00e8les pr\u00e9d\u00e9finis, vous permettant de cr\u00e9er rapidement de superbes pages. Il prend en charge les extensions populaires, \u00e9largissant ainsi facilement les fonctionnalit\u00e9s de votre site web. Que vous cr\u00e9iez une boutique en ligne ou pr\u00e9sentiez un portfolio, Envince Pro s&rsquo;adapte \u00e0 vos besoins.<\/p>\n<p>D\u00e9couvrez la puissance et la flexibilit\u00e9 du th\u00e8me WordPress Envince Pro et propulsez votre site web au niveau sup\u00e9rieur.<\/p>\n<ul>\n<li>Design enti\u00e8rement responsive pour une visualisation optimale sur tous les appareils<\/li>\n<li>Mise en page personnalisable avec un outil de cr\u00e9ation de pages par glisser-d\u00e9poser<\/li>\n<li>Optimisation SEO pour un meilleur classement dans les moteurs de recherche<\/li>\n<li>Compatibilit\u00e9 WooCommerce pour l&rsquo;int\u00e9gration de boutiques en ligne<\/li>\n<li>Plusieurs mod\u00e8les et d\u00e9mos pr\u00e9d\u00e9finis<\/li>\n<li>Options typographiques avanc\u00e9es avec Google Fonts<\/li>\n<li>Compatible Retina pour les \u00e9crans haute r\u00e9solution<\/li>\n<li>Importation de d\u00e9mos en un clic pour une configuration facile<\/li>\n<li>Traduction int\u00e9gr\u00e9e et support multilingue<\/li>\n<\/ul>\n","protected":false},"excerpt":{"rendered":"<p>D\u00e9couvrez le th\u00e8me WordPress Envince Pro, la solution id\u00e9ale pour cr\u00e9er facilement des sites web attrayants et responsive. Con\u00e7u pour les blogueurs, les entreprises et les cr\u00e9atifs, ce th\u00e8me offre une int\u00e9gration fluide, des mises en page personnalisables et des fonctionnalit\u00e9s SEO avanc\u00e9es. Gr\u00e2ce \u00e0 son interface intuitive, Envince Pro vous garantit une exp\u00e9rience fluide et vous permet de cr\u00e9er rapidement des sites attrayants. Boostez votre pr\u00e9sence en ligne gr\u00e2ce \u00e0 des temps de chargement rapides et une optimisation mobile, am\u00e9liorant ainsi l&rsquo;engagement des utilisateurs et le r\u00e9f\u00e9rencement. Choisissez Envince Pro pour un look \u00e9l\u00e9gant et professionnel qui captivera votre audience et renforcera l&rsquo;identit\u00e9 num\u00e9rique de votre marque.<\/p>\n","protected":false},"featured_media":147230,"comment_status":"open","ping_status":"open","template":"","meta":[],"product_brand":[2819],"product_cat":[1214,1212,1213],"product_tag":[2217],"class_list":{"0":"post-147229","1":"product","2":"type-product","3":"status-publish","4":"has-post-thumbnail","6":"product_brand-themegrill","7":"product_cat-polyvalent","8":"product_cat-themes","9":"product_cat-wordpress-themes","10":"product_tag-themegrill","11":"member-discount","12":"discount-restricted","14":"first","15":"instock","16":"sale","17":"downloadable","18":"virtual","19":"sold-individually","20":"purchasable","21":"product-type-simple"},"_links":{"self":[{"href":"https:\/\/gpl-love.com\/fr\/wp-json\/wp\/v2\/product\/147229","targetHints":{"allow":["GET"]}}],"collection":[{"href":"https:\/\/gpl-love.com\/fr\/wp-json\/wp\/v2\/product"}],"about":[{"href":"https:\/\/gpl-love.com\/fr\/wp-json\/wp\/v2\/types\/product"}],"replies":[{"embeddable":true,"href":"https:\/\/gpl-love.com\/fr\/wp-json\/wp\/v2\/comments?post=147229"}],"wp:featuredmedia":[{"embeddable":true,"href":"https:\/\/gpl-love.com\/fr\/wp-json\/wp\/v2\/media\/147230"}],"wp:attachment":[{"href":"https:\/\/gpl-love.com\/fr\/wp-json\/wp\/v2\/media?parent=147229"}],"wp:term":[{"taxonomy":"product_brand","embeddable":true,"href":"https:\/\/gpl-love.com\/fr\/wp-json\/wp\/v2\/product_brand?post=147229"},{"taxonomy":"product_cat","embeddable":true,"href":"https:\/\/gpl-love.com\/fr\/wp-json\/wp\/v2\/product_cat?post=147229"},{"taxonomy":"product_tag","embeddable":true,"href":"https:\/\/gpl-love.com\/fr\/wp-json\/wp\/v2\/product_tag?post=147229"}],"curies":[{"name":"wp","href":"https:\/\/api.w.org\/{rel}","templated":true}]}}