{"id":147227,"date":"2025-05-23T00:00:00","date_gmt":"2025-05-22T22:00:00","guid":{"rendered":"https:\/\/gpl-love.com\/fr\/produit\/esteem-pro\/"},"modified":"2026-03-21T00:05:34","modified_gmt":"2026-03-20T23:05:34","slug":"esteem-pro","status":"publish","type":"product","link":"https:\/\/gpl-love.com\/fr\/produit\/esteem-pro\/","title":{"rendered":"Esteem Pro 2.2.7"},"content":{"rendered":"<h3>Esteem Pro Traits<\/h3>\n<p>D\u00e9couvrez le th\u00e8me WordPress Esteem Pro\u00a0: la solution id\u00e9ale pour cr\u00e9er facilement des sites web professionnels et \u00e9poustouflants. Que vous lanciez un blog personnel, un site professionnel ou un portfolio en ligne, Esteem Pro allie parfaitement fonctionnalit\u00e9 et style.<\/p>\n<p>Ce th\u00e8me WordPress polyvalent est con\u00e7u pour que votre site se d\u00e9marque dans un paysage num\u00e9rique satur\u00e9. Avec son design \u00e9l\u00e9gant et r\u00e9actif, Esteem Pro garantit une exp\u00e9rience utilisateur fluide sur tous les appareils, des ordinateurs aux smartphones.<\/p>\n<p>Dot\u00e9 de puissantes options de personnalisation, Esteem Pro vous permet de personnaliser chaque aspect de votre site pour refl\u00e9ter l&rsquo;identit\u00e9 unique de votre marque. Profitez d&rsquo;une grande libert\u00e9 de choix parmi une vari\u00e9t\u00e9 d&rsquo;options de mise en page, de palettes de couleurs et de typographies, sans aucune comp\u00e9tence en codage.<\/p>\n<p>De plus, Esteem Pro est optimis\u00e9 pour la vitesse et les performances des moteurs de recherche, garantissant \u00e0 votre site non seulement un design impeccable, mais aussi un bon classement dans les r\u00e9sultats de recherche.<\/p>\n<ul>\n<li>Design r\u00e9actif pour une visualisation fluide sur tous les appareils<\/li>\n<li>Optimisation SEO int\u00e9gr\u00e9e pour un meilleur classement dans les moteurs de recherche<\/li>\n<li>Mise en page personnalisable avec plusieurs mod\u00e8les pr\u00e9d\u00e9finis<\/li>\n<li>Cr\u00e9ation de pages par glisser-d\u00e9poser pour une cr\u00e9ation de contenu simplifi\u00e9e<\/li>\n<li>Int\u00e9gration WooCommerce pour les fonctionnalit\u00e9s de la boutique en ligne<\/li>\n<li>Options typographiques avanc\u00e9es avec prise en charge des polices Google<\/li>\n<li>Importation de d\u00e9mo en un clic pour une configuration rapide<\/li>\n<li>Pr\u00eat pour la traduction gr\u00e2ce \u00e0 la compatibilit\u00e9 WPML<\/li>\n<li>Compatibilit\u00e9 multi-navigateurs pour des performances constantes<\/li>\n<\/ul>\n","protected":false},"excerpt":{"rendered":"<p>D\u00e9couvrez le th\u00e8me WordPress Esteem Pro, la solution id\u00e9ale pour cr\u00e9er des sites web r\u00e9actifs et \u00e9poustouflants. Con\u00e7u pour les cr\u00e9ateurs web modernes, ce th\u00e8me offre une personnalisation fluide, garantissant \u00e0 votre site un aspect unique et professionnel. Gr\u00e2ce \u00e0 son interface intuitive, Esteem Pro optimise les fonctionnalit\u00e9s de votre site web tout en optimisant sa vitesse et son r\u00e9f\u00e9rencement. Id\u00e9al pour les blogueurs, les entreprises et les d\u00e9veloppeurs, il offre un large choix d&rsquo;options de design et est compatible avec les plugins les plus populaires. Optimisez votre pr\u00e9sence en ligne avec Esteem Pro, o\u00f9 \u00e9l\u00e9gance rime avec efficacit\u00e9. Lib\u00e9rez le potentiel de votre site web d\u00e8s aujourd&rsquo;hui et d\u00e9couvrez la diff\u00e9rence avec le th\u00e8me WordPress Esteem Pro.<\/p>\n","protected":false},"featured_media":147228,"comment_status":"open","ping_status":"open","template":"","meta":[],"product_brand":[2819],"product_cat":[1214,1212,1213],"product_tag":[2217],"class_list":{"0":"post-147227","1":"product","2":"type-product","3":"status-publish","4":"has-post-thumbnail","6":"product_brand-themegrill","7":"product_cat-polyvalent","8":"product_cat-themes","9":"product_cat-wordpress-themes","10":"product_tag-themegrill","11":"member-discount","12":"discount-restricted","14":"first","15":"instock","16":"sale","17":"downloadable","18":"virtual","19":"sold-individually","20":"purchasable","21":"product-type-simple"},"_links":{"self":[{"href":"https:\/\/gpl-love.com\/fr\/wp-json\/wp\/v2\/product\/147227","targetHints":{"allow":["GET"]}}],"collection":[{"href":"https:\/\/gpl-love.com\/fr\/wp-json\/wp\/v2\/product"}],"about":[{"href":"https:\/\/gpl-love.com\/fr\/wp-json\/wp\/v2\/types\/product"}],"replies":[{"embeddable":true,"href":"https:\/\/gpl-love.com\/fr\/wp-json\/wp\/v2\/comments?post=147227"}],"wp:featuredmedia":[{"embeddable":true,"href":"https:\/\/gpl-love.com\/fr\/wp-json\/wp\/v2\/media\/147228"}],"wp:attachment":[{"href":"https:\/\/gpl-love.com\/fr\/wp-json\/wp\/v2\/media?parent=147227"}],"wp:term":[{"taxonomy":"product_brand","embeddable":true,"href":"https:\/\/gpl-love.com\/fr\/wp-json\/wp\/v2\/product_brand?post=147227"},{"taxonomy":"product_cat","embeddable":true,"href":"https:\/\/gpl-love.com\/fr\/wp-json\/wp\/v2\/product_cat?post=147227"},{"taxonomy":"product_tag","embeddable":true,"href":"https:\/\/gpl-love.com\/fr\/wp-json\/wp\/v2\/product_tag?post=147227"}],"curies":[{"name":"wp","href":"https:\/\/api.w.org\/{rel}","templated":true}]}}