{"id":147225,"date":"2025-05-23T00:00:00","date_gmt":"2025-05-22T22:00:00","guid":{"rendered":"https:\/\/gpl-love.com\/fr\/produit\/cenote-pro\/"},"modified":"2026-03-21T00:05:32","modified_gmt":"2026-03-20T23:05:32","slug":"cenote-pro","status":"publish","type":"product","link":"https:\/\/gpl-love.com\/fr\/produit\/cenote-pro\/","title":{"rendered":"Cenote Pro 2.2.4"},"content":{"rendered":"<h3>Cenote Pro Traits<\/h3>\n<p>D\u00e9couvrez le th\u00e8me WordPress Cenote Pro, la solution id\u00e9ale pour cr\u00e9er facilement des sites web professionnels et \u00e9poustouflants. Con\u00e7u pour allier esth\u00e9tique et fonctionnalit\u00e9, ce th\u00e8me est id\u00e9al pour les blogueurs, les entreprises et les cr\u00e9atifs qui souhaitent marquer les esprits en ligne.<\/p>\n<p>Avec Cenote Pro, profitez d&rsquo;une exp\u00e9rience de cr\u00e9ation de site web fluide gr\u00e2ce \u00e0 son interface intuitive et ses fonctionnalit\u00e9s personnalisables. Ce th\u00e8me propose une vari\u00e9t\u00e9 de mod\u00e8les pr\u00e9d\u00e9finis, vous permettant de cr\u00e9er un look unique qui refl\u00e8te la personnalit\u00e9 de votre marque. Que vous soyez d\u00e9veloppeur exp\u00e9riment\u00e9 ou d\u00e9butant, Cenote Pro est intuitif et facile \u00e0 utiliser.<\/p>\n<p>Le th\u00e8me WordPress Cenote Pro est enti\u00e8rement responsive, garantissant un affichage optimal sur tous les appareils, des ordinateurs aux smartphones. Sa vitesse de chargement rapide et son optimisation SEO vous conf\u00e8rent un avantage concurrentiel et am\u00e9liorent le classement de votre site dans les r\u00e9sultats de recherche. De plus, gr\u00e2ce \u00e0 des mises \u00e0 jour r\u00e9guli\u00e8res et \u00e0 une assistance d\u00e9di\u00e9e, vous avez l&rsquo;assurance que votre site web sera toujours \u00e0 jour et s\u00e9curis\u00e9.<\/p>\n<ul>\n<li>Design adaptatif pour une compatibilit\u00e9 sur tous les appareils<\/li>\n<li>Optimisation SEO pour un meilleur classement dans les moteurs de recherche<\/li>\n<li>Mise en page personnalisable par glisser-d\u00e9poser<\/li>\n<li>Int\u00e9gration aux outils de cr\u00e9ation de pages populaires comme Elementor et WPBakery<\/li>\n<li>Pr\u00eat pour WooCommerce pour une configuration facile de votre boutique en ligne<\/li>\n<li>Graphismes compatibles Retina pour des affichages haute r\u00e9solution<\/li>\n<li>Importation de d\u00e9mo en un clic pour une configuration rapide<\/li>\n<li>Options typographiques avanc\u00e9es avec Google Fonts<\/li>\n<li>Pr\u00eat pour la traduction avec prise en charge des plugins multilingues<\/li>\n<li>Fonctionnalit\u00e9s int\u00e9gr\u00e9es d&rsquo;optimisation des performances<\/li>\n<\/ul>\n","protected":false},"excerpt":{"rendered":"<p>D\u00e9couvrez le th\u00e8me WordPress Cenote Pro, con\u00e7u pour les blogueurs en qu\u00eate d&rsquo;\u00e9l\u00e9gance et de fonctionnalit\u00e9. Polyvalent, ce th\u00e8me offre des mises en page personnalisables, un design responsive et une int\u00e9gration fluide avec les plugins les plus populaires, am\u00e9liorant ainsi les performances de votre site et l&rsquo;exp\u00e9rience utilisateur. Gr\u00e2ce \u00e0 son outil de cr\u00e9ation intuitif par glisser-d\u00e9poser, cr\u00e9er des sites web \u00e9poustouflants et professionnels n&rsquo;a jamais \u00e9t\u00e9 aussi simple. Optimisez votre contenu gr\u00e2ce aux fonctionnalit\u00e9s SEO int\u00e9gr\u00e9es pour une meilleure visibilit\u00e9 dans les r\u00e9sultats des moteurs de recherche. Id\u00e9al pour les blogs personnels ou les sites web d&rsquo;entreprise, le th\u00e8me WordPress Cenote Pro vous ouvre les portes d&rsquo;une pr\u00e9sence en ligne captivante. Optimisez votre site web d\u00e8s aujourd&rsquo;hui gr\u00e2ce \u00e0 ce th\u00e8me puissant et convivial et captivez votre audience comme jamais auparavant.<\/p>\n","protected":false},"featured_media":147226,"comment_status":"open","ping_status":"open","template":"","meta":[],"product_brand":[2819],"product_cat":[1220,1212,1213],"product_tag":[2217],"class_list":{"0":"post-147225","1":"product","2":"type-product","3":"status-publish","4":"has-post-thumbnail","6":"product_brand-themegrill","7":"product_cat-blog-magazine","8":"product_cat-themes","9":"product_cat-wordpress-themes","10":"product_tag-themegrill","11":"member-discount","12":"discount-restricted","14":"first","15":"instock","16":"sale","17":"downloadable","18":"virtual","19":"sold-individually","20":"purchasable","21":"product-type-simple"},"_links":{"self":[{"href":"https:\/\/gpl-love.com\/fr\/wp-json\/wp\/v2\/product\/147225","targetHints":{"allow":["GET"]}}],"collection":[{"href":"https:\/\/gpl-love.com\/fr\/wp-json\/wp\/v2\/product"}],"about":[{"href":"https:\/\/gpl-love.com\/fr\/wp-json\/wp\/v2\/types\/product"}],"replies":[{"embeddable":true,"href":"https:\/\/gpl-love.com\/fr\/wp-json\/wp\/v2\/comments?post=147225"}],"wp:featuredmedia":[{"embeddable":true,"href":"https:\/\/gpl-love.com\/fr\/wp-json\/wp\/v2\/media\/147226"}],"wp:attachment":[{"href":"https:\/\/gpl-love.com\/fr\/wp-json\/wp\/v2\/media?parent=147225"}],"wp:term":[{"taxonomy":"product_brand","embeddable":true,"href":"https:\/\/gpl-love.com\/fr\/wp-json\/wp\/v2\/product_brand?post=147225"},{"taxonomy":"product_cat","embeddable":true,"href":"https:\/\/gpl-love.com\/fr\/wp-json\/wp\/v2\/product_cat?post=147225"},{"taxonomy":"product_tag","embeddable":true,"href":"https:\/\/gpl-love.com\/fr\/wp-json\/wp\/v2\/product_tag?post=147225"}],"curies":[{"name":"wp","href":"https:\/\/api.w.org\/{rel}","templated":true}]}}