{"id":147223,"date":"2025-06-24T00:00:00","date_gmt":"2025-06-23T22:00:00","guid":{"rendered":"https:\/\/gpl-love.com\/fr\/produit\/flash-pro\/"},"modified":"2026-03-21T00:05:32","modified_gmt":"2026-03-20T23:05:32","slug":"flash-pro","status":"publish","type":"product","link":"https:\/\/gpl-love.com\/fr\/produit\/flash-pro\/","title":{"rendered":"Flash Pro 2.4.16"},"content":{"rendered":"<h3>Flash Pro Traits<\/h3>\n<p>D\u00e9couvrez le th\u00e8me WordPress Flash Pro, la solution id\u00e9ale pour cr\u00e9er facilement des sites web \u00e9poustouflants et responsive. Que vous soyez d\u00e9veloppeur exp\u00e9riment\u00e9 ou d\u00e9butant, Flash Pro offre une exp\u00e9rience fluide gr\u00e2ce \u00e0 son interface intuitive et ses puissantes options de personnalisation. Ce th\u00e8me est con\u00e7u pour am\u00e9liorer les performances et l&rsquo;esth\u00e9tique de votre site, lui conf\u00e9rant un aspect professionnel qui captivera votre public.<\/p>\n<p>Le th\u00e8me WordPress Flash Pro regorge de fonctionnalit\u00e9s qui propulseront votre site web vers de nouveaux sommets. Profitez de la flexibilit\u00e9 de ses multiples options de mise en page pour personnaliser votre site selon vos besoins sp\u00e9cifiques. Gr\u00e2ce \u00e0 son optimisation SEO int\u00e9gr\u00e9e, votre site web sera mieux class\u00e9 dans les r\u00e9sultats de recherche, g\u00e9n\u00e9rant ainsi davantage de trafic et augmentant l&rsquo;engagement.<\/p>\n<p>Profitez de la simplicit\u00e9 de l&rsquo;installation de la d\u00e9mo en un clic\u00a0: configurez votre site en quelques minutes. Enti\u00e8rement compatible avec les extensions populaires, le th\u00e8me optimise les fonctionnalit\u00e9s et offre des possibilit\u00e9s infinies pour votre site web. Flash Pro est \u00e9galement optimis\u00e9 pour la vitesse, garantissant des temps de chargement rapides et une exp\u00e9rience utilisateur fluide.<\/p>\n<ul>\n<li>Design enti\u00e8rement r\u00e9actif pour une visualisation fluide sur tous les appareils<\/li>\n<li>Cr\u00e9ateur de pages par glisser-d\u00e9poser facile \u00e0 utiliser<\/li>\n<li>Nombreuses options de mise en page personnalisables<\/li>\n<li>Outils d&rsquo;optimisation SEO int\u00e9gr\u00e9s<\/li>\n<li>Graphiques compatibles Retina pour \u00e9crans haute r\u00e9solution<\/li>\n<li>Compatibilit\u00e9 WooCommerce pour les boutiques en ligne<\/li>\n<li>Vaste biblioth\u00e8que de mod\u00e8les pr\u00e9d\u00e9finis<\/li>\n<li>Fonctionnalit\u00e9s int\u00e9gr\u00e9es d&rsquo;optimisation des performances<\/li>\n<li>Prise en charge multilingue avec fichiers traduits<\/li>\n<\/ul>\n","protected":false},"excerpt":{"rendered":"<p>D\u00e9couvrez le th\u00e8me WordPress Flash Pro\u00a0: optimisez facilement votre site web gr\u00e2ce \u00e0 ce design dynamique et convivial. Id\u00e9al pour les blogueurs comme pour les entreprises, Flash Pro offre une personnalisation fluide, des mises en page responsives et des performances ultra-rapides. Gr\u00e2ce \u00e0 son interface intuitive, cr\u00e9ez facilement des pages \u00e9poustouflantes sans aucune comp\u00e9tence en codage. B\u00e9n\u00e9ficiez d&rsquo;une optimisation SEO, de fonctionnalit\u00e9s de s\u00e9curit\u00e9 renforc\u00e9es et d&rsquo;une compatibilit\u00e9 avec les plugins les plus populaires pour optimiser les fonctionnalit\u00e9s de votre site. Choisissez Flash Pro pour un look \u00e9l\u00e9gant et professionnel qui captivera votre audience et boostera votre pr\u00e9sence en ligne. Transformez votre exp\u00e9rience WordPress avec Flash Pro d\u00e8s aujourd&rsquo;hui\u00a0!<\/p>\n","protected":false},"featured_media":147224,"comment_status":"open","ping_status":"open","template":"","meta":[],"product_brand":[2819],"product_cat":[1214,1212,1213],"product_tag":[2217],"class_list":{"0":"post-147223","1":"product","2":"type-product","3":"status-publish","4":"has-post-thumbnail","6":"product_brand-themegrill","7":"product_cat-polyvalent","8":"product_cat-themes","9":"product_cat-wordpress-themes","10":"product_tag-themegrill","11":"member-discount","12":"discount-restricted","14":"first","15":"instock","16":"sale","17":"downloadable","18":"virtual","19":"sold-individually","20":"purchasable","21":"product-type-simple"},"_links":{"self":[{"href":"https:\/\/gpl-love.com\/fr\/wp-json\/wp\/v2\/product\/147223","targetHints":{"allow":["GET"]}}],"collection":[{"href":"https:\/\/gpl-love.com\/fr\/wp-json\/wp\/v2\/product"}],"about":[{"href":"https:\/\/gpl-love.com\/fr\/wp-json\/wp\/v2\/types\/product"}],"replies":[{"embeddable":true,"href":"https:\/\/gpl-love.com\/fr\/wp-json\/wp\/v2\/comments?post=147223"}],"wp:featuredmedia":[{"embeddable":true,"href":"https:\/\/gpl-love.com\/fr\/wp-json\/wp\/v2\/media\/147224"}],"wp:attachment":[{"href":"https:\/\/gpl-love.com\/fr\/wp-json\/wp\/v2\/media?parent=147223"}],"wp:term":[{"taxonomy":"product_brand","embeddable":true,"href":"https:\/\/gpl-love.com\/fr\/wp-json\/wp\/v2\/product_brand?post=147223"},{"taxonomy":"product_cat","embeddable":true,"href":"https:\/\/gpl-love.com\/fr\/wp-json\/wp\/v2\/product_cat?post=147223"},{"taxonomy":"product_tag","embeddable":true,"href":"https:\/\/gpl-love.com\/fr\/wp-json\/wp\/v2\/product_tag?post=147223"}],"curies":[{"name":"wp","href":"https:\/\/api.w.org\/{rel}","templated":true}]}}