{"id":147221,"date":"2025-05-23T00:00:00","date_gmt":"2025-05-22T22:00:00","guid":{"rendered":"https:\/\/gpl-love.com\/fr\/produit\/ample-pro\/"},"modified":"2026-03-21T00:05:31","modified_gmt":"2026-03-20T23:05:31","slug":"ample-pro","status":"publish","type":"product","link":"https:\/\/gpl-love.com\/fr\/produit\/ample-pro\/","title":{"rendered":"Ample Pro 2.2.15"},"content":{"rendered":"<h3>Ample Pro Traits<\/h3>\n<p>D\u00e9couvrez le th\u00e8me WordPress Ample Pro\u00a0: la solution id\u00e9ale pour cr\u00e9er des sites web \u00e9poustouflants, facilement et avec style. Que vous soyez blogueur, chef d&rsquo;entreprise ou professionnel cr\u00e9atif, Ample Pro vous offre une exp\u00e9rience fluide et adapt\u00e9e \u00e0 vos besoins.<\/p>\n<p>Ce th\u00e8me WordPress flexible est con\u00e7u pour am\u00e9liorer votre pr\u00e9sence en ligne gr\u00e2ce \u00e0 son interface conviviale et ses puissantes options de personnalisation. Ample Pro regorge de fonctionnalit\u00e9s vous permettant de cr\u00e9er des sites responsives, optimis\u00e9s pour les mobiles et qui s&rsquo;affichent parfaitement sur tous les appareils. Gr\u00e2ce \u00e0 sa fonctionnalit\u00e9 glisser-d\u00e9poser, vous pouvez concevoir votre site web en toute simplicit\u00e9, sans aucune connaissance en codage.<\/p>\n<p>Le design \u00e9l\u00e9gant et moderne d&rsquo;Ample Pro est id\u00e9al pour mettre en valeur votre contenu, qu&rsquo;il s&rsquo;agisse d&rsquo;un portfolio, d&rsquo;un blog ou d&rsquo;une boutique en ligne. Sa structure optimis\u00e9e pour le r\u00e9f\u00e9rencement garantit un meilleur classement de votre site dans les r\u00e9sultats de recherche, attirant ainsi davantage de visiteurs et de clients potentiels.<\/p>\n<p>Choisissez parmi une vari\u00e9t\u00e9 de mod\u00e8les et de mises en page pr\u00e9d\u00e9finis, ou cr\u00e9ez votre propre style unique pour vous d\u00e9marquer de la concurrence.<\/p>\n<ul>\n<li>Design r\u00e9actif pour une visualisation optimale sur tous les appareils<\/li>\n<li>Hautement personnalisable avec une interface conviviale<\/li>\n<li>Optimis\u00e9 pour le r\u00e9f\u00e9rencement naturel (SEO) afin d&rsquo;am\u00e9liorer le classement dans les moteurs de recherche<\/li>\n<li>Plusieurs options de mise en page pour des conceptions de pages polyvalentes<\/li>\n<li>Int\u00e9gration aux plugins populaires pour des fonctionnalit\u00e9s \u00e9tendues<\/li>\n<li>Temps de chargement rapides pour une exp\u00e9rience utilisateur am\u00e9lior\u00e9e<\/li>\n<li>Widgets personnalisables int\u00e9gr\u00e9s pour plus de commodit\u00e9<\/li>\n<li>Prise en charge multilingue pour une port\u00e9e mondiale<\/li>\n<li>Compatible avec WooCommerce pour une configuration facile de votre boutique en ligne<\/li>\n<\/ul>\n","protected":false},"excerpt":{"rendered":"<p>D\u00e9couvrez le th\u00e8me WordPress Ample Pro, la solution ultime pour cr\u00e9er facilement des sites web r\u00e9actifs et \u00e9poustouflants. Con\u00e7u pour la polyvalence et la performance, ce th\u00e8me premium offre une personnalisation fluide, des fonctionnalit\u00e9s avanc\u00e9es et un support in\u00e9gal\u00e9. Id\u00e9al pour les blogueurs, les entreprises et les cr\u00e9atifs, Ample Pro permet \u00e0 votre site de se d\u00e9marquer gr\u00e2ce \u00e0 son design \u00e9pur\u00e9 et son interface intuitive. Profitez de temps de chargement rapides, d&rsquo;une optimisation SEO et d&rsquo;une compatibilit\u00e9 avec les plugins les plus populaires. Optimisez votre pr\u00e9sence en ligne d\u00e8s aujourd&rsquo;hui avec le th\u00e8me WordPress Ample Pro, o\u00f9 fonctionnalit\u00e9 et \u00e9l\u00e9gance se conjuguent.<\/p>\n","protected":false},"featured_media":147222,"comment_status":"open","ping_status":"open","template":"","meta":[],"product_brand":[2819],"product_cat":[1516,1212,1213],"product_tag":[2217],"class_list":{"0":"post-147221","1":"product","2":"type-product","3":"status-publish","4":"has-post-thumbnail","6":"product_brand-themegrill","7":"product_cat-entreprise","8":"product_cat-themes","9":"product_cat-wordpress-themes","10":"product_tag-themegrill","11":"member-discount","12":"discount-restricted","14":"first","15":"instock","16":"sale","17":"downloadable","18":"virtual","19":"sold-individually","20":"purchasable","21":"product-type-simple"},"_links":{"self":[{"href":"https:\/\/gpl-love.com\/fr\/wp-json\/wp\/v2\/product\/147221","targetHints":{"allow":["GET"]}}],"collection":[{"href":"https:\/\/gpl-love.com\/fr\/wp-json\/wp\/v2\/product"}],"about":[{"href":"https:\/\/gpl-love.com\/fr\/wp-json\/wp\/v2\/types\/product"}],"replies":[{"embeddable":true,"href":"https:\/\/gpl-love.com\/fr\/wp-json\/wp\/v2\/comments?post=147221"}],"wp:featuredmedia":[{"embeddable":true,"href":"https:\/\/gpl-love.com\/fr\/wp-json\/wp\/v2\/media\/147222"}],"wp:attachment":[{"href":"https:\/\/gpl-love.com\/fr\/wp-json\/wp\/v2\/media?parent=147221"}],"wp:term":[{"taxonomy":"product_brand","embeddable":true,"href":"https:\/\/gpl-love.com\/fr\/wp-json\/wp\/v2\/product_brand?post=147221"},{"taxonomy":"product_cat","embeddable":true,"href":"https:\/\/gpl-love.com\/fr\/wp-json\/wp\/v2\/product_cat?post=147221"},{"taxonomy":"product_tag","embeddable":true,"href":"https:\/\/gpl-love.com\/fr\/wp-json\/wp\/v2\/product_tag?post=147221"}],"curies":[{"name":"wp","href":"https:\/\/api.w.org\/{rel}","templated":true}]}}