{"id":147215,"date":"2025-12-07T00:00:00","date_gmt":"2025-12-06T23:00:00","guid":{"rendered":"https:\/\/gpl-love.com\/fr\/produit\/basel\/"},"modified":"2026-03-21T00:05:29","modified_gmt":"2026-03-20T23:05:29","slug":"basel","status":"publish","type":"product","link":"https:\/\/gpl-love.com\/fr\/produit\/basel\/","title":{"rendered":"Basel 5.9.3"},"content":{"rendered":"<h3>Basel Traits<\/h3>\n<p>D\u00e9couvrez le th\u00e8me WordPress Basel\u00a0: la solution id\u00e9ale pour cr\u00e9er des sites e-commerce \u00e9poustouflants. Polyvalent, il est id\u00e9al pour tous ceux qui souhaitent cr\u00e9er une boutique en ligne facilement et avec style. Basel est un th\u00e8me WordPress puissant et r\u00e9actif, sp\u00e9cialement con\u00e7u pour les boutiques WooCommerce.<\/p>\n<p>Avec son design \u00e9pur\u00e9 et minimaliste, Basel offre une exp\u00e9rience d&rsquo;achat fluide \u00e0 vos clients. Enti\u00e8rement personnalisable, il vous permet d&rsquo;adapter chaque aspect de votre site \u00e0 l&rsquo;identit\u00e9 unique de votre marque. Son g\u00e9n\u00e9rateur de pages par glisser-d\u00e9poser vous permet de cr\u00e9er facilement de superbes mises en page, sans aucune connaissance en codage.<\/p>\n<p>Optimis\u00e9 pour la vitesse et le r\u00e9f\u00e9rencement, le th\u00e8me WordPress Basel garantit un excellent classement dans les r\u00e9sultats de recherche. Son design r\u00e9actif garantit un affichage optimal sur tous les appareils, des ordinateurs aux t\u00e9l\u00e9phones portables. De plus, Basel propose une vari\u00e9t\u00e9 de mises en page et d&rsquo;habillages pr\u00e9d\u00e9finis, pour une prise en main rapide.<\/p>\n<p>Que vous soyez un petit entrepreneur ou un d\u00e9veloppeur web professionnel, Basel vous offre les outils n\u00e9cessaires pour r\u00e9ussir en ligne.<\/p>\n<ul>\n<li>Design enti\u00e8rement responsive<\/li>\n<li>Graphismes compatibles Retina<\/li>\n<li>Mises en page personnalisables<\/li>\n<li>Cr\u00e9ation de pages par glisser-d\u00e9poser<\/li>\n<li>Optimisation SEO<\/li>\n<li>Compatibilit\u00e9 WooCommerce<\/li>\n<li>Importation de d\u00e9mos en un clic<\/li>\n<li>Prise en charge multilingue<\/li>\n<li>Vaste panel d&rsquo;options de th\u00e8me<\/li>\n<\/ul>\n","protected":false},"excerpt":{"rendered":"<p>D\u00e9couvrez une flexibilit\u00e9 de conception ultime avec le th\u00e8me WordPress Basel, id\u00e9al pour cr\u00e9er des sites e-commerce r\u00e9actifs et \u00e9poustouflants. Moderne et polyvalent, ce th\u00e8me offre une fonctionnalit\u00e9 glisser-d\u00e9poser avanc\u00e9e, une int\u00e9gration fluide avec WooCommerce et des mises en page personnalisables pour s&rsquo;adapter \u00e0 toutes les marques. Le design optimis\u00e9 pour les \u00e9crans Retina de Basel garantit un affichage impeccable sur tous les appareils, tandis que son optimisation SEO contribue \u00e0 am\u00e9liorer votre classement dans les moteurs de recherche. Gr\u00e2ce \u00e0 une documentation compl\u00e8te et \u00e0 un support d\u00e9di\u00e9, cr\u00e9er la boutique en ligne de vos r\u00eaves n&rsquo;a jamais \u00e9t\u00e9 aussi simple. Optimisez votre pr\u00e9sence en ligne d\u00e8s aujourd&rsquo;hui avec le th\u00e8me WordPress Basel, le choix id\u00e9al pour les entreprises en qu\u00eate de style et de performance.<\/p>\n","protected":false},"featured_media":147216,"comment_status":"open","ping_status":"open","template":"","meta":[],"product_brand":[2433],"product_cat":[1214,1212,1213],"product_tag":[1366],"class_list":{"0":"post-147215","1":"product","2":"type-product","3":"status-publish","4":"has-post-thumbnail","6":"product_brand-themeforest","7":"product_cat-polyvalent","8":"product_cat-themes","9":"product_cat-wordpress-themes","10":"product_tag-themeforest","11":"member-discount","12":"discount-restricted","14":"first","15":"instock","16":"sale","17":"downloadable","18":"virtual","19":"sold-individually","20":"purchasable","21":"product-type-simple"},"_links":{"self":[{"href":"https:\/\/gpl-love.com\/fr\/wp-json\/wp\/v2\/product\/147215","targetHints":{"allow":["GET"]}}],"collection":[{"href":"https:\/\/gpl-love.com\/fr\/wp-json\/wp\/v2\/product"}],"about":[{"href":"https:\/\/gpl-love.com\/fr\/wp-json\/wp\/v2\/types\/product"}],"replies":[{"embeddable":true,"href":"https:\/\/gpl-love.com\/fr\/wp-json\/wp\/v2\/comments?post=147215"}],"wp:featuredmedia":[{"embeddable":true,"href":"https:\/\/gpl-love.com\/fr\/wp-json\/wp\/v2\/media\/147216"}],"wp:attachment":[{"href":"https:\/\/gpl-love.com\/fr\/wp-json\/wp\/v2\/media?parent=147215"}],"wp:term":[{"taxonomy":"product_brand","embeddable":true,"href":"https:\/\/gpl-love.com\/fr\/wp-json\/wp\/v2\/product_brand?post=147215"},{"taxonomy":"product_cat","embeddable":true,"href":"https:\/\/gpl-love.com\/fr\/wp-json\/wp\/v2\/product_cat?post=147215"},{"taxonomy":"product_tag","embeddable":true,"href":"https:\/\/gpl-love.com\/fr\/wp-json\/wp\/v2\/product_tag?post=147215"}],"curies":[{"name":"wp","href":"https:\/\/api.w.org\/{rel}","templated":true}]}}