{"id":147213,"date":"2025-09-19T00:00:00","date_gmt":"2025-09-18T22:00:00","guid":{"rendered":"https:\/\/gpl-love.com\/fr\/produit\/mainwp-advanced-uptime-monitor\/"},"modified":"2026-03-21T00:05:28","modified_gmt":"2026-03-20T23:05:28","slug":"mainwp-advanced-uptime-monitor","status":"publish","type":"product","link":"https:\/\/gpl-love.com\/fr\/produit\/mainwp-advanced-uptime-monitor\/","title":{"rendered":"MainWP Advanced Uptime Monitor 5.3.3"},"content":{"rendered":"<h3>MainWP Advanced Uptime Monitor Traits<\/h3>\n<p>D\u00e9couvrez MainWP Advanced Uptime Monitor, la solution id\u00e9ale pour garantir la fiabilit\u00e9 et les performances de votre site web. Fatigu\u00e9 des interruptions impr\u00e9vues qui impactent votre activit\u00e9\u00a0? Avec MainWP Advanced Uptime Monitor, gardez l&rsquo;esprit tranquille\u00a0: votre site web est surveill\u00e9 en permanence.<\/p>\n<p>Cet outil puissant s&rsquo;int\u00e8gre parfaitement \u00e0 votre configuration MainWP existante et vous fournit des alertes en temps r\u00e9el et des rapports complets. Vous serez imm\u00e9diatement averti de tout probl\u00e8me, ce qui vous permettra d&rsquo;agir rapidement et de minimiser tout impact potentiel sur vos visiteurs et vos revenus.<\/p>\n<p>MainWP Advanced Uptime Monitor suit non seulement la disponibilit\u00e9, mais fournit \u00e9galement des informations pr\u00e9cieuses sur les performances de votre site web, vous aidant ainsi \u00e0 optimiser sa vitesse et sa fiabilit\u00e9. Son interface conviviale est facile \u00e0 comprendre et \u00e0 utiliser, sans expertise technique requise.<\/p>\n<p>Gardez une longueur d&rsquo;avance sur la concurrence en garantissant l&rsquo;accessibilit\u00e9 permanente de votre site web \u00e0 votre public.<\/p>\n<ul>\n<li>Surveillance de la disponibilit\u00e9 du site web en temps r\u00e9el<\/li>\n<li>Alertes d&rsquo;indisponibilit\u00e9 instantan\u00e9es par e-mail ou SMS<\/li>\n<li>Rapports et analyses d\u00e9taill\u00e9s des interruptions<\/li>\n<li>Intervalles de surveillance personnalisables<\/li>\n<li>Int\u00e9gration facile avec le tableau de bord MainWP<\/li>\n<li>Prise en charge de plusieurs sites web et domaines<\/li>\n<li>Suivi de l&rsquo;historique des donn\u00e9es de disponibilit\u00e9<\/li>\n<li>Interface conviviale pour une configuration rapide<\/li>\n<li>Surveillance du certificat SSL incluse<\/li>\n<li>\u00c9volutif pour les grands r\u00e9seaux et les entreprises<\/li>\n<\/ul>\n","protected":false},"excerpt":{"rendered":"<p>D\u00e9couvrez MainWP Advanced Uptime Monitor, la solution id\u00e9ale pour garantir la fiabilit\u00e9 et les performances de votre site web. Cet outil performant offre une surveillance en temps r\u00e9el, des alertes instantan\u00e9es et des rapports d\u00e9taill\u00e9s pour assurer le bon fonctionnement de votre site. Gr\u00e2ce \u00e0 des fonctionnalit\u00e9s avanc\u00e9es comme le suivi des temps d&rsquo;arr\u00eat, l&rsquo;analyse des performances et des notifications personnalisables, vous ne manquerez rien. Con\u00e7u pour les webmasters occup\u00e9s, MainWP Advanced Uptime Monitor vous fait gagner du temps et optimise l&rsquo;efficacit\u00e9 de votre site, vous offrant ainsi une tranquillit\u00e9 d&rsquo;esprit et une exp\u00e9rience utilisateur fluide. Que vous g\u00e9riez un seul site ou plusieurs domaines, faites confiance \u00e0 MainWP pour une disponibilit\u00e9 in\u00e9gal\u00e9e et une gestion optimis\u00e9e de votre site web.<\/p>\n","protected":false},"featured_media":147214,"comment_status":"open","ping_status":"open","template":"","meta":[],"product_brand":[2587],"product_cat":[1187,1181,1186],"product_tag":[1299],"class_list":{"0":"post-147213","1":"product","2":"type-product","3":"status-publish","4":"has-post-thumbnail","6":"product_brand-main-wp","7":"product_cat-administration-wordpress-plugins","8":"product_cat-plugins","9":"product_cat-wordpress-plugins","10":"product_tag-main-wp","11":"member-discount","12":"discount-restricted","14":"first","15":"instock","16":"sale","17":"downloadable","18":"virtual","19":"sold-individually","20":"purchasable","21":"product-type-simple"},"_links":{"self":[{"href":"https:\/\/gpl-love.com\/fr\/wp-json\/wp\/v2\/product\/147213","targetHints":{"allow":["GET"]}}],"collection":[{"href":"https:\/\/gpl-love.com\/fr\/wp-json\/wp\/v2\/product"}],"about":[{"href":"https:\/\/gpl-love.com\/fr\/wp-json\/wp\/v2\/types\/product"}],"replies":[{"embeddable":true,"href":"https:\/\/gpl-love.com\/fr\/wp-json\/wp\/v2\/comments?post=147213"}],"wp:featuredmedia":[{"embeddable":true,"href":"https:\/\/gpl-love.com\/fr\/wp-json\/wp\/v2\/media\/147214"}],"wp:attachment":[{"href":"https:\/\/gpl-love.com\/fr\/wp-json\/wp\/v2\/media?parent=147213"}],"wp:term":[{"taxonomy":"product_brand","embeddable":true,"href":"https:\/\/gpl-love.com\/fr\/wp-json\/wp\/v2\/product_brand?post=147213"},{"taxonomy":"product_cat","embeddable":true,"href":"https:\/\/gpl-love.com\/fr\/wp-json\/wp\/v2\/product_cat?post=147213"},{"taxonomy":"product_tag","embeddable":true,"href":"https:\/\/gpl-love.com\/fr\/wp-json\/wp\/v2\/product_tag?post=147213"}],"curies":[{"name":"wp","href":"https:\/\/api.w.org\/{rel}","templated":true}]}}