{"id":147211,"date":"2025-11-26T00:00:00","date_gmt":"2025-11-25T23:00:00","guid":{"rendered":"https:\/\/gpl-love.com\/fr\/produit\/magic-login-pro\/"},"modified":"2026-04-02T12:31:26","modified_gmt":"2026-04-02T10:31:26","slug":"magic-login-pro","status":"publish","type":"product","link":"https:\/\/gpl-love.com\/fr\/produit\/magic-login-pro\/","title":{"rendered":"Magic Login Pro 2.7.1"},"content":{"rendered":"<h3>Magic Login Pro Traits<\/h3>\n<p>D\u00e9couvrez Magic Login Pro, la solution ultime pour un acc\u00e8s fluide et s\u00e9curis\u00e9 \u00e0 votre monde num\u00e9rique. Dites adieu \u00e0 la gestion fastidieuse des mots de passe gr\u00e2ce \u00e0 notre syst\u00e8me de connexion innovant, alliant technologie de pointe et convivialit\u00e9. Magic Login Pro offre une exp\u00e9rience in\u00e9gal\u00e9e, garantissant votre s\u00e9curit\u00e9 en ligne sans compromis sur la commodit\u00e9.<\/p>\n<p>Notre processus d&rsquo;authentification avanc\u00e9 offre une protection robuste contre les acc\u00e8s non autoris\u00e9s, vous assurant une tranquillit\u00e9 d&rsquo;esprit totale. L&rsquo;interface intuitive de Magic Login Pro simplifie la connexion, que vous utilisiez un ordinateur, une tablette ou un smartphone. Con\u00e7u pour les professionnels comme pour les particuliers, cet outil est id\u00e9al pour tous ceux qui recherchent une solution de connexion fiable et efficace.<\/p>\n<p>D\u00e9couvrez la magie d&rsquo;un acc\u00e8s simplifi\u00e9 gr\u00e2ce \u00e0 des fonctionnalit\u00e9s adapt\u00e9es \u00e0 vos besoins. Magic Login Pro prend en charge l&rsquo;authentification multifacteur, la connexion biom\u00e9trique et l&rsquo;authentification unique, ce qui le rend adaptable \u00e0 toutes les exigences de s\u00e9curit\u00e9. Rejoignez des milliers d&rsquo;utilisateurs satisfaits qui font confiance \u00e0 Magic Login Pro pour ses performances et sa fiabilit\u00e9 exceptionnelles.<\/p>\n<ul>\n<li>Authentification transparente sans mot de passe<\/li>\n<li>Prise en charge des connexions biom\u00e9triques (reconnaissance faciale et d&#8217;empreintes digitales)<\/li>\n<li>Compatibilit\u00e9 multiplateforme (Web, iOS, Android)<\/li>\n<li>S\u00e9curit\u00e9 renforc\u00e9e gr\u00e2ce \u00e0 l&rsquo;authentification \u00e0 deux facteurs<\/li>\n<li>Int\u00e9gration facile aux syst\u00e8mes existants<\/li>\n<li>Interface utilisateur personnalisable<\/li>\n<li>Suivi d&rsquo;activit\u00e9 et alertes en temps r\u00e9el<\/li>\n<li>Conformit\u00e9 RGPD et CCPA<\/li>\n<li>Adaptable aux entreprises de toutes tailles<\/li>\n<\/ul>\n","protected":false},"excerpt":{"rendered":"<p>D\u00e9couvrez Magic Login Pro\u00a0: la solution ultime pour un acc\u00e8s en ligne s\u00e9curis\u00e9, fluide et efficace. Avec Magic Login Pro, profitez d&rsquo;une s\u00e9curit\u00e9 in\u00e9gal\u00e9e, d&rsquo;une interface intuitive et de connexions ultra-rapides. Con\u00e7u pour les particuliers comme pour les entreprises, cet outil garantit une protection optimale des donn\u00e9es et une gestion simplifi\u00e9e des utilisateurs. D\u00e9couvrez l&rsquo;avenir de l&rsquo;authentification gr\u00e2ce \u00e0 une technologie de pointe qui privil\u00e9gie votre confidentialit\u00e9 et votre confort. Dites adieu aux mots de passe oubli\u00e9s et profitez d&rsquo;une exp\u00e9rience num\u00e9rique plus intelligente et plus s\u00fbre. Lib\u00e9rez le potentiel de votre pr\u00e9sence en ligne avec Magic Login Pro d\u00e8s aujourd&rsquo;hui\u00a0!<\/p>\n","protected":false},"featured_media":147212,"comment_status":"open","ping_status":"open","template":"","meta":[],"product_brand":[2817],"product_cat":[1189,1181,1186],"product_tag":[2818],"class_list":{"0":"post-147211","1":"product","2":"type-product","3":"status-publish","4":"has-post-thumbnail","6":"product_brand-handyplugins","7":"product_cat-personnalisation","8":"product_cat-plugins","9":"product_cat-wordpress-plugins","10":"product_tag-handyplugins","11":"member-discount","12":"discount-restricted","14":"first","15":"instock","16":"sale","17":"downloadable","18":"virtual","19":"sold-individually","20":"purchasable","21":"product-type-simple"},"_links":{"self":[{"href":"https:\/\/gpl-love.com\/fr\/wp-json\/wp\/v2\/product\/147211","targetHints":{"allow":["GET"]}}],"collection":[{"href":"https:\/\/gpl-love.com\/fr\/wp-json\/wp\/v2\/product"}],"about":[{"href":"https:\/\/gpl-love.com\/fr\/wp-json\/wp\/v2\/types\/product"}],"replies":[{"embeddable":true,"href":"https:\/\/gpl-love.com\/fr\/wp-json\/wp\/v2\/comments?post=147211"}],"wp:featuredmedia":[{"embeddable":true,"href":"https:\/\/gpl-love.com\/fr\/wp-json\/wp\/v2\/media\/147212"}],"wp:attachment":[{"href":"https:\/\/gpl-love.com\/fr\/wp-json\/wp\/v2\/media?parent=147211"}],"wp:term":[{"taxonomy":"product_brand","embeddable":true,"href":"https:\/\/gpl-love.com\/fr\/wp-json\/wp\/v2\/product_brand?post=147211"},{"taxonomy":"product_cat","embeddable":true,"href":"https:\/\/gpl-love.com\/fr\/wp-json\/wp\/v2\/product_cat?post=147211"},{"taxonomy":"product_tag","embeddable":true,"href":"https:\/\/gpl-love.com\/fr\/wp-json\/wp\/v2\/product_tag?post=147211"}],"curies":[{"name":"wp","href":"https:\/\/api.w.org\/{rel}","templated":true}]}}