{"id":147207,"date":"2025-11-27T00:00:00","date_gmt":"2025-11-26T23:00:00","guid":{"rendered":"https:\/\/gpl-love.com\/fr\/produit\/sparks-for-woocommerce\/"},"modified":"2026-03-21T00:05:26","modified_gmt":"2026-03-20T23:05:26","slug":"sparks-for-woocommerce","status":"publish","type":"product","link":"https:\/\/gpl-love.com\/fr\/produit\/sparks-for-woocommerce\/","title":{"rendered":"Sparks pour WooCommerce 2.0.1"},"content":{"rendered":"<h3>Sparks pour WooCommerce Traits<\/h3>\n<p>D\u00e9couvrez la puissance de Sparks pour WooCommerce, l&rsquo;outil ultime pour optimiser l&rsquo;exp\u00e9rience de votre boutique en ligne. Gr\u00e2ce \u00e0 cette extension innovante, transformez la gestion de votre plateforme e-commerce, optimisez ses fonctionnalit\u00e9s et boostez vos ventes. Sparks pour WooCommerce est con\u00e7u pour s&rsquo;int\u00e9grer parfaitement \u00e0 votre configuration existante, garantissant une mise en \u0153uvre fluide et sans tracas.<\/p>\n<p>Imaginez un monde o\u00f9 votre boutique WooCommerce fonctionne \u00e0 plein r\u00e9gime. Sparks pour WooCommerce offre une gamme de fonctionnalit\u00e9s qui simplifient les op\u00e9rations, optimisent les processus et am\u00e9liorent l&rsquo;engagement des utilisateurs. Que vous soyez un commer\u00e7ant exp\u00e9riment\u00e9 ou un d\u00e9butant, cette extension vous offre la flexibilit\u00e9 et la personnalisation dont vous avez besoin pour vous d\u00e9marquer de la concurrence.<\/p>\n<p>Notre interface intuitive vous permet de naviguer facilement et d&rsquo;effectuer des mises \u00e0 jour en temps r\u00e9el, garantissant ainsi des fiches produits toujours actualis\u00e9es et attrayantes. Avec Sparks pour WooCommerce, optimisez votre boutique pour un meilleur classement dans les moteurs de recherche, g\u00e9n\u00e9rez plus de trafic et augmentez vos taux de conversion.<\/p>\n<p>Rejoignez des milliers d&rsquo;utilisateurs satisfaits qui ont transform\u00e9 leur entreprise gr\u00e2ce \u00e0 Sparks pour WooCommerce.<\/p>\n<ul>\n<li>Int\u00e9gration transparente avec WooCommerce<\/li>\n<li>Exp\u00e9rience de paiement am\u00e9lior\u00e9e<\/li>\n<li>Options de conception personnalisables<\/li>\n<li>Analyses et rapports avanc\u00e9s<\/li>\n<li>Interface optimis\u00e9e pour les appareils mobiles<\/li>\n<li>Prise en charge de plusieurs passerelles de paiement<\/li>\n<li>Notifications automatiques par e-mail<\/li>\n<li>Outils de gestion des stocks<\/li>\n<li>Segmentation et ciblage des clients<\/li>\n<\/ul>\n","protected":false},"excerpt":{"rendered":"<p>D\u00e9couvrez Sparks pour WooCommerce\u00a0: la solution ultime pour dynamiser votre boutique en ligne. Optimisez votre plateforme e-commerce en toute simplicit\u00e9 gr\u00e2ce \u00e0 des fonctionnalit\u00e9s performantes con\u00e7ues pour booster vos ventes, optimiser vos op\u00e9rations et am\u00e9liorer l&rsquo;exp\u00e9rience client. Sparks pour WooCommerce offre une personnalisation in\u00e9gal\u00e9e, une interface intuitive et des analyses performantes, permettant aux entreprises d&rsquo;optimiser leurs vitrines en toute simplicit\u00e9. Que vous soyez une petite entreprise ou une entreprise \u00e9tablie, Sparks pour WooCommerce vous offre les outils n\u00e9cessaires pour r\u00e9ussir sur le march\u00e9 num\u00e9rique concurrentiel. Transformez votre boutique WooCommerce d\u00e8s aujourd&rsquo;hui et voyez votre entreprise s&rsquo;envoler gr\u00e2ce \u00e0 la croissance et \u00e0 l&rsquo;innovation.<\/p>\n","protected":false},"featured_media":147208,"comment_status":"open","ping_status":"open","template":"","meta":[],"product_brand":[2440],"product_cat":[1182,1223,1181],"product_tag":[1398],"class_list":{"0":"post-147207","1":"product","2":"type-product","3":"status-publish","4":"has-post-thumbnail","6":"product_brand-woocommerce","7":"product_cat-commerce-electronique-plugins","8":"product_cat-personnalisation-commerce-electronique-plugins","9":"product_cat-plugins","10":"product_tag-woocommerce","11":"member-discount","12":"discount-restricted","14":"first","15":"instock","16":"sale","17":"downloadable","18":"virtual","19":"sold-individually","20":"purchasable","21":"product-type-simple"},"_links":{"self":[{"href":"https:\/\/gpl-love.com\/fr\/wp-json\/wp\/v2\/product\/147207","targetHints":{"allow":["GET"]}}],"collection":[{"href":"https:\/\/gpl-love.com\/fr\/wp-json\/wp\/v2\/product"}],"about":[{"href":"https:\/\/gpl-love.com\/fr\/wp-json\/wp\/v2\/types\/product"}],"replies":[{"embeddable":true,"href":"https:\/\/gpl-love.com\/fr\/wp-json\/wp\/v2\/comments?post=147207"}],"wp:featuredmedia":[{"embeddable":true,"href":"https:\/\/gpl-love.com\/fr\/wp-json\/wp\/v2\/media\/147208"}],"wp:attachment":[{"href":"https:\/\/gpl-love.com\/fr\/wp-json\/wp\/v2\/media?parent=147207"}],"wp:term":[{"taxonomy":"product_brand","embeddable":true,"href":"https:\/\/gpl-love.com\/fr\/wp-json\/wp\/v2\/product_brand?post=147207"},{"taxonomy":"product_cat","embeddable":true,"href":"https:\/\/gpl-love.com\/fr\/wp-json\/wp\/v2\/product_cat?post=147207"},{"taxonomy":"product_tag","embeddable":true,"href":"https:\/\/gpl-love.com\/fr\/wp-json\/wp\/v2\/product_tag?post=147207"}],"curies":[{"name":"wp","href":"https:\/\/api.w.org\/{rel}","templated":true}]}}