{"id":147205,"date":"2026-04-08T00:00:00","date_gmt":"2026-04-07T22:00:00","guid":{"rendered":"https:\/\/gpl-love.com\/fr\/produit\/memberpress-active-campaign-tags-version\/"},"modified":"2026-04-08T18:32:27","modified_gmt":"2026-04-08T16:32:27","slug":"memberpress-active-campaign-tags-version","status":"publish","type":"product","link":"https:\/\/gpl-love.com\/fr\/produit\/memberpress-active-campaign-tags-version\/","title":{"rendered":"MemberPress Active Campaign Tags Version 1.1.5"},"content":{"rendered":"<h3>MemberPress Active Campaign Tags Version Traits<\/h3>\n<p>D\u00e9couvrez la nouvelle version des balises Active Campaign de MemberPress, un outil puissant con\u00e7u pour optimiser la strat\u00e9gie marketing de votre site d&rsquo;adh\u00e9sion. Int\u00e9grez-la parfaitement \u00e0 Active Campaign pour automatiser vos campagnes d&rsquo;e-mailing et booster l&rsquo;engagement de votre audience.<\/p>\n<p>Gr\u00e2ce \u00e0 la nouvelle version des balises Active Campaign de MemberPress, g\u00e9rez et organisez facilement vos donn\u00e9es d&rsquo;adh\u00e9sion. Cette version vous permet de cr\u00e9er des balises dynamiques qui se mettent \u00e0 jour automatiquement en fonction de l&rsquo;activit\u00e9 des membres. Qu&rsquo;il s&rsquo;agisse de suivre les nouvelles inscriptions, les formations termin\u00e9es ou les renouvellements d&rsquo;adh\u00e9sion, ces balises vous fournissent les informations n\u00e9cessaires pour personnaliser efficacement vos campagnes.<\/p>\n<p>D\u00e9couvrez la simplicit\u00e9 d&rsquo;utilisation de notre interface intuitive, facile \u00e0 configurer et \u00e0 g\u00e9rer pour tous. Cette version garantit des communications toujours pertinentes et personnalis\u00e9es, g\u00e9n\u00e9rant des taux d&rsquo;ouverture et de conversion plus \u00e9lev\u00e9s.<\/p>\n<p>Gardez une longueur d&rsquo;avance sur la concurrence en exploitant tout le potentiel de MemberPress et d&rsquo;Active Campaign. Notre nouvelle version est con\u00e7ue pour votre r\u00e9ussite et vous offre tous les outils n\u00e9cessaires pour d\u00e9velopper votre site d&rsquo;adh\u00e9sion et am\u00e9liorer la satisfaction de vos membres.<\/p>\n<ul>\n<li>Int\u00e9gration fluide entre MemberPress et ActiveCampaign<\/li>\n<li>Marquage automatique des membres en fonction de leur statut d&rsquo;abonnement<\/li>\n<li>Mise \u00e0 jour des tags en temps r\u00e9el en fonction de l&rsquo;\u00e9volution du statut des membres<\/li>\n<li>Configurations de tags personnalisables pour des campagnes marketing sur mesure<\/li>\n<li>Prise en charge de plusieurs niveaux d&rsquo;adh\u00e9sion et des tags correspondants<\/li>\n<li>Configuration facile gr\u00e2ce \u00e0 une interface intuitive<\/li>\n<li>Segmentation am\u00e9lior\u00e9e pour un marketing par e-mail cibl\u00e9<\/li>\n<li>Compatible avec les configurations MemberPress et ActiveCampaign existantes<\/li>\n<li>Synchronisation fiable pour garantir la coh\u00e9rence des donn\u00e9es<\/li>\n<\/ul>\n","protected":false},"excerpt":{"rendered":"<p>D\u00e9couvrez la derni\u00e8re version de MemberPress, parfaitement int\u00e9gr\u00e9e aux balises Active Campaign pour une efficacit\u00e9 in\u00e9gal\u00e9e. Cet outil puissant optimise la gestion de votre site d&rsquo;adh\u00e9sion en automatisant les t\u00e2ches et en am\u00e9liorant l&rsquo;engagement des utilisateurs. Gr\u00e2ce \u00e0 son interface intuitive, vous pouvez facilement identifier les membres en fonction de leurs actions, garantissant ainsi une communication personnalis\u00e9e et un marketing cibl\u00e9. Boostez vos taux de conversion et rationalisez votre flux de travail gr\u00e2ce \u00e0 cette fonctionnalit\u00e9 r\u00e9volutionnaire. D\u00e9couvrez la synergie parfaite entre MemberPress et les balises Active Campaign pour am\u00e9liorer les fonctionnalit\u00e9s de votre site et l&rsquo;exp\u00e9rience utilisateur. Ne manquez pas l&rsquo;opportunit\u00e9 d&rsquo;optimiser votre plateforme d&rsquo;adh\u00e9sion comme jamais auparavant.<\/p>\n","protected":false},"featured_media":147206,"comment_status":"open","ping_status":"open","template":"","meta":[],"product_brand":[2592],"product_cat":[1300,1181,1186],"product_tag":[1302],"class_list":{"0":"post-147205","1":"product","2":"type-product","3":"status-publish","4":"has-post-thumbnail","6":"product_brand-memberpress","7":"product_cat-adhesion","8":"product_cat-plugins","9":"product_cat-wordpress-plugins","10":"product_tag-memberpress","11":"member-discount","12":"discount-restricted","14":"first","15":"instock","16":"sale","17":"downloadable","18":"virtual","19":"sold-individually","20":"purchasable","21":"product-type-simple"},"_links":{"self":[{"href":"https:\/\/gpl-love.com\/fr\/wp-json\/wp\/v2\/product\/147205","targetHints":{"allow":["GET"]}}],"collection":[{"href":"https:\/\/gpl-love.com\/fr\/wp-json\/wp\/v2\/product"}],"about":[{"href":"https:\/\/gpl-love.com\/fr\/wp-json\/wp\/v2\/types\/product"}],"replies":[{"embeddable":true,"href":"https:\/\/gpl-love.com\/fr\/wp-json\/wp\/v2\/comments?post=147205"}],"wp:featuredmedia":[{"embeddable":true,"href":"https:\/\/gpl-love.com\/fr\/wp-json\/wp\/v2\/media\/147206"}],"wp:attachment":[{"href":"https:\/\/gpl-love.com\/fr\/wp-json\/wp\/v2\/media?parent=147205"}],"wp:term":[{"taxonomy":"product_brand","embeddable":true,"href":"https:\/\/gpl-love.com\/fr\/wp-json\/wp\/v2\/product_brand?post=147205"},{"taxonomy":"product_cat","embeddable":true,"href":"https:\/\/gpl-love.com\/fr\/wp-json\/wp\/v2\/product_cat?post=147205"},{"taxonomy":"product_tag","embeddable":true,"href":"https:\/\/gpl-love.com\/fr\/wp-json\/wp\/v2\/product_tag?post=147205"}],"curies":[{"name":"wp","href":"https:\/\/api.w.org\/{rel}","templated":true}]}}