{"id":147203,"date":"2026-04-07T00:00:00","date_gmt":"2026-04-06T22:00:00","guid":{"rendered":"https:\/\/gpl-love.com\/fr\/produit\/wicked-folders-pro\/"},"modified":"2026-04-08T00:31:20","modified_gmt":"2026-04-07T22:31:20","slug":"wicked-folders-pro","status":"publish","type":"product","link":"https:\/\/gpl-love.com\/fr\/produit\/wicked-folders-pro\/","title":{"rendered":"Wicked Folders Pro 4.1.2"},"content":{"rendered":"<h3>Wicked Folders Pro Traits<\/h3>\n<p>D\u00e9couvrez Wicked Folders Pro\u00a0: la solution id\u00e9ale pour organiser votre tableau de bord d&rsquo;administration WordPress\u00a0! Dites adieu au d\u00e9sordre et profitez d&rsquo;un espace de travail simplifi\u00e9 et efficace. Que vous g\u00e9riez un blog, un site web professionnel ou une plateforme e-commerce, Wicked Folders Pro transforme la gestion du contenu et des param\u00e8tres de votre site web.<\/p>\n<p>Avec Wicked Folders Pro, classez facilement vos articles, pages et m\u00e9dias dans des dossiers intuitifs, simplifiant ainsi la navigation. Son interface intuitive vous permet de glisser-d\u00e9poser des \u00e9l\u00e9ments dans des dossiers, comme sur votre ordinateur. Finis les d\u00e9filements interminables et les recherches d&rsquo;\u00e9l\u00e9ments sp\u00e9cifiques.<\/p>\n<p>Wicked Folders Pro s&rsquo;int\u00e8gre parfaitement \u00e0 votre configuration WordPress existante, garantissant compatibilit\u00e9 et simplicit\u00e9 d&rsquo;utilisation. Id\u00e9al pour les propri\u00e9taires de sites et les d\u00e9veloppeurs qui souhaitent organiser et optimiser leur espace num\u00e9rique.<\/p>\n<p>Profitez d&rsquo;une productivit\u00e9 accrue gr\u00e2ce \u00e0 des fonctionnalit\u00e9s telles que les actions group\u00e9es, la personnalisation des structures de dossiers et l&rsquo;acc\u00e8s rapide aux \u00e9l\u00e9ments les plus utilis\u00e9s.<\/p>\n<ul>\n<li>Syst\u00e8me d&rsquo;organisation avanc\u00e9<\/li>\n<li>Structures de dossiers personnalisables<\/li>\n<li>Interface intuitive par glisser-d\u00e9poser<\/li>\n<li>Fonctionnalit\u00e9s de s\u00e9curit\u00e9 renforc\u00e9es<\/li>\n<li>Outils de collaboration en temps r\u00e9el<\/li>\n<li>Int\u00e9gration cloud transparente<\/li>\n<li>Synchronisation multi-appareils<\/li>\n<li>Conception conviviale<\/li>\n<li>Options de tri automatis\u00e9es<\/li>\n<li>Analyses et rapports d\u00e9taill\u00e9s<\/li>\n<\/ul>\n","protected":false},"excerpt":{"rendered":"<p>D\u00e9couvrez Wicked Folders Pro, la solution ultime pour une organisation num\u00e9rique fluide. Con\u00e7u pour l&rsquo;efficacit\u00e9 et la simplicit\u00e9, cet outil puissant vous aide \u00e0 rationaliser votre flux de travail, \u00e0 optimiser votre productivit\u00e9 et \u00e0 g\u00e9rer vos fichiers sans effort. Gr\u00e2ce \u00e0 son interface intuitive, Wicked Folders Pro transforme le chaos en clart\u00e9, ce qui en fait un outil id\u00e9al pour les professionnels comme pour les cr\u00e9atifs. Profitez de fonctionnalit\u00e9s telles que des hi\u00e9rarchies de dossiers personnalisables, une r\u00e9cup\u00e9ration rapide des fichiers et une int\u00e9gration cloud s\u00e9curis\u00e9e. Que vous soyez freelance ou membre d&rsquo;une grande \u00e9quipe, Wicked Folders Pro est la solution id\u00e9ale pour rester organis\u00e9 et concentr\u00e9. D\u00e9couvrez d\u00e8s aujourd&rsquo;hui le futur de la gestion de fichiers avec Wicked Folders Pro.<\/p>\n","protected":false},"featured_media":147204,"comment_status":"open","ping_status":"open","template":"","meta":[],"product_brand":[2813],"product_cat":[1187,1181,1186],"product_tag":[2814],"class_list":{"0":"post-147203","1":"product","2":"type-product","3":"status-publish","4":"has-post-thumbnail","6":"product_brand-wicked-plugins","7":"product_cat-administration-wordpress-plugins","8":"product_cat-plugins","9":"product_cat-wordpress-plugins","10":"product_tag-wicked-plugins","11":"member-discount","12":"discount-restricted","14":"first","15":"instock","16":"sale","17":"downloadable","18":"virtual","19":"sold-individually","20":"purchasable","21":"product-type-simple"},"_links":{"self":[{"href":"https:\/\/gpl-love.com\/fr\/wp-json\/wp\/v2\/product\/147203","targetHints":{"allow":["GET"]}}],"collection":[{"href":"https:\/\/gpl-love.com\/fr\/wp-json\/wp\/v2\/product"}],"about":[{"href":"https:\/\/gpl-love.com\/fr\/wp-json\/wp\/v2\/types\/product"}],"replies":[{"embeddable":true,"href":"https:\/\/gpl-love.com\/fr\/wp-json\/wp\/v2\/comments?post=147203"}],"wp:featuredmedia":[{"embeddable":true,"href":"https:\/\/gpl-love.com\/fr\/wp-json\/wp\/v2\/media\/147204"}],"wp:attachment":[{"href":"https:\/\/gpl-love.com\/fr\/wp-json\/wp\/v2\/media?parent=147203"}],"wp:term":[{"taxonomy":"product_brand","embeddable":true,"href":"https:\/\/gpl-love.com\/fr\/wp-json\/wp\/v2\/product_brand?post=147203"},{"taxonomy":"product_cat","embeddable":true,"href":"https:\/\/gpl-love.com\/fr\/wp-json\/wp\/v2\/product_cat?post=147203"},{"taxonomy":"product_tag","embeddable":true,"href":"https:\/\/gpl-love.com\/fr\/wp-json\/wp\/v2\/product_tag?post=147203"}],"curies":[{"name":"wp","href":"https:\/\/api.w.org\/{rel}","templated":true}]}}