{"id":147201,"date":"2026-01-04T00:00:00","date_gmt":"2026-01-03T23:00:00","guid":{"rendered":"https:\/\/gpl-love.com\/fr\/produit\/litho\/"},"modified":"2026-03-21T00:05:22","modified_gmt":"2026-03-20T23:05:22","slug":"litho","status":"publish","type":"product","link":"https:\/\/gpl-love.com\/fr\/produit\/litho\/","title":{"rendered":"Litho 3.6"},"content":{"rendered":"<h3>Litho Traits<\/h3>\n<p>D\u00e9couvrez Litho, le th\u00e8me WordPress ultime con\u00e7u pour transformer votre site web en une pr\u00e9sence en ligne exceptionnelle et riche en fonctionnalit\u00e9s. Que vous soyez blogueur, entrepreneur ou professionnel cr\u00e9atif, Litho offre une polyvalence et une personnalisation in\u00e9gal\u00e9es.<\/p>\n<p>Avec Litho WordPress, cr\u00e9ez facilement un site web en harmonie avec votre identit\u00e9 de marque. Son interface conviviale et ses outils de conception intuitifs simplifient la cr\u00e9ation et la gestion de votre site, m\u00eame sans connaissances techniques. Profitez d&rsquo;un large choix de mod\u00e8les et de mises en page pr\u00e9d\u00e9finis, parfaits pour pr\u00e9senter votre contenu avec \u00e9l\u00e9gance sur tous les appareils.<\/p>\n<p>Optimisez votre r\u00e9f\u00e9rencement naturel (SEO) sans effort gr\u00e2ce aux fonctionnalit\u00e9s int\u00e9gr\u00e9es de Litho, pour un meilleur classement de votre site dans les moteurs de recherche et une augmentation du nombre de visiteurs. Le chargement rapide des pages et le design responsive garantissent une exp\u00e9rience utilisateur optimale, fid\u00e9lisant votre audience et la faisant revenir.<\/p>\n<p>Litho WordPress est compatible avec les extensions les plus populaires, vous permettant d&rsquo;\u00e9tendre les fonctionnalit\u00e9s de votre site sans difficult\u00e9. Des solutions e-commerce aux pr\u00e9sentations de portfolios, Litho a tout ce qu&rsquo;il vous faut.<\/p>\n<ul>\n<li>Th\u00e8me WordPress personnalisable<\/li>\n<li>Design adaptatif pour mobile et ordinateur<\/li>\n<li>Sites de d\u00e9monstration pr\u00e9-con\u00e7us pour une configuration rapide<\/li>\n<li>Int\u00e9gration d&rsquo;un g\u00e9n\u00e9rateur de pages par glisser-d\u00e9poser<\/li>\n<li>Optimisation SEO pour un meilleur classement dans les moteurs de recherche<\/li>\n<li>Compatibilit\u00e9 WooCommerce pour les boutiques en ligne<\/li>\n<li>Plusieurs styles d&rsquo;en-t\u00eate et de pied de page<\/li>\n<li>Nombreuses options typographiques<\/li>\n<li>Curseurs et galeries int\u00e9gr\u00e9s<\/li>\n<li>Pr\u00eat \u00e0 traduire avec prise en charge multilingue<\/li>\n<\/ul>\n","protected":false},"excerpt":{"rendered":"<p>D\u00e9couvrez la puissance de Litho, le th\u00e8me WordPress ultime, con\u00e7u pour allier cr\u00e9ativit\u00e9 et fonctionnalit\u00e9. Id\u00e9al pour les entreprises, les blogueurs et les sites e-commerce, Litho offre des mises en page personnalisables, un design r\u00e9actif et une int\u00e9gration fluide avec les plugins les plus populaires. Gr\u00e2ce \u00e0 son interface intuitive et \u00e0 ses performances ultra-rapides, Litho garantit une exp\u00e9rience utilisateur exceptionnelle. Optimisez votre pr\u00e9sence en ligne gr\u00e2ce \u00e0 des visuels \u00e9poustouflants et une navigation intuitive. Que vous cr\u00e9iez un portfolio ou une boutique en ligne compl\u00e8te, Litho vous offre les outils n\u00e9cessaires pour captiver et convertir votre audience. D\u00e9couvrez d\u00e8s aujourd&rsquo;hui la flexibilit\u00e9 et l&rsquo;innovation du th\u00e8me WordPress Litho et transformez votre site web en un chef-d&rsquo;\u0153uvre.<\/p>\n","protected":false},"featured_media":147202,"comment_status":"open","ping_status":"open","template":"","meta":[],"product_brand":[2811],"product_cat":[1516,1212,1213],"product_tag":[2812],"class_list":{"0":"post-147201","1":"product","2":"type-product","3":"status-publish","4":"has-post-thumbnail","6":"product_brand-themezaa","7":"product_cat-entreprise","8":"product_cat-themes","9":"product_cat-wordpress-themes","10":"product_tag-themezaa","11":"member-discount","12":"discount-restricted","14":"first","15":"instock","16":"sale","17":"downloadable","18":"virtual","19":"sold-individually","20":"purchasable","21":"product-type-simple"},"_links":{"self":[{"href":"https:\/\/gpl-love.com\/fr\/wp-json\/wp\/v2\/product\/147201","targetHints":{"allow":["GET"]}}],"collection":[{"href":"https:\/\/gpl-love.com\/fr\/wp-json\/wp\/v2\/product"}],"about":[{"href":"https:\/\/gpl-love.com\/fr\/wp-json\/wp\/v2\/types\/product"}],"replies":[{"embeddable":true,"href":"https:\/\/gpl-love.com\/fr\/wp-json\/wp\/v2\/comments?post=147201"}],"wp:featuredmedia":[{"embeddable":true,"href":"https:\/\/gpl-love.com\/fr\/wp-json\/wp\/v2\/media\/147202"}],"wp:attachment":[{"href":"https:\/\/gpl-love.com\/fr\/wp-json\/wp\/v2\/media?parent=147201"}],"wp:term":[{"taxonomy":"product_brand","embeddable":true,"href":"https:\/\/gpl-love.com\/fr\/wp-json\/wp\/v2\/product_brand?post=147201"},{"taxonomy":"product_cat","embeddable":true,"href":"https:\/\/gpl-love.com\/fr\/wp-json\/wp\/v2\/product_cat?post=147201"},{"taxonomy":"product_tag","embeddable":true,"href":"https:\/\/gpl-love.com\/fr\/wp-json\/wp\/v2\/product_tag?post=147201"}],"curies":[{"name":"wp","href":"https:\/\/api.w.org\/{rel}","templated":true}]}}