{"id":147185,"date":"2025-07-21T00:00:00","date_gmt":"2025-07-20T22:00:00","guid":{"rendered":"https:\/\/gpl-love.com\/fr\/produit\/mainwp-ssl-monitor\/"},"modified":"2026-03-21T00:05:15","modified_gmt":"2026-03-20T23:05:15","slug":"mainwp-ssl-monitor","status":"publish","type":"product","link":"https:\/\/gpl-love.com\/fr\/produit\/mainwp-ssl-monitor\/","title":{"rendered":"MainWP SSL Monitor 5.1.3"},"content":{"rendered":"<h3>MainWP SSL Monitor Traits<\/h3>\n<p>D\u00e9couvrez MainWP SSL Monitor\u00a0: l&rsquo;outil indispensable pour garantir la s\u00e9curit\u00e9 de votre site web et renforcer la confiance de vos visiteurs. Dans le paysage num\u00e9rique actuel, maintenir une connexion s\u00e9curis\u00e9e est crucial. Avec MainWP SSL Monitor, surveillez facilement vos certificats SSL sur plusieurs sites, garantissant ainsi leur mise \u00e0 jour et leur bon fonctionnement.<\/p>\n<p>Cet outil puissant s&rsquo;int\u00e8gre parfaitement \u00e0 votre tableau de bord MainWP et offre un point de contr\u00f4le centralis\u00e9 pour suivre les performances SSL. Finies les v\u00e9rifications manuelles fastidieuses de chaque site. MainWP SSL Monitor envoie des alertes en temps r\u00e9el en cas d&rsquo;expiration imminente ou de probl\u00e8me, vous permettant d&rsquo;agir rapidement avant qu&rsquo;un probl\u00e8me ne survienne.<\/p>\n<p>Con\u00e7u pour \u00eatre simple d&rsquo;utilisation, MainWP SSL Monitor offre une interface intuitive qui rend la gestion SSL accessible \u00e0 tous, des d\u00e9butants aux webmasters exp\u00e9riment\u00e9s. Am\u00e9liorez la s\u00e9curit\u00e9 de votre site web, optimisez votre r\u00e9f\u00e9rencement et offrez une navigation plus s\u00fbre \u00e0 vos visiteurs gr\u00e2ce \u00e0 notre solution fiable de surveillance SSL.<\/p>\n<p>Prenez le contr\u00f4le de la s\u00e9curit\u00e9 de votre site web d\u00e8s aujourd&rsquo;hui avec MainWP SSL Monitor.<\/p>\n<ul>\n<li>Surveille les certificats SSL de tous les sites web connect\u00e9s<\/li>\n<li>Fournit des alertes pour les expirations de certificats SSL \u00e0 venir<\/li>\n<li>Tableau de bord centralis\u00e9 pour une gestion simplifi\u00e9e<\/li>\n<li>Prise en charge d&rsquo;un nombre illimit\u00e9 de sites web<\/li>\n<li>Int\u00e9gration \u00e0 MainWP pour une exp\u00e9rience utilisateur fluide<\/li>\n<li>Rapports d\u00e9taill\u00e9s sur l&rsquo;\u00e9tat et les probl\u00e8mes SSL<\/li>\n<li>Param\u00e8tres de notification personnalisables<\/li>\n<li>Compatible avec les principaux fournisseurs de certificats SSL<\/li>\n<li>Interface conviviale pour une configuration et une surveillance rapides<\/li>\n<li>Mises \u00e0 jour r\u00e9guli\u00e8res pour am\u00e9liorer la s\u00e9curit\u00e9 et les performances<\/li>\n<\/ul>\n","protected":false},"excerpt":{"rendered":"<p>D\u00e9couvrez MainWP SSL Monitor\u00a0: la solution id\u00e9ale pour maintenir la s\u00e9curit\u00e9 et les performances de votre site web. Gr\u00e2ce \u00e0 une int\u00e9gration transparente, cet outil performant surveille en permanence les certificats SSL, garantissant ainsi la s\u00e9curit\u00e9 et la fiabilit\u00e9 de vos sites. MainWP SSL Monitor fournit des alertes en temps r\u00e9el et des rapports d\u00e9taill\u00e9s, vous aidant \u00e0 pr\u00e9venir les vuln\u00e9rabilit\u00e9s potentielles et \u00e0 maintenir votre conformit\u00e9 sans effort. Con\u00e7u pour une utilisation simple, il permet aux propri\u00e9taires de sites web de g\u00e9rer plusieurs sites depuis un seul tableau de bord, gagnant ainsi du temps et am\u00e9liorant leur productivit\u00e9. Que vous soyez d\u00e9veloppeur exp\u00e9riment\u00e9 ou chef de petite entreprise, MainWP SSL Monitor est l&rsquo;outil essentiel pour prot\u00e9ger votre pr\u00e9sence en ligne. Restez prot\u00e9g\u00e9 et inform\u00e9 avec MainWP SSL Monitor d\u00e8s aujourd&rsquo;hui.<\/p>\n","protected":false},"featured_media":147186,"comment_status":"open","ping_status":"open","template":"","meta":[],"product_brand":[2587],"product_cat":[1187,1181,1186],"product_tag":[1299],"class_list":{"0":"post-147185","1":"product","2":"type-product","3":"status-publish","4":"has-post-thumbnail","6":"product_brand-main-wp","7":"product_cat-administration-wordpress-plugins","8":"product_cat-plugins","9":"product_cat-wordpress-plugins","10":"product_tag-main-wp","11":"member-discount","12":"discount-restricted","14":"first","15":"instock","16":"sale","17":"downloadable","18":"virtual","19":"sold-individually","20":"purchasable","21":"product-type-simple"},"_links":{"self":[{"href":"https:\/\/gpl-love.com\/fr\/wp-json\/wp\/v2\/product\/147185","targetHints":{"allow":["GET"]}}],"collection":[{"href":"https:\/\/gpl-love.com\/fr\/wp-json\/wp\/v2\/product"}],"about":[{"href":"https:\/\/gpl-love.com\/fr\/wp-json\/wp\/v2\/types\/product"}],"replies":[{"embeddable":true,"href":"https:\/\/gpl-love.com\/fr\/wp-json\/wp\/v2\/comments?post=147185"}],"wp:featuredmedia":[{"embeddable":true,"href":"https:\/\/gpl-love.com\/fr\/wp-json\/wp\/v2\/media\/147186"}],"wp:attachment":[{"href":"https:\/\/gpl-love.com\/fr\/wp-json\/wp\/v2\/media?parent=147185"}],"wp:term":[{"taxonomy":"product_brand","embeddable":true,"href":"https:\/\/gpl-love.com\/fr\/wp-json\/wp\/v2\/product_brand?post=147185"},{"taxonomy":"product_cat","embeddable":true,"href":"https:\/\/gpl-love.com\/fr\/wp-json\/wp\/v2\/product_cat?post=147185"},{"taxonomy":"product_tag","embeddable":true,"href":"https:\/\/gpl-love.com\/fr\/wp-json\/wp\/v2\/product_tag?post=147185"}],"curies":[{"name":"wp","href":"https:\/\/api.w.org\/{rel}","templated":true}]}}