{"id":147183,"date":"2026-03-20T00:00:00","date_gmt":"2026-03-19T23:00:00","guid":{"rendered":"https:\/\/gpl-love.com\/fr\/produit\/mainwp-database-updater\/"},"modified":"2026-03-21T00:05:15","modified_gmt":"2026-03-20T23:05:15","slug":"mainwp-database-updater","status":"publish","type":"product","link":"https:\/\/gpl-love.com\/fr\/produit\/mainwp-database-updater\/","title":{"rendered":"MainWP Database Updater 5.1"},"content":{"rendered":"<h3>MainWP Database Updater Traits<\/h3>\n<p>D\u00e9couvrez MainWP Database Updater, la solution id\u00e9ale pour une gestion WordPress fluide. Con\u00e7u pour \u00eatre efficace et simple, cet outil garantit la mise \u00e0 jour permanente de votre base de donn\u00e9es WordPress, am\u00e9liorant ainsi les performances et la s\u00e9curit\u00e9 de vos sites web.<\/p>\n<p>Gr\u00e2ce \u00e0 MainWP Database Updater, g\u00e9rez facilement les mises \u00e0 jour de plusieurs sites depuis un seul tableau de bord. Finies les mises \u00e0 jour manuelles fastidieuses\u00a0! Notre outil automatise l&rsquo;ensemble du processus, vous permettant de vous concentrer sur l&rsquo;essentiel\u00a0: le d\u00e9veloppement de votre entreprise.<\/p>\n<p>D\u00e9couvrez la puissance d&rsquo;une gestion de base de donn\u00e9es simplifi\u00e9e gr\u00e2ce \u00e0 des fonctionnalit\u00e9s adapt\u00e9es aux besoins des utilisateurs WordPress. MainWP Database Updater met \u00e0 jour vos bases de donn\u00e9es et les optimise, garantissant ainsi le bon fonctionnement et l&rsquo;efficacit\u00e9 de vos sites. Dites adieu aux ralentissements et profitez de temps de chargement ultra-rapides.<\/p>\n<p>Notre interface conviviale facilite la navigation, que vous soyez d\u00e9veloppeur exp\u00e9riment\u00e9 ou novice en WordPress. De plus, gr\u00e2ce \u00e0 notre support performant et \u00e0 nos mises \u00e0 jour r\u00e9guli\u00e8res, vous avez l&rsquo;assurance que vos sites sont entre de bonnes mains.<\/p>\n<ul>\n<li>Mise \u00e0 jour et maintenance efficaces des bases de donn\u00e9es WordPress<\/li>\n<li>Compatible avec le tableau de bord MainWP<\/li>\n<li>Automatisation des mises \u00e0 jour des bases de donn\u00e9es pour garantir la s\u00e9curit\u00e9<\/li>\n<li>Fournit des journaux d\u00e9taill\u00e9s des activit\u00e9s de mise \u00e0 jour<\/li>\n<li>Prise en charge de plusieurs sites WordPress<\/li>\n<li>Interface conviviale pour une navigation simplifi\u00e9e<\/li>\n<li>Planifications de mise \u00e0 jour personnalisables<\/li>\n<li>Minimisation des temps d&rsquo;arr\u00eat pendant les mises \u00e0 jour<\/li>\n<li>Offre des options de sauvegarde avant la mise \u00e0 jour<\/li>\n<li>Plugin l\u00e9ger avec un impact minimal sur les performances du site<\/li>\n<\/ul>\n","protected":false},"excerpt":{"rendered":"<p>D\u00e9couvrez MainWP Database Updater, la solution id\u00e9ale pour une gestion de base de donn\u00e9es WordPress fluide et automatis\u00e9e. Optimisez, mettez \u00e0 jour et s\u00e9curisez votre site en toute simplicit\u00e9 gr\u00e2ce \u00e0 ce puissant plugin. Con\u00e7u pour les webmasters en qu\u00eate d&rsquo;efficacit\u00e9, MainWP Database Updater garantit un fonctionnement optimal de votre base de donn\u00e9es, am\u00e9liorant ainsi les performances et la s\u00e9curit\u00e9 de votre site. Gr\u00e2ce \u00e0 ses fonctionnalit\u00e9s intuitives et \u00e0 sa surveillance en temps r\u00e9el, g\u00e9rer plusieurs sites devient un jeu d&rsquo;enfant. Dites adieu aux mises \u00e0 jour manuelles et profitez d&rsquo;op\u00e9rations simplifi\u00e9es. D\u00e9couvrez d\u00e8s aujourd&rsquo;hui les avantages de MainWP Database Updater et optimisez votre exp\u00e9rience WordPress.<\/p>\n","protected":false},"featured_media":147184,"comment_status":"open","ping_status":"open","template":"","meta":[],"product_brand":[2587],"product_cat":[1187,1181,1186],"product_tag":[1299],"class_list":{"0":"post-147183","1":"product","2":"type-product","3":"status-publish","4":"has-post-thumbnail","6":"product_brand-main-wp","7":"product_cat-administration-wordpress-plugins","8":"product_cat-plugins","9":"product_cat-wordpress-plugins","10":"product_tag-main-wp","11":"member-discount","12":"discount-restricted","14":"first","15":"instock","16":"sale","17":"downloadable","18":"virtual","19":"sold-individually","20":"purchasable","21":"product-type-simple"},"_links":{"self":[{"href":"https:\/\/gpl-love.com\/fr\/wp-json\/wp\/v2\/product\/147183","targetHints":{"allow":["GET"]}}],"collection":[{"href":"https:\/\/gpl-love.com\/fr\/wp-json\/wp\/v2\/product"}],"about":[{"href":"https:\/\/gpl-love.com\/fr\/wp-json\/wp\/v2\/types\/product"}],"replies":[{"embeddable":true,"href":"https:\/\/gpl-love.com\/fr\/wp-json\/wp\/v2\/comments?post=147183"}],"wp:featuredmedia":[{"embeddable":true,"href":"https:\/\/gpl-love.com\/fr\/wp-json\/wp\/v2\/media\/147184"}],"wp:attachment":[{"href":"https:\/\/gpl-love.com\/fr\/wp-json\/wp\/v2\/media?parent=147183"}],"wp:term":[{"taxonomy":"product_brand","embeddable":true,"href":"https:\/\/gpl-love.com\/fr\/wp-json\/wp\/v2\/product_brand?post=147183"},{"taxonomy":"product_cat","embeddable":true,"href":"https:\/\/gpl-love.com\/fr\/wp-json\/wp\/v2\/product_cat?post=147183"},{"taxonomy":"product_tag","embeddable":true,"href":"https:\/\/gpl-love.com\/fr\/wp-json\/wp\/v2\/product_tag?post=147183"}],"curies":[{"name":"wp","href":"https:\/\/api.w.org\/{rel}","templated":true}]}}