{"id":147179,"date":"2026-03-20T00:00:00","date_gmt":"2026-03-19T23:00:00","guid":{"rendered":"https:\/\/gpl-love.com\/fr\/produit\/mainwp-domain-monitor\/"},"modified":"2026-03-21T00:05:13","modified_gmt":"2026-03-20T23:05:13","slug":"mainwp-domain-monitor","status":"publish","type":"product","link":"https:\/\/gpl-love.com\/fr\/produit\/mainwp-domain-monitor\/","title":{"rendered":"MainWP Domain Monitor 5.1.5"},"content":{"rendered":"<h3>MainWP Domain Monitor Traits<\/h3>\n<p>D\u00e9couvrez MainWP Domain Monitor, l&rsquo;outil indispensable pour une gestion fluide de vos domaines. En tant que propri\u00e9taire de site web avis\u00e9, vous savez combien il est important de suivre vos domaines. Avec MainWP Domain Monitor, surveillez facilement l&rsquo;\u00e9tat de vos domaines, leurs dates d&rsquo;expiration et les modifications importantes, pour ne rien manquer.<\/p>\n<p>Notre interface intuitive vous permet de consulter tous les d\u00e9tails de votre domaine dans un tableau de bord pratique. MainWP Domain Monitor s&rsquo;int\u00e8gre facilement \u00e0 votre configuration MainWP existante, offrant une solution centralis\u00e9e pour la gestion de plusieurs domaines. Restez inform\u00e9 gr\u00e2ce aux alertes et notifications en temps r\u00e9el, ce qui vous permet d&rsquo;agir rapidement pour s\u00e9curiser votre pr\u00e9sence en ligne.<\/p>\n<p>Que vous g\u00e9riez un seul site web ou un vaste r\u00e9seau, MainWP Domain Monitor offre \u00e9volutivit\u00e9 et flexibilit\u00e9. Prot\u00e9gez vos investissements et gardez le contr\u00f4le de vos domaines en toute simplicit\u00e9. Notre outil est con\u00e7u pour vous faire gagner du temps et des efforts, afin que vous puissiez vous concentrer sur la croissance de votre entreprise.<\/p>\n<p>Ne vous laissez pas surprendre par des domaines expir\u00e9s ou des modifications inattendues. Choisissez MainWP Domain Monitor pour une exp\u00e9rience de gestion de domaine fiable et efficace.<\/p>\n<ul>\n<li>Surveille l&rsquo;\u00e9tat et la sant\u00e9 du domaine<\/li>\n<li>Alertes sur les dates d&rsquo;expiration des domaines<\/li>\n<li>Suivi des modifications et mises \u00e0 jour DNS<\/li>\n<li>Fournit des informations WHOIS<\/li>\n<li>Param\u00e8tres de notification personnalisables<\/li>\n<li>Int\u00e9gration au tableau de bord MainWP<\/li>\n<li>Prise en charge de plusieurs domaines<\/li>\n<li>Rapports d&rsquo;\u00e9tat r\u00e9guliers<\/li>\n<li>Interface conviviale<\/li>\n<li>Surveillance des certificats SSL<\/li>\n<\/ul>\n","protected":false},"excerpt":{"rendered":"<p>D\u00e9couvrez MainWP Domain Monitor\u00a0: la solution ultime pour une gestion de domaine fluide. Suivez vos domaines en toute simplicit\u00e9 gr\u00e2ce \u00e0 notre plateforme intuitive, con\u00e7ue pour am\u00e9liorer la surveillance de votre site web. Parmi ses fonctionnalit\u00e9s cl\u00e9s, citons les alertes en temps r\u00e9el, les rapports complets et un tableau de bord convivial, pour une information et une pr\u00e9paration optimales. Avec MainWP Domain Monitor, les mises \u00e0 jour du statut de votre domaine sont accessibles en un clic, vous permettant de vous concentrer sur l&rsquo;essentiel\u00a0: d\u00e9velopper votre activit\u00e9. Attirez des clients potentiels gr\u00e2ce \u00e0 notre service fiable et efficace, gage de tranquillit\u00e9 d&rsquo;esprit. S\u00e9curisez votre pr\u00e9sence en ligne d\u00e8s aujourd&rsquo;hui avec MainWP Domain Monitor et b\u00e9n\u00e9ficiez d&rsquo;un contr\u00f4le et d&rsquo;une simplicit\u00e9 in\u00e9gal\u00e9s.<\/p>\n","protected":false},"featured_media":147180,"comment_status":"open","ping_status":"open","template":"","meta":[],"product_brand":[2587],"product_cat":[1187,1181,1186],"product_tag":[1299],"class_list":{"0":"post-147179","1":"product","2":"type-product","3":"status-publish","4":"has-post-thumbnail","6":"product_brand-main-wp","7":"product_cat-administration-wordpress-plugins","8":"product_cat-plugins","9":"product_cat-wordpress-plugins","10":"product_tag-main-wp","11":"member-discount","12":"discount-restricted","14":"first","15":"instock","16":"sale","17":"downloadable","18":"virtual","19":"sold-individually","20":"purchasable","21":"product-type-simple"},"_links":{"self":[{"href":"https:\/\/gpl-love.com\/fr\/wp-json\/wp\/v2\/product\/147179","targetHints":{"allow":["GET"]}}],"collection":[{"href":"https:\/\/gpl-love.com\/fr\/wp-json\/wp\/v2\/product"}],"about":[{"href":"https:\/\/gpl-love.com\/fr\/wp-json\/wp\/v2\/types\/product"}],"replies":[{"embeddable":true,"href":"https:\/\/gpl-love.com\/fr\/wp-json\/wp\/v2\/comments?post=147179"}],"wp:featuredmedia":[{"embeddable":true,"href":"https:\/\/gpl-love.com\/fr\/wp-json\/wp\/v2\/media\/147180"}],"wp:attachment":[{"href":"https:\/\/gpl-love.com\/fr\/wp-json\/wp\/v2\/media?parent=147179"}],"wp:term":[{"taxonomy":"product_brand","embeddable":true,"href":"https:\/\/gpl-love.com\/fr\/wp-json\/wp\/v2\/product_brand?post=147179"},{"taxonomy":"product_cat","embeddable":true,"href":"https:\/\/gpl-love.com\/fr\/wp-json\/wp\/v2\/product_cat?post=147179"},{"taxonomy":"product_tag","embeddable":true,"href":"https:\/\/gpl-love.com\/fr\/wp-json\/wp\/v2\/product_tag?post=147179"}],"curies":[{"name":"wp","href":"https:\/\/api.w.org\/{rel}","templated":true}]}}