{"id":147177,"date":"2025-05-23T00:00:00","date_gmt":"2025-05-22T22:00:00","guid":{"rendered":"https:\/\/gpl-love.com\/fr\/produit\/wc-vendors-membership\/"},"modified":"2026-03-21T00:05:12","modified_gmt":"2026-03-20T23:05:12","slug":"wc-vendors-membership","status":"publish","type":"product","link":"https:\/\/gpl-love.com\/fr\/produit\/wc-vendors-membership\/","title":{"rendered":"WC Vendors Membership 1.2.2"},"content":{"rendered":"<h3>WC Vendors Membership Traits<\/h3>\n<p>Lib\u00e9rez tout le potentiel de votre place de march\u00e9 en ligne avec l&rsquo;abonnement WC Vendors. Con\u00e7u pour les entrepreneurs ambitieux, cet abonnement offre une exp\u00e9rience fluide pour la gestion de boutiques multi-vendeurs. B\u00e9n\u00e9ficiez de fonctionnalit\u00e9s exclusives qui simplifient la gestion des fournisseurs et optimisent les fonctionnalit\u00e9s de votre boutique. Avec l&rsquo;abonnement WC Vendors, g\u00e9rez facilement vos taux de commission, vos paiements et vos listes de produits, le tout depuis un tableau de bord convivial.<\/p>\n<p>Cet abonnement offre aux fournisseurs des outils pour d\u00e9velopper leur activit\u00e9, tout en vous permettant de garder le contr\u00f4le et la supervision. B\u00e9n\u00e9ficiez d&rsquo;une assistance prioritaire et de mises \u00e0 jour r\u00e9guli\u00e8res pour garantir la comp\u00e9titivit\u00e9 et la s\u00e9curit\u00e9 de votre place de march\u00e9. Que vous lanciez ou d\u00e9veloppiez votre plateforme e-commerce, l&rsquo;abonnement WC Vendors vous offre la flexibilit\u00e9 et l&rsquo;\u00e9volutivit\u00e9 n\u00e9cessaires \u00e0 votre r\u00e9ussite.<\/p>\n<p>Rejoignez une communaut\u00e9 de propri\u00e9taires de places de march\u00e9 prosp\u00e8res qui font confiance \u00e0 l&rsquo;abonnement WC Vendors pour leurs besoins e-commerce. Transformez votre boutique en ligne en une plateforme dynamique et g\u00e9n\u00e9ratrice de revenus, qui attire les meilleurs fournisseurs et satisfait vos clients. D\u00e9couvrez la diff\u00e9rence d\u00e8s aujourd&rsquo;hui avec l&rsquo;abonnement WC Vendors et voyez votre place de march\u00e9 prosp\u00e9rer.<\/p>\n<ul>\n<li>Int\u00e9gration transparente avec WC Vendors Marketplace<\/li>\n<li>Formules d&rsquo;adh\u00e9sion flexibles pour les fournisseurs<\/li>\n<li>Facturation et renouvellement d&rsquo;abonnement automatis\u00e9s<\/li>\n<li>Niveaux d&rsquo;adh\u00e9sion et tarifs personnalisables<\/li>\n<li>Acc\u00e8s exclusif aux fonctionnalit\u00e9s premium pour les fournisseurs<\/li>\n<li>Outils complets de reporting et d&rsquo;analyse<\/li>\n<li>Configuration facile et interface conviviale<\/li>\n<li>Compatible avec diverses passerelles de paiement<\/li>\n<li>Fonctionnalit\u00e9s de gestion des fournisseurs am\u00e9lior\u00e9es<\/li>\n<\/ul>\n","protected":false},"excerpt":{"rendered":"<p>D\u00e9couvrez la plateforme id\u00e9ale pour votre marketplace en ligne avec l&rsquo;abonnement WC Vendors. Cet outil puissant et convivial permet aux vendeurs de g\u00e9rer efficacement leurs boutiques et propose des options personnalisables pour am\u00e9liorer votre exp\u00e9rience e-commerce. Parfaitement int\u00e9gr\u00e9, il offre des fonctionnalit\u00e9s performantes comme des rapports de ventes en temps r\u00e9el, des passerelles de paiement s\u00e9curis\u00e9es et des taux de commission flexibles. Avec l&rsquo;abonnement WC Vendors, vous pouvez attirer davantage de vendeurs et booster la croissance de votre marketplace. Profitez d&rsquo;une configuration simplifi\u00e9e et d&rsquo;un support exceptionnel pour une prosp\u00e9rit\u00e9 optimale de votre marketplace. Id\u00e9al pour les entrepreneurs souhaitant \u00e9tendre leur port\u00e9e, cet abonnement est votre porte d&rsquo;entr\u00e9e vers le succ\u00e8s dans le monde concurrentiel de la vente en ligne.<\/p>\n","protected":false},"featured_media":147178,"comment_status":"open","ping_status":"open","template":"","meta":[],"product_brand":[2686],"product_cat":[1359,1182,1181],"product_tag":[2303],"class_list":{"0":"post-147177","1":"product","2":"type-product","3":"status-publish","4":"has-post-thumbnail","6":"product_brand-wc-vendors","7":"product_cat-adhesion-commerce-electronique-plugins","8":"product_cat-commerce-electronique-plugins","9":"product_cat-plugins","10":"product_tag-wc-vendors","11":"member-discount","12":"discount-restricted","14":"first","15":"instock","16":"sale","17":"downloadable","18":"virtual","19":"sold-individually","20":"purchasable","21":"product-type-simple"},"_links":{"self":[{"href":"https:\/\/gpl-love.com\/fr\/wp-json\/wp\/v2\/product\/147177","targetHints":{"allow":["GET"]}}],"collection":[{"href":"https:\/\/gpl-love.com\/fr\/wp-json\/wp\/v2\/product"}],"about":[{"href":"https:\/\/gpl-love.com\/fr\/wp-json\/wp\/v2\/types\/product"}],"replies":[{"embeddable":true,"href":"https:\/\/gpl-love.com\/fr\/wp-json\/wp\/v2\/comments?post=147177"}],"wp:featuredmedia":[{"embeddable":true,"href":"https:\/\/gpl-love.com\/fr\/wp-json\/wp\/v2\/media\/147178"}],"wp:attachment":[{"href":"https:\/\/gpl-love.com\/fr\/wp-json\/wp\/v2\/media?parent=147177"}],"wp:term":[{"taxonomy":"product_brand","embeddable":true,"href":"https:\/\/gpl-love.com\/fr\/wp-json\/wp\/v2\/product_brand?post=147177"},{"taxonomy":"product_cat","embeddable":true,"href":"https:\/\/gpl-love.com\/fr\/wp-json\/wp\/v2\/product_cat?post=147177"},{"taxonomy":"product_tag","embeddable":true,"href":"https:\/\/gpl-love.com\/fr\/wp-json\/wp\/v2\/product_tag?post=147177"}],"curies":[{"name":"wp","href":"https:\/\/api.w.org\/{rel}","templated":true}]}}