{"id":147175,"date":"2025-12-29T00:00:00","date_gmt":"2025-12-28T23:00:00","guid":{"rendered":"https:\/\/gpl-love.com\/fr\/produit\/woocommerce-discount-manager\/"},"modified":"2026-04-04T06:31:06","modified_gmt":"2026-04-04T04:31:06","slug":"woocommerce-discount-manager","status":"publish","type":"product","link":"https:\/\/gpl-love.com\/fr\/produit\/woocommerce-discount-manager\/","title":{"rendered":"WooCommerce Discount Manager 1.4.1"},"content":{"rendered":"<h3>WooCommerce Discount Manager Traits<\/h3>\n<p>D\u00e9couvrez la puissance du Gestionnaire de R\u00e9ductions WooCommerce, la solution id\u00e9ale pour g\u00e9rer facilement les r\u00e9ductions de votre boutique en ligne. Boostez vos ventes et am\u00e9liorez la satisfaction client en mettant en place des strat\u00e9gies de tarification dynamique adapt\u00e9es \u00e0 vos besoins. Avec notre Gestionnaire de R\u00e9ductions WooCommerce, cr\u00e9ez et personnalisez facilement diff\u00e9rentes r\u00e8gles de r\u00e9duction, des r\u00e9ductions en pourcentage aux offres \u00ab\u00a0un achet\u00e9, un offert\u00a0\u00bb.<\/p>\n<p>Engagez vos clients avec des promotions personnalis\u00e9es qui encouragent les achats r\u00e9p\u00e9t\u00e9s et augmentent le panier. Notre interface intuitive vous permet de configurer et de g\u00e9rer vos r\u00e9ductions sans aucun probl\u00e8me technique. Que vous organisiez des soldes saisonni\u00e8res ou que vous proposiez des offres exclusives \u00e0 vos clients fid\u00e8les, le Gestionnaire de R\u00e9ductions WooCommerce vous permet de tout faire en toute simplicit\u00e9.<\/p>\n<p>Gardez une longueur d&rsquo;avance sur la concurrence gr\u00e2ce \u00e0 des fonctionnalit\u00e9s avanc\u00e9es telles que la planification des r\u00e9ductions, la d\u00e9finition de limites d&rsquo;utilisation et l&rsquo;application de r\u00e9ductions \u00e0 des produits ou cat\u00e9gories sp\u00e9cifiques. Suivez les performances de vos campagnes de r\u00e9duction gr\u00e2ce \u00e0 des analyses compl\u00e8tes, vous permettant de prendre des d\u00e9cisions \u00e9clair\u00e9es pour optimiser votre strat\u00e9gie commerciale.<\/p>\n<ul>\n<li>Int\u00e9gration transparente avec WooCommerce<\/li>\n<li>Possibilit\u00e9 de cr\u00e9er des remises en pourcentage ou \u00e0 montant fixe<\/li>\n<li>Programmez des remises avec dates de d\u00e9but et de fin<\/li>\n<li>Appliquez des remises \u00e0 des produits, des cat\u00e9gories ou \u00e0 l&rsquo;ensemble de la boutique<\/li>\n<li>Personnalisation des remises en fonction des r\u00f4les des utilisateurs<\/li>\n<li>Remises cumulables pour des \u00e9conomies accrues<\/li>\n<li>Calcul des remises en temps r\u00e9el lors du paiement<\/li>\n<li>Option d&rsquo;exclusion des articles sold\u00e9s des remises suppl\u00e9mentaires<\/li>\n<li>\u00c9tiquettes et messages de remise personnalisables<\/li>\n<li>Rapports et analyses d\u00e9taill\u00e9s sur les performances des remises<\/li>\n<\/ul>\n","protected":false},"excerpt":{"rendered":"<p>D\u00e9couvrez WooCommerce Discount Manager\u00a0: la solution id\u00e9ale pour booster vos ventes et fid\u00e9liser vos clients. Cet outil performant, con\u00e7u pour une int\u00e9gration fluide, vous permet de g\u00e9rer et de personnaliser facilement vos remises, promotions et codes promo. Gr\u00e2ce \u00e0 son interface intuitive et ses fonctionnalit\u00e9s performantes, vous pouvez optimiser vos strat\u00e9gies tarifaires, attirer plus de clients et augmenter vos conversions. Id\u00e9al pour les entreprises de toutes tailles, WooCommerce Discount Manager garantit flexibilit\u00e9 et efficacit\u00e9, vous permettant de garder une longueur d&rsquo;avance sur un march\u00e9 concurrentiel. Maximisez le potentiel de votre boutique et am\u00e9liorez la satisfaction client gr\u00e2ce \u00e0 ce plugin indispensable et riche en fonctionnalit\u00e9s.<\/p>\n","protected":false},"featured_media":147176,"comment_status":"open","ping_status":"open","template":"","meta":[],"product_brand":[2518],"product_cat":[1183,1182,1181],"product_tag":[1619],"class_list":{"0":"post-147175","1":"product","2":"type-product","3":"status-publish","4":"has-post-thumbnail","6":"product_brand-barn2","7":"product_cat-administration","8":"product_cat-commerce-electronique-plugins","9":"product_cat-plugins","10":"product_tag-barn2","11":"member-discount","12":"discount-restricted","14":"first","15":"instock","16":"sale","17":"downloadable","18":"virtual","19":"sold-individually","20":"purchasable","21":"product-type-simple"},"_links":{"self":[{"href":"https:\/\/gpl-love.com\/fr\/wp-json\/wp\/v2\/product\/147175","targetHints":{"allow":["GET"]}}],"collection":[{"href":"https:\/\/gpl-love.com\/fr\/wp-json\/wp\/v2\/product"}],"about":[{"href":"https:\/\/gpl-love.com\/fr\/wp-json\/wp\/v2\/types\/product"}],"replies":[{"embeddable":true,"href":"https:\/\/gpl-love.com\/fr\/wp-json\/wp\/v2\/comments?post=147175"}],"wp:featuredmedia":[{"embeddable":true,"href":"https:\/\/gpl-love.com\/fr\/wp-json\/wp\/v2\/media\/147176"}],"wp:attachment":[{"href":"https:\/\/gpl-love.com\/fr\/wp-json\/wp\/v2\/media?parent=147175"}],"wp:term":[{"taxonomy":"product_brand","embeddable":true,"href":"https:\/\/gpl-love.com\/fr\/wp-json\/wp\/v2\/product_brand?post=147175"},{"taxonomy":"product_cat","embeddable":true,"href":"https:\/\/gpl-love.com\/fr\/wp-json\/wp\/v2\/product_cat?post=147175"},{"taxonomy":"product_tag","embeddable":true,"href":"https:\/\/gpl-love.com\/fr\/wp-json\/wp\/v2\/product_tag?post=147175"}],"curies":[{"name":"wp","href":"https:\/\/api.w.org\/{rel}","templated":true}]}}