{"id":147173,"date":"2026-04-18T00:00:00","date_gmt":"2026-04-17T22:00:00","guid":{"rendered":"https:\/\/gpl-love.com\/fr\/produit\/paymatticpro\/"},"modified":"2026-04-19T00:32:04","modified_gmt":"2026-04-18T22:32:04","slug":"paymatticpro","status":"publish","type":"product","link":"https:\/\/gpl-love.com\/fr\/produit\/paymatticpro\/","title":{"rendered":"Paymattic Pro 4.6.20"},"content":{"rendered":"<h3>Paymattic Pro Traits<\/h3>\n<p>D\u00e9couvrez PaymatticPro, la solution ultime pour des transactions en ligne fluides\u00a0! Vous recherchez une passerelle de paiement fiable qui simplifie vos op\u00e9rations commerciales\u00a0? Ne cherchez plus. PaymatticPro est con\u00e7u pour r\u00e9pondre \u00e0 tous vos besoins de traitement des paiements avec simplicit\u00e9 et efficacit\u00e9.<\/p>\n<p>Avec PaymatticPro, b\u00e9n\u00e9ficiez de transactions rapides et s\u00e9curis\u00e9es qui am\u00e9liorent la satisfaction client. Notre technologie de pointe garantit la protection de vos transactions gr\u00e2ce \u00e0 des mesures de s\u00e9curit\u00e9 de pointe, pour une tranquillit\u00e9 d&rsquo;esprit optimale. Que vous soyez une petite ou une grande entreprise, PaymatticPro s&rsquo;adapte facilement \u00e0 vos besoins.<\/p>\n<p>Notre interface conviviale vous permet de g\u00e9rer vos paiements en toute simplicit\u00e9, ce qui en fait le choix id\u00e9al pour les entrepreneurs qui privil\u00e9gient la commodit\u00e9. De plus, gr\u00e2ce \u00e0 notre service client d\u00e9di\u00e9, une assistance est toujours disponible par appel ou par clic.<\/p>\n<p>Pourquoi choisir PaymatticPro plut\u00f4t qu&rsquo;un autre\u00a0? Notre int\u00e9gration transparente avec diverses plateformes vous garantit une installation rapide, \u00e9liminant ainsi les configurations complexes.<\/p>\n<ul>\n<li>Traitement des paiements fluide<\/li>\n<li>Prise en charge de plusieurs devises<\/li>\n<li>Int\u00e9gration aux passerelles de paiement les plus populaires<\/li>\n<li>Tableau de bord convivial<\/li>\n<li>Formulaires de paiement personnalisables<\/li>\n<li>Cryptage s\u00e9curis\u00e9 des transactions<\/li>\n<li>G\u00e9n\u00e9ration automatique de re\u00e7us<\/li>\n<li>Rapports de transactions d\u00e9taill\u00e9s<\/li>\n<li>Options d&rsquo;abonnement et de paiement r\u00e9current<\/li>\n<li>Int\u00e9gration d&rsquo;API conviviale pour les d\u00e9veloppeurs<\/li>\n<\/ul>\n","protected":false},"excerpt":{"rendered":"<p>D\u00e9couvrez PaymatticPro, la solution de paiement ultime qui r\u00e9volutionne vos transactions. Con\u00e7ue pour une int\u00e9gration fluide, PaymatticPro offre des fonctionnalit\u00e9s avanc\u00e9es, notamment un paiement s\u00e9curis\u00e9, des analyses en temps r\u00e9el et des options de paiement personnalisables. B\u00e9n\u00e9ficiez d&rsquo;une efficacit\u00e9 in\u00e9gal\u00e9e gr\u00e2ce \u00e0 notre interface intuitive, adapt\u00e9e aux entreprises de toutes tailles. Boostez vos ventes et la satisfaction client gr\u00e2ce \u00e0 notre plateforme fiable, rapide et s\u00e9curis\u00e9e. Que vous soyez une petite ou une grande entreprise, PaymatticPro s&rsquo;adapte \u00e0 vos besoins pour des transactions fluides et sans tracas. D\u00e9couvrez d\u00e8s aujourd&rsquo;hui l&rsquo;avenir des paiements avec PaymatticPro et propulsez votre entreprise vers de nouveaux sommets.<\/p>\n","protected":false},"featured_media":147174,"comment_status":"open","ping_status":"open","template":"","meta":[],"product_brand":[2606],"product_cat":[1182,1401,1181],"product_tag":[1568],"class_list":{"0":"post-147173","1":"product","2":"type-product","3":"status-publish","4":"has-post-thumbnail","6":"product_brand-manage-ninja","7":"product_cat-commerce-electronique-plugins","8":"product_cat-paiement-commerce-electronique-plugins","9":"product_cat-plugins","10":"product_tag-manage-ninja","11":"member-discount","12":"discount-restricted","14":"first","15":"instock","16":"sale","17":"downloadable","18":"virtual","19":"sold-individually","20":"purchasable","21":"product-type-simple"},"_links":{"self":[{"href":"https:\/\/gpl-love.com\/fr\/wp-json\/wp\/v2\/product\/147173","targetHints":{"allow":["GET"]}}],"collection":[{"href":"https:\/\/gpl-love.com\/fr\/wp-json\/wp\/v2\/product"}],"about":[{"href":"https:\/\/gpl-love.com\/fr\/wp-json\/wp\/v2\/types\/product"}],"replies":[{"embeddable":true,"href":"https:\/\/gpl-love.com\/fr\/wp-json\/wp\/v2\/comments?post=147173"}],"wp:featuredmedia":[{"embeddable":true,"href":"https:\/\/gpl-love.com\/fr\/wp-json\/wp\/v2\/media\/147174"}],"wp:attachment":[{"href":"https:\/\/gpl-love.com\/fr\/wp-json\/wp\/v2\/media?parent=147173"}],"wp:term":[{"taxonomy":"product_brand","embeddable":true,"href":"https:\/\/gpl-love.com\/fr\/wp-json\/wp\/v2\/product_brand?post=147173"},{"taxonomy":"product_cat","embeddable":true,"href":"https:\/\/gpl-love.com\/fr\/wp-json\/wp\/v2\/product_cat?post=147173"},{"taxonomy":"product_tag","embeddable":true,"href":"https:\/\/gpl-love.com\/fr\/wp-json\/wp\/v2\/product_tag?post=147173"}],"curies":[{"name":"wp","href":"https:\/\/api.w.org\/{rel}","templated":true}]}}