{"id":147171,"date":"2025-05-23T00:00:00","date_gmt":"2025-05-22T22:00:00","guid":{"rendered":"https:\/\/gpl-love.com\/fr\/produit\/gamipress-referrals\/"},"modified":"2026-03-21T00:05:10","modified_gmt":"2026-03-20T23:05:10","slug":"gamipress-referrals","status":"publish","type":"product","link":"https:\/\/gpl-love.com\/fr\/produit\/gamipress-referrals\/","title":{"rendered":"GamiPress Referrals 1.1.6"},"content":{"rendered":"<h3>GamiPress Referrals Traits<\/h3>\n<p>Exploitez tout le potentiel de votre site web avec GamiPress Referrals, l&rsquo;outil ultime pour booster l&rsquo;engagement et r\u00e9compenser les utilisateurs fid\u00e8les. S&rsquo;int\u00e9grant parfaitement \u00e0 votre configuration existante, GamiPress Referrals transforme votre fa\u00e7on d&rsquo;interagir avec votre audience. Encouragez les utilisateurs \u00e0 partager votre contenu en offrant des r\u00e9compenses attrayantes pour les parrainages r\u00e9ussis.<\/p>\n<p>GamiPress Referrals vous permet de suivre et de g\u00e9rer facilement chaque parrainage, en offrant des points, des badges ou m\u00eame des r\u00e9compenses financi\u00e8res pour motiver votre communaut\u00e9. Ce puissant plugin amplifie non seulement l&rsquo;engagement des utilisateurs, mais stimule \u00e9galement la croissance organique\u00a0: vos utilisateurs satisfaits deviennent vos plus grands promoteurs.<\/p>\n<p>Con\u00e7u pour \u00eatre simple d&rsquo;utilisation, GamiPress Referrals ne n\u00e9cessite aucune connaissance en codage, ce qui le rend accessible \u00e0 tous. Personnalisez les r\u00e9compenses pour qu&rsquo;elles correspondent parfaitement aux objectifs de votre marque et garantissent une exp\u00e9rience personnalis\u00e9e \u00e0 vos utilisateurs. L&rsquo;interface intuitive vous permet de suivre l&rsquo;activit\u00e9 de parrainage et d&rsquo;ajuster vos strat\u00e9gies en temps r\u00e9el pour des r\u00e9sultats optimaux.<\/p>\n<p>Optimisez vos efforts marketing et construisez une communaut\u00e9 dynamique et fid\u00e8le avec GamiPress Referrals.<\/p>\n<ul>\n<li>Int\u00e9gration transparente \u00e0 l&rsquo;\u00e9cosyst\u00e8me GamiPress<\/li>\n<li>Suivi et gestion efficaces des parrainages<\/li>\n<li>R\u00e9compenses et r\u00e9compenses de parrainage personnalisables<\/li>\n<li>Interface conviviale pour une configuration et une gestion simplifi\u00e9es<\/li>\n<li>Rapports et analyses d\u00e9taill\u00e9s des parrainages<\/li>\n<li>G\u00e9n\u00e9ration automatique de liens de parrainage pour les utilisateurs<\/li>\n<li>Compatible avec les plugins d&rsquo;adh\u00e9sion et de commerce \u00e9lectronique les plus populaires<\/li>\n<li>Prise en charge de plusieurs types et sc\u00e9narios de parrainage<\/li>\n<li>Traitement des donn\u00e9es conforme au RGPD<\/li>\n<li><\/li>\n<\/ul>\n","protected":false},"excerpt":{"rendered":"<p>D\u00e9couvrez GamiPress Referrals, la solution ultime pour optimiser votre strat\u00e9gie d&rsquo;engagement. Gr\u00e2ce \u00e0 cet outil performant, boostez facilement l&rsquo;interaction utilisateur et stimulez votre croissance. GamiPress Referrals s&rsquo;int\u00e8gre parfaitement \u00e0 votre plateforme existante, simplifiant ainsi son installation et son utilisation. R\u00e9compensez les utilisateurs qui partagent votre contenu et \u00e9largissez votre port\u00e9e avec un minimum d&rsquo;efforts. Ce plugin riche en fonctionnalit\u00e9s augmente non seulement la participation des utilisateurs, mais amplifie \u00e9galement la visibilit\u00e9 de votre marque. Optimisez votre strat\u00e9gie marketing avec GamiPress Referrals, o\u00f9 chaque parrainage compte. Id\u00e9al pour les entreprises souhaitant motiver et d\u00e9velopper leur audience de mani\u00e8re organique. D\u00e9couvrez le pouvoir des parrainages d\u00e8s aujourd&rsquo;hui\u00a0!<\/p>\n","protected":false},"featured_media":147172,"comment_status":"open","ping_status":"open","template":"","meta":[],"product_brand":[2557],"product_cat":[1207,1181,1186],"product_tag":[2247],"class_list":{"0":"post-147171","1":"product","2":"type-product","3":"status-publish","4":"has-post-thumbnail","6":"product_brand-gami-press","7":"product_cat-commercialisation-wordpress-plugins","8":"product_cat-plugins","9":"product_cat-wordpress-plugins","10":"product_tag-gami-press","11":"member-discount","12":"discount-restricted","14":"first","15":"instock","16":"sale","17":"downloadable","18":"virtual","19":"sold-individually","20":"purchasable","21":"product-type-simple"},"_links":{"self":[{"href":"https:\/\/gpl-love.com\/fr\/wp-json\/wp\/v2\/product\/147171","targetHints":{"allow":["GET"]}}],"collection":[{"href":"https:\/\/gpl-love.com\/fr\/wp-json\/wp\/v2\/product"}],"about":[{"href":"https:\/\/gpl-love.com\/fr\/wp-json\/wp\/v2\/types\/product"}],"replies":[{"embeddable":true,"href":"https:\/\/gpl-love.com\/fr\/wp-json\/wp\/v2\/comments?post=147171"}],"wp:featuredmedia":[{"embeddable":true,"href":"https:\/\/gpl-love.com\/fr\/wp-json\/wp\/v2\/media\/147172"}],"wp:attachment":[{"href":"https:\/\/gpl-love.com\/fr\/wp-json\/wp\/v2\/media?parent=147171"}],"wp:term":[{"taxonomy":"product_brand","embeddable":true,"href":"https:\/\/gpl-love.com\/fr\/wp-json\/wp\/v2\/product_brand?post=147171"},{"taxonomy":"product_cat","embeddable":true,"href":"https:\/\/gpl-love.com\/fr\/wp-json\/wp\/v2\/product_cat?post=147171"},{"taxonomy":"product_tag","embeddable":true,"href":"https:\/\/gpl-love.com\/fr\/wp-json\/wp\/v2\/product_tag?post=147171"}],"curies":[{"name":"wp","href":"https:\/\/api.w.org\/{rel}","templated":true}]}}