{"id":147169,"date":"2025-06-30T00:00:00","date_gmt":"2025-06-29T22:00:00","guid":{"rendered":"https:\/\/gpl-love.com\/fr\/produit\/gamipress-purchases\/"},"modified":"2026-03-21T00:05:09","modified_gmt":"2026-03-20T23:05:09","slug":"gamipress-purchases","status":"publish","type":"product","link":"https:\/\/gpl-love.com\/fr\/produit\/gamipress-purchases\/","title":{"rendered":"GamiPress Purchases 1.2.9"},"content":{"rendered":"<h3>GamiPress Purchases Traits<\/h3>\n<p>Lib\u00e9rez tout le potentiel de votre site WordPress avec GamiPress Purchases\u00a0! Ce plugin de pointe s&rsquo;int\u00e8gre parfaitement \u00e0 GamiPress et vous permet d&rsquo;optimiser vos strat\u00e9gies de gamification comme jamais auparavant. Vous cherchez \u00e0 booster l&rsquo;engagement et la fid\u00e9lisation de vos utilisateurs\u00a0? GamiPress Purchases est la solution id\u00e9ale. Mon\u00e9tisez facilement votre site en permettant aux utilisateurs d&rsquo;effectuer des achats dans le jeu et de d\u00e9bloquer du contenu et des r\u00e9compenses exclusifs.<\/p>\n<p>GamiPress Purchases vous permet de cr\u00e9er une exp\u00e9rience dynamique et interactive qui fid\u00e9lise les utilisateurs. Personnalisez les incitations et les r\u00e9compenses en fonction de votre public et voyez votre communaut\u00e9 s&rsquo;\u00e9panouir gr\u00e2ce \u00e0 une participation et un enthousiasme accrus. Son interface intuitive garantit une configuration et une gestion faciles, id\u00e9ales pour les d\u00e9veloppeurs d\u00e9butants comme exp\u00e9riment\u00e9s.<\/p>\n<p>Transformez votre plateforme en un environnement engageant o\u00f9 les utilisateurs sont motiv\u00e9s \u00e0 se d\u00e9passer. Que vous g\u00e9riez une formation en ligne, un site d&rsquo;adh\u00e9sion ou une communaut\u00e9 de joueurs, GamiPress Purchases offre des possibilit\u00e9s infinies pour am\u00e9liorer l&rsquo;exp\u00e9rience utilisateur.<\/p>\n<ul>\n<li>Int\u00e9gration transparente avec la plateforme GamiPress<\/li>\n<li>Suivi et gestion des achats des utilisateurs<\/li>\n<li>Notifications d&rsquo;achat personnalisables<\/li>\n<li>Prise en charge des produits num\u00e9riques et physiques<\/li>\n<li>Options de tarification et de remises flexibles<\/li>\n<li>Analyses et rapports d&rsquo;achat d\u00e9taill\u00e9s<\/li>\n<li>Compatible avec les principales passerelles de paiement<\/li>\n<li>Interface conviviale pour une navigation simplifi\u00e9e<\/li>\n<li>Possibilit\u00e9 de d\u00e9finir des objectifs d&rsquo;achat<\/li>\n<\/ul>\n","protected":false},"excerpt":{"rendered":"<p>D\u00e9couvrez la solution ultime pour optimiser votre boutique en ligne avec GamiPress Purchases. Cet outil performant int\u00e8gre parfaitement gamification et e-commerce, transformant ainsi l&rsquo;engagement client. Boostez vos ventes et r\u00e9compensez votre fid\u00e9lit\u00e9 avec des r\u00e9compenses, des badges et des points personnalisables. Suivez et g\u00e9rez facilement les achats des utilisateurs, cr\u00e9ant une exp\u00e9rience d&rsquo;achat dynamique qui fid\u00e9lise vos clients. D\u00e9veloppez votre interaction, augmentez la fid\u00e9lisation et stimulez les conversions avec GamiPress Purchases d\u00e8s aujourd&rsquo;hui.<\/p>\n","protected":false},"featured_media":147170,"comment_status":"open","ping_status":"open","template":"","meta":[],"product_brand":[2557],"product_cat":[1253,1181,1186],"product_tag":[2247],"class_list":{"0":"post-147169","1":"product","2":"type-product","3":"status-publish","4":"has-post-thumbnail","6":"product_brand-gami-press","7":"product_cat-paiement","8":"product_cat-plugins","9":"product_cat-wordpress-plugins","10":"product_tag-gami-press","11":"member-discount","12":"discount-restricted","14":"first","15":"instock","16":"sale","17":"downloadable","18":"virtual","19":"sold-individually","20":"purchasable","21":"product-type-simple"},"_links":{"self":[{"href":"https:\/\/gpl-love.com\/fr\/wp-json\/wp\/v2\/product\/147169","targetHints":{"allow":["GET"]}}],"collection":[{"href":"https:\/\/gpl-love.com\/fr\/wp-json\/wp\/v2\/product"}],"about":[{"href":"https:\/\/gpl-love.com\/fr\/wp-json\/wp\/v2\/types\/product"}],"replies":[{"embeddable":true,"href":"https:\/\/gpl-love.com\/fr\/wp-json\/wp\/v2\/comments?post=147169"}],"wp:featuredmedia":[{"embeddable":true,"href":"https:\/\/gpl-love.com\/fr\/wp-json\/wp\/v2\/media\/147170"}],"wp:attachment":[{"href":"https:\/\/gpl-love.com\/fr\/wp-json\/wp\/v2\/media?parent=147169"}],"wp:term":[{"taxonomy":"product_brand","embeddable":true,"href":"https:\/\/gpl-love.com\/fr\/wp-json\/wp\/v2\/product_brand?post=147169"},{"taxonomy":"product_cat","embeddable":true,"href":"https:\/\/gpl-love.com\/fr\/wp-json\/wp\/v2\/product_cat?post=147169"},{"taxonomy":"product_tag","embeddable":true,"href":"https:\/\/gpl-love.com\/fr\/wp-json\/wp\/v2\/product_tag?post=147169"}],"curies":[{"name":"wp","href":"https:\/\/api.w.org\/{rel}","templated":true}]}}