{"id":142911,"date":"2025-10-04T00:00:00","date_gmt":"2025-10-03T22:00:00","guid":{"rendered":"https:\/\/gpl-love.com\/fr\/produit\/gravity-perks-advanced-calculations\/"},"modified":"2026-03-21T00:05:07","modified_gmt":"2026-03-20T23:05:07","slug":"gravity-perks-advanced-calculations","status":"publish","type":"product","link":"https:\/\/gpl-love.com\/fr\/produit\/gravity-perks-advanced-calculations\/","title":{"rendered":"Gravity Perks Advanced Calculations 1.1.19"},"content":{"rendered":"<h3>Gravity Perks Advanced Calculations Traits<\/h3>\n<p>D\u00e9couvrez la puissance de Gravity Perks Advanced Calculations, la solution id\u00e9ale pour am\u00e9liorer votre exp\u00e9rience Gravity Forms. Ce plugin innovant vous permet d&rsquo;effectuer facilement des calculs complexes et de transformer vos formulaires en outils dynamiques et interactifs. Calculs totaux, moyennes ou formules personnalis\u00e9es\u00a0: Advanced Calculations vous permet de tout r\u00e9aliser sans effort.<\/p>\n<p>Con\u00e7u pour une int\u00e9gration transparente, ce module compl\u00e9mentaire propulse vos formulaires vers de nouveaux sommets en activant des fonctions math\u00e9matiques avanc\u00e9es directement dans l&rsquo;environnement Gravity Forms. Dites adieu aux calculs manuels et profitez de l&rsquo;automatisation pour gagner du temps et r\u00e9duire les erreurs.<\/p>\n<p>Avec Gravity Perks Advanced Calculations, cr\u00e9ez des solutions sur mesure pour vos calculateurs de prix, vos estimateurs de pr\u00eats ou tout autre formulaire n\u00e9cessitant des op\u00e9rations math\u00e9matiques complexes. Son interface intuitive vous permet de configurer vos calculs en toute simplicit\u00e9, ce qui en fait un outil id\u00e9al pour les d\u00e9veloppeurs d\u00e9butants comme exp\u00e9riment\u00e9s.<\/p>\n<p>Exploitez tout le potentiel de Gravity Forms gr\u00e2ce \u00e0 cet outil indispensable. Am\u00e9liorez l&rsquo;engagement et la satisfaction de vos utilisateurs en fournissant des r\u00e9sultats instantan\u00e9s et pr\u00e9cis.<\/p>\n<ul>\n<li>Effectuez des op\u00e9rations math\u00e9matiques complexes directement dans Gravity Forms<\/li>\n<li>Prise en charge de la logique conditionnelle pour personnaliser les calculs en fonction des saisies utilisateur<\/li>\n<li>Int\u00e9gration transparente avec les fonctionnalit\u00e9s existantes de Gravity Forms<\/li>\n<li>Possibilit\u00e9 d&rsquo;utiliser des variables et des constantes pour des calculs dynamiques<\/li>\n<li>Prise en charge d&rsquo;un large \u00e9ventail de fonctions math\u00e9matiques (addition, soustraction, multiplication, division, etc.)<\/li>\n<li>Mise \u00e0 jour des calculs en temps r\u00e9el lorsque les utilisateurs remplissent les champs du formulaire<\/li>\n<li>Compatibilit\u00e9 avec plusieurs types de champs pour une conception de formulaire polyvalente<\/li>\n<li>Possibilit\u00e9 d&rsquo;afficher les r\u00e9sultats calcul\u00e9s dans un format convivial<\/li>\n<li>G\u00e9rez et modifiez facilement vos calculs gr\u00e2ce \u00e0 une interface intuitive<\/li>\n<li>\u00c9tendez les fonctionnalit\u00e9s avec les modules compl\u00e9mentaires et plugins Gravity Perks<\/li>\n<\/ul>\n","protected":false},"excerpt":{"rendered":"<p>D\u00e9couvrez Gravity Perks Advanced Calculations, l&rsquo;extension WordPress ultime pour des formulaires fluides. B\u00e9n\u00e9ficiez de calculs puissants et dynamiques directement dans Gravity Forms, am\u00e9liorant ainsi l&rsquo;exp\u00e9rience utilisateur et la pr\u00e9cision des donn\u00e9es. Que vous g\u00e9riez des structures tarifaires complexes ou des analyses de donn\u00e9es d\u00e9taill\u00e9es, cette extension simplifie le processus avec pr\u00e9cision et simplicit\u00e9. Int\u00e9grez facilement des op\u00e9rations math\u00e9matiques avanc\u00e9es pour rationaliser les flux de travail et gagner en efficacit\u00e9. Gravity Perks Advanced Calculations est id\u00e9al pour les entreprises qui cherchent \u00e0 optimiser leurs formulaires en ligne avec des solutions fiables et performantes. Boostez d\u00e8s aujourd&rsquo;hui les fonctionnalit\u00e9s de vos formulaires et b\u00e9n\u00e9ficiez de performances in\u00e9gal\u00e9es. Id\u00e9al pour les d\u00e9veloppeurs et les propri\u00e9taires de sites, cette extension est la cl\u00e9 d&rsquo;une gestion plus intelligente des formulaires.<\/p>\n","protected":false},"featured_media":147153,"comment_status":"open","ping_status":"open","template":"","meta":[],"product_brand":[2566],"product_cat":[1189,1181,1186],"product_tag":[2373],"class_list":{"0":"post-142911","1":"product","2":"type-product","3":"status-publish","4":"has-post-thumbnail","6":"product_brand-gravity-perks","7":"product_cat-personnalisation","8":"product_cat-plugins","9":"product_cat-wordpress-plugins","10":"product_tag-gravity-perks","11":"member-discount","12":"discount-restricted","14":"first","15":"instock","16":"sale","17":"downloadable","18":"virtual","19":"sold-individually","20":"purchasable","21":"product-type-simple"},"_links":{"self":[{"href":"https:\/\/gpl-love.com\/fr\/wp-json\/wp\/v2\/product\/142911","targetHints":{"allow":["GET"]}}],"collection":[{"href":"https:\/\/gpl-love.com\/fr\/wp-json\/wp\/v2\/product"}],"about":[{"href":"https:\/\/gpl-love.com\/fr\/wp-json\/wp\/v2\/types\/product"}],"replies":[{"embeddable":true,"href":"https:\/\/gpl-love.com\/fr\/wp-json\/wp\/v2\/comments?post=142911"}],"wp:featuredmedia":[{"embeddable":true,"href":"https:\/\/gpl-love.com\/fr\/wp-json\/wp\/v2\/media\/147153"}],"wp:attachment":[{"href":"https:\/\/gpl-love.com\/fr\/wp-json\/wp\/v2\/media?parent=142911"}],"wp:term":[{"taxonomy":"product_brand","embeddable":true,"href":"https:\/\/gpl-love.com\/fr\/wp-json\/wp\/v2\/product_brand?post=142911"},{"taxonomy":"product_cat","embeddable":true,"href":"https:\/\/gpl-love.com\/fr\/wp-json\/wp\/v2\/product_cat?post=142911"},{"taxonomy":"product_tag","embeddable":true,"href":"https:\/\/gpl-love.com\/fr\/wp-json\/wp\/v2\/product_tag?post=142911"}],"curies":[{"name":"wp","href":"https:\/\/api.w.org\/{rel}","templated":true}]}}