{"id":142910,"date":"2026-03-18T00:00:00","date_gmt":"2026-03-17T23:00:00","guid":{"rendered":"https:\/\/gpl-love.com\/fr\/produit\/vendbase\/"},"modified":"2026-03-21T00:05:06","modified_gmt":"2026-03-20T23:05:06","slug":"vendbase","status":"publish","type":"product","link":"https:\/\/gpl-love.com\/fr\/produit\/vendbase\/","title":{"rendered":"VendBase 1.1.0"},"content":{"rendered":"<h3>VendBase Traits<\/h3>\n<p>D\u00e9couvrez VendBase pour WooCommerce, la solution id\u00e9ale pour une int\u00e9gration e-commerce fluide sur votre site WordPress. Que vous soyez un petit entrepreneur ou un expert e-commerce confirm\u00e9, VendBase est con\u00e7u pour optimiser votre boutique en ligne en toute simplicit\u00e9. Ce puissant plugin offre une interface intuitive qui vous permet de g\u00e9rer vos stocks, de suivre vos ventes et de traiter les paiements sans effort.<\/p>\n<p>VendBase pour WordPress regorge de fonctionnalit\u00e9s qui en font le choix id\u00e9al pour vos besoins e-commerce. Gr\u00e2ce \u00e0 son tableau de bord intuitif, vous pouvez facilement surveiller les performances de votre boutique et prendre des d\u00e9cisions \u00e9clair\u00e9es. L&rsquo;int\u00e9gration transparente avec WordPress vous \u00e9vite les probl\u00e8mes de compatibilit\u00e9.<\/p>\n<p>Notre syst\u00e8me avanc\u00e9 de gestion des stocks vous permet de suivre vos niveaux de stock, de d\u00e9finir des alertes en cas de rupture de stock et de g\u00e9rer les variantes de produits en quelques clics. VendBase prend \u00e9galement en charge plusieurs passerelles de paiement, garantissant ainsi des transactions fluides et s\u00e9curis\u00e9es pour vos clients.<\/p>\n<ul>\n<li>Int\u00e9gration transparente avec WooCommerce<\/li>\n<li>Interface conviviale pour une gestion simplifi\u00e9e<\/li>\n<li>Prise en charge de plusieurs passerelles de paiement<\/li>\n<li>Options de personnalisation de la vitrine<\/li>\n<li>Gestion et suivi des stocks<\/li>\n<li>Traitement s\u00e9curis\u00e9 des transactions<\/li>\n<li>Design adaptatif pour mobile et ordinateur<\/li>\n<li>Outils d&rsquo;analyse et de reporting avanc\u00e9s<\/li>\n<li>Fonctionnalit\u00e9s d&rsquo;optimisation SEO<\/li>\n<li>Gestion des comptes clients<\/li>\n<\/ul>\n","protected":false},"excerpt":{"rendered":"<p>D\u00e9couvrez VendBase pour WordPress, la solution e-commerce ultime pour votre boutique en ligne. Con\u00e7ue pour s&rsquo;int\u00e9grer parfaitement \u00e0 votre site WooCommerce, VendBase offre une interface intuitive, une gestion des stocks performante et des analyses en temps r\u00e9el. Boostez vos ventes gr\u00e2ce \u00e0 des options de personnalisation avanc\u00e9es et des passerelles de paiement s\u00e9curis\u00e9es. VendBase assure le bon fonctionnement de votre boutique gr\u00e2ce \u00e0 un traitement efficace des commandes et des mises \u00e0 jour automatiques. Id\u00e9ale pour les entrepreneurs \u00e0 la recherche d&rsquo;une plateforme fiable et \u00e9volutive, VendBase vous permet de g\u00e9rer votre entreprise en toute simplicit\u00e9. Optimisez votre exp\u00e9rience e-commerce d\u00e8s aujourd&rsquo;hui avec VendBase pour WordPress et assurez la prosp\u00e9rit\u00e9 de votre activit\u00e9 en ligne.<\/p>\n","protected":false},"featured_media":147152,"comment_status":"open","ping_status":"open","template":"","meta":[],"product_brand":[2809],"product_cat":[1183,1182,1181],"product_tag":[2810],"class_list":{"0":"post-142910","1":"product","2":"type-product","3":"status-publish","4":"has-post-thumbnail","6":"product_brand-vendbase","7":"product_cat-administration","8":"product_cat-commerce-electronique-plugins","9":"product_cat-plugins","10":"product_tag-vendbase","11":"member-discount","12":"discount-restricted","14":"first","15":"instock","16":"sale","17":"downloadable","18":"virtual","19":"sold-individually","20":"purchasable","21":"product-type-simple"},"_links":{"self":[{"href":"https:\/\/gpl-love.com\/fr\/wp-json\/wp\/v2\/product\/142910","targetHints":{"allow":["GET"]}}],"collection":[{"href":"https:\/\/gpl-love.com\/fr\/wp-json\/wp\/v2\/product"}],"about":[{"href":"https:\/\/gpl-love.com\/fr\/wp-json\/wp\/v2\/types\/product"}],"replies":[{"embeddable":true,"href":"https:\/\/gpl-love.com\/fr\/wp-json\/wp\/v2\/comments?post=142910"}],"wp:featuredmedia":[{"embeddable":true,"href":"https:\/\/gpl-love.com\/fr\/wp-json\/wp\/v2\/media\/147152"}],"wp:attachment":[{"href":"https:\/\/gpl-love.com\/fr\/wp-json\/wp\/v2\/media?parent=142910"}],"wp:term":[{"taxonomy":"product_brand","embeddable":true,"href":"https:\/\/gpl-love.com\/fr\/wp-json\/wp\/v2\/product_brand?post=142910"},{"taxonomy":"product_cat","embeddable":true,"href":"https:\/\/gpl-love.com\/fr\/wp-json\/wp\/v2\/product_cat?post=142910"},{"taxonomy":"product_tag","embeddable":true,"href":"https:\/\/gpl-love.com\/fr\/wp-json\/wp\/v2\/product_tag?post=142910"}],"curies":[{"name":"wp","href":"https:\/\/api.w.org\/{rel}","templated":true}]}}