{"id":142909,"date":"2026-02-14T00:00:00","date_gmt":"2026-02-13T23:00:00","guid":{"rendered":"https:\/\/gpl-love.com\/fr\/produit\/all-in-one-wp-migration-google-drive\/"},"modified":"2026-03-21T00:05:05","modified_gmt":"2026-03-20T23:05:05","slug":"all-in-one-wp-migration-google-drive","status":"publish","type":"product","link":"https:\/\/gpl-love.com\/fr\/produit\/all-in-one-wp-migration-google-drive\/","title":{"rendered":"All In One WP Migration Google Drive 2.96"},"content":{"rendered":"<h3>All In One WP Migration Google Drive Traits<\/h3>\n<p>Exploitez tout le potentiel de votre site web gr\u00e2ce \u00e0 l&rsquo;int\u00e9gration Google Drive d&rsquo;All In One WP Migration. Cette puissante extension connecte votre site web \u00e0 Google Drive de mani\u00e8re fluide et offre des solutions de stockage fiables et s\u00e9curis\u00e9es. Gr\u00e2ce au plugin Google Drive d&rsquo;All In One WP Migration, effectuez facilement des sauvegardes, garantissant ainsi la s\u00e9curit\u00e9 et l&rsquo;acc\u00e8s permanents \u00e0 vos pr\u00e9cieuses donn\u00e9es.<\/p>\n<p>Configurer la connexion Google Drive d&rsquo;All In One WP Migration est simple gr\u00e2ce \u00e0 notre tutoriel complet. Que vous soyez un professionnel averti ou un d\u00e9butant, notre guide \u00e9tape par \u00e9tape simplifie le processus d&rsquo;installation d&rsquo;All In One WP Migration. Ayez l&rsquo;esprit tranquille\u00a0: les donn\u00e9es de votre site web sont sauvegard\u00e9es en toute s\u00e9curit\u00e9 gr\u00e2ce \u00e0 la fonctionnalit\u00e9 de sauvegarde Google Drive d&rsquo;All In One WP Migration.<\/p>\n<p>Besoin d&rsquo;aide\u00a0? Notre \u00e9quipe d&rsquo;assistance d\u00e9di\u00e9e \u00e0 Google Drive d&rsquo;All In One WP Migration est l\u00e0 pour vous accompagner \u00e0 chaque \u00e9tape. Faites confiance \u00e0 l&rsquo;efficacit\u00e9 et \u00e0 la fiabilit\u00e9 de l&rsquo;extension Google Drive d&rsquo;All In One WP Migration pour g\u00e9rer les donn\u00e9es de votre site web en toute simplicit\u00e9.<\/p>\n<ul>\n<li>Int\u00e9gration transparente avec Google Drive pour des sauvegardes simplifi\u00e9es.<\/li>\n<li>Taille de fichier illimit\u00e9e pour les t\u00e9l\u00e9chargements et les sauvegardes.<\/li>\n<li>Fonctionnalit\u00e9 glisser-d\u00e9poser pour une utilisation intuitive.<\/li>\n<li>Compatible avec toutes les principales versions de WordPress.<\/li>\n<li>Prise en charge de la migration compl\u00e8te du site, y compris les th\u00e8mes, les extensions et les m\u00e9dias.<\/li>\n<li>S\u00e9curit\u00e9 \u00e9lev\u00e9e avec des sauvegardes chiffr\u00e9es.<\/li>\n<li>Sauvegardes incr\u00e9mentielles pour \u00e9conomiser de l&rsquo;espace de stockage.<\/li>\n<li>Sauvegardes automatiques planifi\u00e9es sur Google Drive.<\/li>\n<li>Prise en charge de la migration r\u00e9seau multisite.<\/li>\n<\/ul>\n","protected":false},"excerpt":{"rendered":"<p>Simplifiez la gestion de votre site web avec l&rsquo;extension Google Drive All In One WP Migration. Optimisez votre flux de travail en toute simplicit\u00e9 gr\u00e2ce \u00e0 l&rsquo;int\u00e9gration fluide de Google Drive, qui permet des sauvegardes automatiques et un stockage s\u00e9curis\u00e9. Notre configuration compl\u00e8te et notre tutoriel Google Drive All In One WP Migration garantissent une exp\u00e9rience fluide, avec une assistance fiable \u00e0 tout moment. Gr\u00e2ce \u00e0 cette puissante extension, vos donn\u00e9es sont stock\u00e9es en toute s\u00e9curit\u00e9 sur Google Drive, pour une tranquillit\u00e9 d&rsquo;esprit et un acc\u00e8s facile. Simplifiez la maintenance de votre site et am\u00e9liorez sa fiabilit\u00e9 gr\u00e2ce \u00e0 notre connexion fiable Google Drive All In One WP Migration.<\/p>\n","protected":false},"featured_media":147151,"comment_status":"open","ping_status":"open","template":"","meta":[],"product_brand":[2805],"product_cat":[1187,1181,1186],"product_tag":[2806],"class_list":{"0":"post-142909","1":"product","2":"type-product","3":"status-publish","4":"has-post-thumbnail","6":"product_brand-servmask","7":"product_cat-administration-wordpress-plugins","8":"product_cat-plugins","9":"product_cat-wordpress-plugins","10":"product_tag-servmask","11":"member-discount","12":"discount-restricted","14":"first","15":"instock","16":"sale","17":"downloadable","18":"virtual","19":"sold-individually","20":"purchasable","21":"product-type-simple"},"_links":{"self":[{"href":"https:\/\/gpl-love.com\/fr\/wp-json\/wp\/v2\/product\/142909","targetHints":{"allow":["GET"]}}],"collection":[{"href":"https:\/\/gpl-love.com\/fr\/wp-json\/wp\/v2\/product"}],"about":[{"href":"https:\/\/gpl-love.com\/fr\/wp-json\/wp\/v2\/types\/product"}],"replies":[{"embeddable":true,"href":"https:\/\/gpl-love.com\/fr\/wp-json\/wp\/v2\/comments?post=142909"}],"wp:featuredmedia":[{"embeddable":true,"href":"https:\/\/gpl-love.com\/fr\/wp-json\/wp\/v2\/media\/147151"}],"wp:attachment":[{"href":"https:\/\/gpl-love.com\/fr\/wp-json\/wp\/v2\/media?parent=142909"}],"wp:term":[{"taxonomy":"product_brand","embeddable":true,"href":"https:\/\/gpl-love.com\/fr\/wp-json\/wp\/v2\/product_brand?post=142909"},{"taxonomy":"product_cat","embeddable":true,"href":"https:\/\/gpl-love.com\/fr\/wp-json\/wp\/v2\/product_cat?post=142909"},{"taxonomy":"product_tag","embeddable":true,"href":"https:\/\/gpl-love.com\/fr\/wp-json\/wp\/v2\/product_tag?post=142909"}],"curies":[{"name":"wp","href":"https:\/\/api.w.org\/{rel}","templated":true}]}}