{"id":142906,"date":"2026-03-18T00:00:00","date_gmt":"2026-03-17T23:00:00","guid":{"rendered":"https:\/\/gpl-love.com\/fr\/produit\/wpcode-pro\/"},"modified":"2026-03-21T00:05:03","modified_gmt":"2026-03-20T23:05:03","slug":"wpcode-pro","status":"publish","type":"product","link":"https:\/\/gpl-love.com\/fr\/produit\/wpcode-pro\/","title":{"rendered":"WPCode Pro 2.3.5"},"content":{"rendered":"<h3>WPCode Pro Traits<\/h3>\n<p>D\u00e9couvrez WPCode Pro, l&rsquo;extension WordPress ultime con\u00e7ue pour simplifier le d\u00e9veloppement de votre site web. Avec WPCode Pro, ajoutez facilement des extraits de code personnalis\u00e9s \u00e0 votre site WordPress, am\u00e9liorant ainsi ses fonctionnalit\u00e9s sans la complexit\u00e9. Cet outil puissant est id\u00e9al pour les d\u00e9veloppeurs comme pour les d\u00e9butants, gr\u00e2ce \u00e0 son interface intuitive qui simplifie la gestion des extraits de code.<\/p>\n<p>WPCode Pro se distingue par ses fonctionnalit\u00e9s performantes, notamment une biblioth\u00e8que d&rsquo;extraits, des suggestions intelligentes et des fonctions de v\u00e9rification des erreurs qui garantissent le parfait fonctionnement de votre site web. Que vous souhaitiez ajouter du CSS, du HTML, du PHP ou du JavaScript personnalis\u00e9, WPCode Pro offre une int\u00e9gration fluide, am\u00e9liorant les performances et les options de personnalisation de votre site.<\/p>\n<p>D\u00e9couvrez la flexibilit\u00e9 de WPCode Pro et transformez votre site WordPress en une plateforme dynamique et attrayante. Sa compatibilit\u00e9 avec de nombreux th\u00e8mes et extensions en fait un outil essentiel pour optimiser efficacement son site web. De plus, gr\u00e2ce \u00e0 des mises \u00e0 jour r\u00e9guli\u00e8res et un support d\u00e9di\u00e9, vous pouvez faire confiance \u00e0 WPCode Pro pour maintenir votre site \u00e0 la pointe de l&rsquo;innovation.<\/p>\n<ul>\n<li>Biblioth\u00e8que compl\u00e8te d&rsquo;extraits de code pr\u00e9-construits<\/li>\n<li>\u00c9diteur de code avanc\u00e9 avec coloration syntaxique<\/li>\n<li>Int\u00e9gration transparente avec WordPress<\/li>\n<li>Gestion et organisation personnalis\u00e9es des extraits<\/li>\n<li>Logique conditionnelle pour l&rsquo;ex\u00e9cution des extraits<\/li>\n<li>Prise en charge de PHP, HTML, CSS et JavaScript<\/li>\n<li>Importation et exportation faciles d&rsquo;extraits<\/li>\n<li>Interface conviviale avec commandes intuitives<\/li>\n<li>Mises \u00e0 jour r\u00e9guli\u00e8res avec nouvelles fonctionnalit\u00e9s et am\u00e9liorations<\/li>\n<li>Assistance prioritaire et assistance en cas de probl\u00e8me<\/li>\n<\/ul>\n","protected":false},"excerpt":{"rendered":"<p>D\u00e9couvrez WPCode Pro, la solution ultime pour une personnalisation WordPress fluide, optimis\u00e9e pour les d\u00e9veloppeurs comme pour les d\u00e9butants. Avec WPCode Pro, ajoutez facilement des extraits de code personnalis\u00e9s, optimisez les fonctionnalit\u00e9s et les performances de votre site sans \u00e9crire une seule ligne de code. Cet outil puissant offre une interface intuitive, des mises \u00e0 jour automatiques et une assistance fiable, garantissant le bon fonctionnement et l&rsquo;efficacit\u00e9 de votre site web. D\u00e9couvrez comment WPCode Pro peut transformer votre exp\u00e9rience WordPress, optimiser votre flux de travail et vous offrir une flexibilit\u00e9 in\u00e9gal\u00e9e. Boostez les capacit\u00e9s de votre site d\u00e8s aujourd&rsquo;hui avec WPCode Pro, la solution de r\u00e9f\u00e9rence pour une optimisation WordPress simplifi\u00e9e.<\/p>\n","protected":false},"featured_media":147148,"comment_status":"open","ping_status":"open","template":"","meta":[],"product_brand":[2807],"product_cat":[1187,1181,1186],"product_tag":[2808],"class_list":{"0":"post-142906","1":"product","2":"type-product","3":"status-publish","4":"has-post-thumbnail","6":"product_brand-wpcode","7":"product_cat-administration-wordpress-plugins","8":"product_cat-plugins","9":"product_cat-wordpress-plugins","10":"product_tag-wpcode","11":"member-discount","12":"discount-restricted","14":"first","15":"instock","16":"sale","17":"downloadable","18":"virtual","19":"sold-individually","20":"purchasable","21":"product-type-simple"},"_links":{"self":[{"href":"https:\/\/gpl-love.com\/fr\/wp-json\/wp\/v2\/product\/142906","targetHints":{"allow":["GET"]}}],"collection":[{"href":"https:\/\/gpl-love.com\/fr\/wp-json\/wp\/v2\/product"}],"about":[{"href":"https:\/\/gpl-love.com\/fr\/wp-json\/wp\/v2\/types\/product"}],"replies":[{"embeddable":true,"href":"https:\/\/gpl-love.com\/fr\/wp-json\/wp\/v2\/comments?post=142906"}],"wp:featuredmedia":[{"embeddable":true,"href":"https:\/\/gpl-love.com\/fr\/wp-json\/wp\/v2\/media\/147148"}],"wp:attachment":[{"href":"https:\/\/gpl-love.com\/fr\/wp-json\/wp\/v2\/media?parent=142906"}],"wp:term":[{"taxonomy":"product_brand","embeddable":true,"href":"https:\/\/gpl-love.com\/fr\/wp-json\/wp\/v2\/product_brand?post=142906"},{"taxonomy":"product_cat","embeddable":true,"href":"https:\/\/gpl-love.com\/fr\/wp-json\/wp\/v2\/product_cat?post=142906"},{"taxonomy":"product_tag","embeddable":true,"href":"https:\/\/gpl-love.com\/fr\/wp-json\/wp\/v2\/product_tag?post=142906"}],"curies":[{"name":"wp","href":"https:\/\/api.w.org\/{rel}","templated":true}]}}