{"id":142905,"date":"2026-02-24T00:00:00","date_gmt":"2026-02-23T23:00:00","guid":{"rendered":"https:\/\/gpl-love.com\/fr\/produit\/woocommerce-product-variation-table\/"},"modified":"2026-03-21T00:05:02","modified_gmt":"2026-03-20T23:05:02","slug":"woocommerce-product-variation-table","status":"publish","type":"product","link":"https:\/\/gpl-love.com\/fr\/produit\/woocommerce-product-variation-table\/","title":{"rendered":"Woocommerce Product Variation Table 1.3.7"},"content":{"rendered":"<h3>Woocommerce Product Variation Table Traits<\/h3>\n<p>D\u00e9couvrez la solution ultime pour les propri\u00e9taires de boutiques WooCommerce\u00a0: notre tableau de variations de produits innovant. Cet outil puissant transforme la gestion et l&rsquo;affichage des variations de produits sur votre site web, garantissant une exp\u00e9rience d&rsquo;achat fluide \u00e0 vos clients. Gr\u00e2ce au tableau de variations de produits WooCommerce, organisez et pr\u00e9sentez facilement diff\u00e9rentes options de produits, comme la taille, la couleur et le style, dans un format clair et facile \u00e0 parcourir.<\/p>\n<p>Fini les menus d\u00e9roulants complexes, profitez d&rsquo;une interface conviviale et attrayante qui fid\u00e9lise vos clients. Enti\u00e8rement personnalisable, notre tableau de variations de produits s&rsquo;adapte au style et \u00e0 l&rsquo;image de marque de votre boutique. De plus, il est r\u00e9actif et optimis\u00e9 pour tous les appareils, garantissant \u00e0 vos clients une navigation fluide, qu&rsquo;ils soient sur ordinateur ou mobile.<\/p>\n<p>Optimisez les fonctionnalit\u00e9s de votre boutique WooCommerce gr\u00e2ce \u00e0 notre tableau de variations de produits et voyez vos ventes exploser. Facile \u00e0 installer et s&rsquo;int\u00e9grant parfaitement \u00e0 votre configuration existante, il est le compl\u00e9ment id\u00e9al pour toute boutique WooCommerce souhaitant am\u00e9liorer l&rsquo;affichage de ses produits et augmenter ses conversions.<\/p>\n<ul>\n<li>Affiche les variantes de produits sous forme de tableau<\/li>\n<li>Compatible avec WooCommerce<\/li>\n<li>Prend en charge les produits variables avec de multiples attributs<\/li>\n<li>Permet aux clients de comparer facilement les variantes<\/li>\n<li>Mise en page et design personnalisables<\/li>\n<li>R\u00e9actif et adapt\u00e9 aux appareils mobiles<\/li>\n<li>Inclut des options de recherche et de filtrage<\/li>\n<li>Facile \u00e0 int\u00e9grer \u00e0 une boutique WooCommerce existante<\/li>\n<li>Permet l&rsquo;ajout group\u00e9 au panier<\/li>\n<li>Prend en charge AJAX pour une exp\u00e9rience utilisateur fluide<\/li>\n<\/ul>\n","protected":false},"excerpt":{"rendered":"<p>D\u00e9couvrez la solution ultime pour votre boutique en ligne\u00a0: le tableau de variations de produits WooCommerce. Id\u00e9al pour am\u00e9liorer l&rsquo;exp\u00e9rience utilisateur, cet outil performant permet aux clients de comparer et de s\u00e9lectionner facilement des variations de produits, augmentant ainsi leur satisfaction et leurs ventes. Gr\u00e2ce \u00e0 une int\u00e9gration fluide, ce tableau est enti\u00e8rement personnalisable, r\u00e9actif et compatible avec tous les th\u00e8mes. Con\u00e7u pour simplifier le processus d&rsquo;achat, il met en avant les fonctionnalit\u00e9s et avantages cl\u00e9s en un coup d&rsquo;\u0153il. Transformez votre plateforme e-commerce d\u00e8s aujourd&rsquo;hui avec le tableau de variations de produits WooCommerce, o\u00f9 efficacit\u00e9 et fonctionnalit\u00e9 se conjuguent. Boostez vos conversions et fid\u00e9lisez vos clients gr\u00e2ce \u00e0 cet outil essentiel \u00e0 votre bo\u00eete \u00e0 outils WooCommerce.<\/p>\n","protected":false},"featured_media":147147,"comment_status":"open","ping_status":"open","template":"","meta":[],"product_brand":[2440],"product_cat":[1182,1223,1181],"product_tag":[1398],"class_list":{"0":"post-142905","1":"product","2":"type-product","3":"status-publish","4":"has-post-thumbnail","6":"product_brand-woocommerce","7":"product_cat-commerce-electronique-plugins","8":"product_cat-personnalisation-commerce-electronique-plugins","9":"product_cat-plugins","10":"product_tag-woocommerce","11":"member-discount","12":"discount-restricted","14":"first","15":"instock","16":"sale","17":"downloadable","18":"virtual","19":"sold-individually","20":"purchasable","21":"product-type-simple"},"_links":{"self":[{"href":"https:\/\/gpl-love.com\/fr\/wp-json\/wp\/v2\/product\/142905","targetHints":{"allow":["GET"]}}],"collection":[{"href":"https:\/\/gpl-love.com\/fr\/wp-json\/wp\/v2\/product"}],"about":[{"href":"https:\/\/gpl-love.com\/fr\/wp-json\/wp\/v2\/types\/product"}],"replies":[{"embeddable":true,"href":"https:\/\/gpl-love.com\/fr\/wp-json\/wp\/v2\/comments?post=142905"}],"wp:featuredmedia":[{"embeddable":true,"href":"https:\/\/gpl-love.com\/fr\/wp-json\/wp\/v2\/media\/147147"}],"wp:attachment":[{"href":"https:\/\/gpl-love.com\/fr\/wp-json\/wp\/v2\/media?parent=142905"}],"wp:term":[{"taxonomy":"product_brand","embeddable":true,"href":"https:\/\/gpl-love.com\/fr\/wp-json\/wp\/v2\/product_brand?post=142905"},{"taxonomy":"product_cat","embeddable":true,"href":"https:\/\/gpl-love.com\/fr\/wp-json\/wp\/v2\/product_cat?post=142905"},{"taxonomy":"product_tag","embeddable":true,"href":"https:\/\/gpl-love.com\/fr\/wp-json\/wp\/v2\/product_tag?post=142905"}],"curies":[{"name":"wp","href":"https:\/\/api.w.org\/{rel}","templated":true}]}}