{"id":142903,"date":"2026-02-05T00:00:00","date_gmt":"2026-02-04T23:00:00","guid":{"rendered":"https:\/\/gpl-love.com\/fr\/produit\/mainwp-favourites\/"},"modified":"2026-03-21T00:05:01","modified_gmt":"2026-03-20T23:05:01","slug":"mainwp-favourites","status":"publish","type":"product","link":"https:\/\/gpl-love.com\/fr\/produit\/mainwp-favourites\/","title":{"rendered":"MainWP Favourites 5.2"},"content":{"rendered":"<h3>MainWP Favourites Traits<\/h3>\n<p>D\u00e9couvrez MainWP Favourites, la solution id\u00e9ale pour les passionn\u00e9s de WordPress qui souhaitent simplifier la gestion de leur site web. Avec MainWP Favourites, g\u00e9rez facilement vos extensions et th\u00e8mes pr\u00e9f\u00e9r\u00e9s et assurez-vous que votre tableau de bord WordPress est toujours optimis\u00e9 et efficace. Con\u00e7u sp\u00e9cialement pour les webmasters et d\u00e9veloppeurs press\u00e9s, cet outil puissant vous permet de gagner du temps et d&rsquo;am\u00e9liorer votre productivit\u00e9 en organisant vos ressources WordPress pr\u00e9f\u00e9r\u00e9es en un seul endroit pratique.<\/p>\n<p>B\u00e9n\u00e9ficiez d&rsquo;une int\u00e9gration fluide avec le tableau de bord MainWP, o\u00f9 vous pouvez facilement ajouter, supprimer et mettre \u00e0 jour vos extensions et th\u00e8mes pr\u00e9f\u00e9r\u00e9s en quelques clics. Que vous g\u00e9riez un seul site ou plusieurs installations WordPress, MainWP Favourites vous garantit une exp\u00e9rience coh\u00e9rente et personnalis\u00e9e pour tous vos projets.<\/p>\n<p>Fini la recherche fastidieuse de vos extensions pr\u00e9f\u00e9r\u00e9es \u00e0 chaque cr\u00e9ation de site. Avec MainWP Favourites, vos meilleures options sont toujours \u00e0 port\u00e9e de main, pr\u00eates \u00e0 \u00eatre d\u00e9ploy\u00e9es d\u00e8s que vous en avez besoin.<\/p>\n<ul>\n<li>Gestion centralis\u00e9e des sites WordPress<\/li>\n<li>Sauvegarde et gestion des plugins et th\u00e8mes favoris<\/li>\n<li>Installation et activation faciles des favoris sur plusieurs sites<\/li>\n<li>Organisation personnalisable des \u00e9l\u00e9ments favoris<\/li>\n<li>Mises \u00e0 jour automatiques des plugins et th\u00e8mes favoris<\/li>\n<li>Compatibilit\u00e9 avec une large gamme de plugins et th\u00e8mes WordPress<\/li>\n<li>Interface conviviale pour une gestion efficace du site<\/li>\n<li>Gestion s\u00e9curis\u00e9e et priv\u00e9e des donn\u00e9es du site WordPress<\/li>\n<li>Int\u00e9gration transparente avec le tableau de bord MainWP<\/li>\n<li>Fonctionnalit\u00e9s permettant de gagner du temps pour la gestion de plusieurs projets WordPress<\/li>\n<\/ul>\n","protected":false},"excerpt":{"rendered":"<p>D\u00e9couvrez MainWP Favourites, l&rsquo;outil ultime pour g\u00e9rer vos sites WordPress facilement et efficacement. Con\u00e7u pour optimiser votre flux de travail, MainWP Favourites vous permet d&rsquo;enregistrer vos plugins et th\u00e8mes pr\u00e9f\u00e9r\u00e9s, garantissant un acc\u00e8s rapide et des mises \u00e0 jour fluides. Gr\u00e2ce \u00e0 cette fonctionnalit\u00e9 performante, vous pouvez optimiser votre productivit\u00e9, optimiser les performances de votre site et assurer la coh\u00e9rence entre plusieurs sites web. Id\u00e9al pour les d\u00e9veloppeurs et les gestionnaires de sites, MainWP Favourites simplifie la maintenance de votre site, vous faisant gagner un temps pr\u00e9cieux. D\u00e9couvrez d\u00e8s aujourd&rsquo;hui la praticit\u00e9 et la puissance de MainWP Favourites et optimisez la gestion de votre WordPress. Efficace, fiable et convivial, MainWP Favourites est la solution id\u00e9ale.<\/p>\n","protected":false},"featured_media":147145,"comment_status":"open","ping_status":"open","template":"","meta":[],"product_brand":[2587],"product_cat":[1187,1181,1186],"product_tag":[1299],"class_list":{"0":"post-142903","1":"product","2":"type-product","3":"status-publish","4":"has-post-thumbnail","6":"product_brand-main-wp","7":"product_cat-administration-wordpress-plugins","8":"product_cat-plugins","9":"product_cat-wordpress-plugins","10":"product_tag-main-wp","11":"member-discount","12":"discount-restricted","14":"first","15":"instock","16":"sale","17":"downloadable","18":"virtual","19":"sold-individually","20":"purchasable","21":"product-type-simple"},"_links":{"self":[{"href":"https:\/\/gpl-love.com\/fr\/wp-json\/wp\/v2\/product\/142903","targetHints":{"allow":["GET"]}}],"collection":[{"href":"https:\/\/gpl-love.com\/fr\/wp-json\/wp\/v2\/product"}],"about":[{"href":"https:\/\/gpl-love.com\/fr\/wp-json\/wp\/v2\/types\/product"}],"replies":[{"embeddable":true,"href":"https:\/\/gpl-love.com\/fr\/wp-json\/wp\/v2\/comments?post=142903"}],"wp:featuredmedia":[{"embeddable":true,"href":"https:\/\/gpl-love.com\/fr\/wp-json\/wp\/v2\/media\/147145"}],"wp:attachment":[{"href":"https:\/\/gpl-love.com\/fr\/wp-json\/wp\/v2\/media?parent=142903"}],"wp:term":[{"taxonomy":"product_brand","embeddable":true,"href":"https:\/\/gpl-love.com\/fr\/wp-json\/wp\/v2\/product_brand?post=142903"},{"taxonomy":"product_cat","embeddable":true,"href":"https:\/\/gpl-love.com\/fr\/wp-json\/wp\/v2\/product_cat?post=142903"},{"taxonomy":"product_tag","embeddable":true,"href":"https:\/\/gpl-love.com\/fr\/wp-json\/wp\/v2\/product_tag?post=142903"}],"curies":[{"name":"wp","href":"https:\/\/api.w.org\/{rel}","templated":true}]}}