{"id":142902,"date":"2026-02-14T00:00:00","date_gmt":"2026-02-13T23:00:00","guid":{"rendered":"https:\/\/gpl-love.com\/fr\/produit\/publishpress-statuses-pro\/"},"modified":"2026-03-21T00:05:00","modified_gmt":"2026-03-20T23:05:00","slug":"publishpress-statuses-pro","status":"publish","type":"product","link":"https:\/\/gpl-love.com\/fr\/produit\/publishpress-statuses-pro\/","title":{"rendered":"PublishPress Statuses Pro 1.2.3"},"content":{"rendered":"<h3>PublishPress Statuses Pro Traits<\/h3>\n<p>D\u00e9couvrez PublishPress Statuses Pro, l&rsquo;outil ultime pour optimiser votre flux de travail WordPress. Con\u00e7u pour les cr\u00e9ateurs et \u00e9diteurs de contenu, ce puissant plugin r\u00e9volutionne la gestion de votre contenu. Avec PublishPress Statuses Pro, cr\u00e9ez des statuts personnalis\u00e9s qui s&rsquo;adaptent parfaitement \u00e0 votre processus \u00e9ditorial, offrant une flexibilit\u00e9 et un contr\u00f4le in\u00e9gal\u00e9s.<\/p>\n<p>Vous avez besoin de suivre votre contenu de la conception \u00e0 la publication\u00a0? PublishPress Statuses Pro vous simplifie la t\u00e2che gr\u00e2ce \u00e0 son interface intuitive. Personnalisez votre flux de travail avec des statuts tels que \u00ab\u00a0En cours de r\u00e9vision\u00a0\u00bb, \u00ab\u00a0\u00c0 modifier\u00a0\u00bb ou \u00ab\u00a0Pr\u00eat \u00e0 publier\u00a0\u00bb. Ce plugin s&rsquo;int\u00e8gre parfaitement \u00e0 WordPress, garantissant une exp\u00e9rience fluide pour tous les utilisateurs.<\/p>\n<p>Optimisez la productivit\u00e9 de votre \u00e9quipe en gardant tout le monde sur la m\u00eame longueur d&rsquo;onde. PublishPress Statuses Pro offre une visibilit\u00e9 claire sur le statut de chaque contenu, vous permettant ainsi d&rsquo;\u00e9viter les goulots d&rsquo;\u00e9tranglement et de fluidifier la communication. Que vous g\u00e9riez un blog, un site d&rsquo;actualit\u00e9s ou toute autre plateforme de contenu, ce plugin est la solution id\u00e9ale.<\/p>\n<ul>\n<li>Gestion avanc\u00e9e des statuts pour WordPress<\/li>\n<li>Statuts de flux de travail personnalisables<\/li>\n<li>Int\u00e9gration aux extensions PublishPress<\/li>\n<li>Autorisations des r\u00f4les utilisateur pour les changements de statut<\/li>\n<li>Notifications de mises \u00e0 jour de statut<\/li>\n<li>Tableau de bord pour suivre la progression du contenu<\/li>\n<li>Compatible avec l&rsquo;\u00e9diteur Gutenberg<\/li>\n<li>Prise en charge des types de publication personnalis\u00e9s<\/li>\n<li>Prise en charge du r\u00e9seau multisite<\/li>\n<\/ul>\n","protected":false},"excerpt":{"rendered":"<p>D\u00e9couvrez PublishPress Statuses Pro, l&rsquo;outil ultime pour optimiser votre flux de travail WordPress. Optimisez votre processus de publication gr\u00e2ce \u00e0 des statuts personnalis\u00e9s, \u00e0 la gestion des t\u00e2ches et \u00e0 une collaboration optimis\u00e9e. Ce puissant plugin vous permet de cr\u00e9er des statuts sur mesure pour votre flux \u00e9ditorial, garantissant ainsi la coh\u00e9rence de chaque membre de votre \u00e9quipe. Avec PublishPress Statuses Pro, g\u00e9rez facilement la progression de votre contenu, du brouillon \u00e0 la publication, et tout le reste. Boostez votre productivit\u00e9 et maintenez le contr\u00f4le qualit\u00e9 gr\u00e2ce \u00e0 des fonctionnalit\u00e9s avanc\u00e9es con\u00e7ues pour une int\u00e9gration fluide. Id\u00e9al pour les cr\u00e9ateurs de contenu, les \u00e9diteurs et les chefs de projet \u00e0 la recherche de solutions WordPress efficaces. Optimisez votre processus \u00e9ditorial d\u00e8s aujourd&rsquo;hui avec PublishPress Statuses Pro.<\/p>\n","protected":false},"featured_media":147144,"comment_status":"open","ping_status":"open","template":"","meta":[],"product_brand":[2637],"product_cat":[1189,1181,1186],"product_tag":[2188],"class_list":{"0":"post-142902","1":"product","2":"type-product","3":"status-publish","4":"has-post-thumbnail","6":"product_brand-publishpress","7":"product_cat-personnalisation","8":"product_cat-plugins","9":"product_cat-wordpress-plugins","10":"product_tag-publishpress","11":"member-discount","12":"discount-restricted","14":"first","15":"instock","16":"sale","17":"downloadable","18":"virtual","19":"sold-individually","20":"purchasable","21":"product-type-simple"},"_links":{"self":[{"href":"https:\/\/gpl-love.com\/fr\/wp-json\/wp\/v2\/product\/142902","targetHints":{"allow":["GET"]}}],"collection":[{"href":"https:\/\/gpl-love.com\/fr\/wp-json\/wp\/v2\/product"}],"about":[{"href":"https:\/\/gpl-love.com\/fr\/wp-json\/wp\/v2\/types\/product"}],"replies":[{"embeddable":true,"href":"https:\/\/gpl-love.com\/fr\/wp-json\/wp\/v2\/comments?post=142902"}],"wp:featuredmedia":[{"embeddable":true,"href":"https:\/\/gpl-love.com\/fr\/wp-json\/wp\/v2\/media\/147144"}],"wp:attachment":[{"href":"https:\/\/gpl-love.com\/fr\/wp-json\/wp\/v2\/media?parent=142902"}],"wp:term":[{"taxonomy":"product_brand","embeddable":true,"href":"https:\/\/gpl-love.com\/fr\/wp-json\/wp\/v2\/product_brand?post=142902"},{"taxonomy":"product_cat","embeddable":true,"href":"https:\/\/gpl-love.com\/fr\/wp-json\/wp\/v2\/product_cat?post=142902"},{"taxonomy":"product_tag","embeddable":true,"href":"https:\/\/gpl-love.com\/fr\/wp-json\/wp\/v2\/product_tag?post=142902"}],"curies":[{"name":"wp","href":"https:\/\/api.w.org\/{rel}","templated":true}]}}