{"id":142900,"date":"2025-09-24T00:00:00","date_gmt":"2025-09-23T22:00:00","guid":{"rendered":"https:\/\/gpl-love.com\/fr\/produit\/wordpress-pinterest-automatic\/"},"modified":"2026-03-21T00:04:57","modified_gmt":"2026-03-20T23:04:57","slug":"wordpress-pinterest-automatic","status":"publish","type":"product","link":"https:\/\/gpl-love.com\/fr\/produit\/wordpress-pinterest-automatic\/","title":{"rendered":"WordPress Pinterest Automatic 4.20.1"},"content":{"rendered":"<h3>WordPress Pinterest Automatic Traits<\/h3>\n<p>D\u00e9couvrez la puissance de l&rsquo;extension WordPress Pinterest Automatic, l&rsquo;outil id\u00e9al pour une int\u00e9gration fluide avec Pinterest. Cette extension transforme votre exp\u00e9rience de blogging en automatisant le processus d&rsquo;\u00e9pinglage, vous faisant gagner du temps et am\u00e9liorant la visibilit\u00e9 de votre site. Vous vous demandez comment utiliser WordPress Pinterest Automatic\u00a0? Notre guide d&rsquo;installation complet vous guide pas \u00e0 pas pour une installation fluide.<\/p>\n<p>Plongez dans notre tutoriel WordPress Pinterest Automatic pour d\u00e9couvrir ses fonctionnalit\u00e9s exceptionnelles, de l&rsquo;\u00e9pinglage automatis\u00e9 \u00e0 la planification personnalisable. Optimisez votre strat\u00e9gie SEO gr\u00e2ce \u00e0 nos conseils d&rsquo;experts, con\u00e7us pour am\u00e9liorer la port\u00e9e et l&rsquo;impact de votre contenu.<\/p>\n<p>Envie de d\u00e9couvrir des exp\u00e9riences utilisateur concr\u00e8tes\u00a0? Consultez notre section d&rsquo;\u00e9valuation de WordPress Pinterest Automatic pour d\u00e9couvrir comment cette extension a r\u00e9volutionn\u00e9 le partage de contenu. Assurez des performances optimales gr\u00e2ce \u00e0 nos bonnes pratiques et nos conseils de d\u00e9pannage, afin de tirer le meilleur parti de cet outil puissant.<\/p>\n<p>Que vous soyez blogueur d\u00e9butant ou exp\u00e9riment\u00e9, l&rsquo;extension WordPress Pinterest Automatic optimise votre strat\u00e9gie de contenu. Adoptez l&rsquo;avenir du partage de contenu avec simplicit\u00e9 et efficacit\u00e9.<\/p>\n<ul>\n<li>Int\u00e9gration fluide avec les sites web WordPress<\/li>\n<li>\u00c9pinglage automatique des images des publications sur les tableaux Pinterest<\/li>\n<li>Fr\u00e9quence d&rsquo;\u00e9pinglage et options de planification personnalisables<\/li>\n<li>Prise en charge de l&rsquo;\u00e9pinglage group\u00e9 de plusieurs images \u00e0 la fois<\/li>\n<li>\u00c9pinglage direct depuis la m\u00e9diath\u00e8que WordPress<\/li>\n<li>Prise en charge des \u00e9pingles enrichies pour des d\u00e9tails d&rsquo;\u00e9pingle optimis\u00e9s<\/li>\n<li>Prise en charge de plusieurs comptes Pinterest<\/li>\n<li>Possibilit\u00e9 d&rsquo;\u00e9pingler des images \u00e0 la une ou d&rsquo;autres images sp\u00e9cifiques<\/li>\n<li>D\u00e9tection et \u00e9pinglage automatiques du nouveau contenu<\/li>\n<li>Compatible avec les produits WooCommerce pour une int\u00e9gration e-commerce<\/li>\n<\/ul>\n","protected":false},"excerpt":{"rendered":"<p>Exploitez tout le potentiel de votre site WordPress avec l&rsquo;extension WordPress Pinterest Automatic. Cet outil puissant simplifie votre strat\u00e9gie sur les r\u00e9seaux sociaux en \u00e9pinglant automatiquement votre contenu, en g\u00e9n\u00e9rant du trafic et en boostant l&rsquo;engagement. Notre guide d&rsquo;installation et notre tutoriel complets pour WordPress Pinterest Automatic vous expliquent \u00e9tape par \u00e9tape comment l&rsquo;utiliser efficacement. D\u00e9couvrez les fonctionnalit\u00e9s exceptionnelles et les capacit\u00e9s d&rsquo;int\u00e9gration de l&rsquo;extension, ainsi que des conseils SEO pour am\u00e9liorer votre visibilit\u00e9. Que vous recherchiez des conseils de d\u00e9pannage ou des bonnes pratiques, notre analyse d\u00e9taill\u00e9e couvre tous les aspects. Optimisez les performances de votre site d\u00e8s aujourd&rsquo;hui avec WordPress Pinterest Automatic.<\/p>\n","protected":false},"featured_media":147142,"comment_status":"open","ping_status":"open","template":"","meta":[],"product_brand":[2435],"product_cat":[1187,1181,1186],"product_tag":[1231],"class_list":{"0":"post-142900","1":"product","2":"type-product","3":"status-publish","4":"has-post-thumbnail","6":"product_brand-codecanyon","7":"product_cat-administration-wordpress-plugins","8":"product_cat-plugins","9":"product_cat-wordpress-plugins","10":"product_tag-codecanyon","11":"member-discount","12":"discount-restricted","14":"first","15":"instock","16":"sale","17":"downloadable","18":"virtual","19":"sold-individually","20":"purchasable","21":"product-type-simple"},"_links":{"self":[{"href":"https:\/\/gpl-love.com\/fr\/wp-json\/wp\/v2\/product\/142900","targetHints":{"allow":["GET"]}}],"collection":[{"href":"https:\/\/gpl-love.com\/fr\/wp-json\/wp\/v2\/product"}],"about":[{"href":"https:\/\/gpl-love.com\/fr\/wp-json\/wp\/v2\/types\/product"}],"replies":[{"embeddable":true,"href":"https:\/\/gpl-love.com\/fr\/wp-json\/wp\/v2\/comments?post=142900"}],"wp:featuredmedia":[{"embeddable":true,"href":"https:\/\/gpl-love.com\/fr\/wp-json\/wp\/v2\/media\/147142"}],"wp:attachment":[{"href":"https:\/\/gpl-love.com\/fr\/wp-json\/wp\/v2\/media?parent=142900"}],"wp:term":[{"taxonomy":"product_brand","embeddable":true,"href":"https:\/\/gpl-love.com\/fr\/wp-json\/wp\/v2\/product_brand?post=142900"},{"taxonomy":"product_cat","embeddable":true,"href":"https:\/\/gpl-love.com\/fr\/wp-json\/wp\/v2\/product_cat?post=142900"},{"taxonomy":"product_tag","embeddable":true,"href":"https:\/\/gpl-love.com\/fr\/wp-json\/wp\/v2\/product_tag?post=142900"}],"curies":[{"name":"wp","href":"https:\/\/api.w.org\/{rel}","templated":true}]}}