{"id":142899,"date":"2026-03-28T00:00:00","date_gmt":"2026-03-27T23:00:00","guid":{"rendered":"https:\/\/gpl-love.com\/fr\/produit\/nexter-blocks-pro\/"},"modified":"2026-03-28T11:30:51","modified_gmt":"2026-03-28T10:30:51","slug":"nexter-blocks-pro","status":"publish","type":"product","link":"https:\/\/gpl-love.com\/fr\/produit\/nexter-blocks-pro\/","title":{"rendered":"Nexter Blocks Pro 4.7.1"},"content":{"rendered":"<h3>Nexter Blocks Pro Traits<\/h3>\n<p>D\u00e9couvrez Nexter Blocks Pro pour WordPress\u00a0: une r\u00e9volution en mati\u00e8re de conception de sites web. Lib\u00e9rez votre potentiel cr\u00e9atif gr\u00e2ce \u00e0 notre plugin intuitif et convivial, con\u00e7u pour am\u00e9liorer votre exp\u00e9rience WordPress. Nexter Blocks Pro vous permet de cr\u00e9er facilement des sites web \u00e9poustouflants et responsive.<\/p>\n<p>Notre plugin propose une vaste biblioth\u00e8que de blocs personnalisables, parfaits pour tous vos projets. Que vous soyez d\u00e9butant ou d\u00e9veloppeur exp\u00e9riment\u00e9, Nexter Blocks Pro simplifie le processus gr\u00e2ce \u00e0 sa fonctionnalit\u00e9 glisser-d\u00e9poser. Dites adieu au codage complexe et bonjour \u00e0 un design \u00e9pur\u00e9.<\/p>\n<p>Am\u00e9liorez les performances de votre site gr\u00e2ce \u00e0 des blocs \u00e0 chargement rapide et optimis\u00e9s pour le r\u00e9f\u00e9rencement, qui garantissent un meilleur classement de votre contenu dans les moteurs de recherche. Nexter Blocks Pro pour WordPress est compatible avec tous les th\u00e8mes, offrant une int\u00e9gration fluide et une flexibilit\u00e9 in\u00e9gal\u00e9e.<\/p>\n<p>Gardez une longueur d&rsquo;avance sur la concurrence gr\u00e2ce \u00e0 nos mises \u00e0 jour r\u00e9guli\u00e8res et \u00e0 notre \u00e9quipe d&rsquo;assistance d\u00e9di\u00e9e, toujours pr\u00eate \u00e0 vous aider. Cr\u00e9ez des sites web dynamiques et attrayants qui captivent votre audience et g\u00e9n\u00e8rent des conversions.<\/p>\n<p>D\u00e9couvrez d\u00e8s aujourd&rsquo;hui la puissance de Nexter Blocks Pro pour WordPress.<\/p>\n<ul>\n<li>Int\u00e9gration transparente avec WordPress<\/li>\n<li>\u00c9diteur de blocs par glisser-d\u00e9poser<\/li>\n<li>Design adaptatif pour tous les appareils<\/li>\n<li>Vaste biblioth\u00e8que de mod\u00e8les pr\u00e9d\u00e9finis<\/li>\n<li>Styles et param\u00e8tres de blocs personnalisables<\/li>\n<li>Compatible avec les th\u00e8mes WordPress populaires<\/li>\n<li>L\u00e9ger et optimis\u00e9 pour des performances rapides<\/li>\n<li>Prise en charge multilingue et traduction possible<\/li>\n<\/ul>\n","protected":false},"excerpt":{"rendered":"<p>D\u00e9couvrez Nexter Blocks Pro pour WordPress, la solution ultime pour cr\u00e9er des sites web \u00e9poustouflants en toute simplicit\u00e9. Con\u00e7u pour les d\u00e9butants comme pour les experts, ce puissant plugin r\u00e9volutionne votre exp\u00e9rience web design. Cr\u00e9ez et personnalisez facilement gr\u00e2ce \u00e0 son interface intuitive par glisser-d\u00e9poser, pour un gain de temps et une cr\u00e9ativit\u00e9 accrue. Nexter Blocks Pro s&rsquo;int\u00e8gre parfaitement aux th\u00e8mes populaires, garantissant compatibilit\u00e9 et flexibilit\u00e9. Optimisez votre site gr\u00e2ce \u00e0 des fonctionnalit\u00e9s avanc\u00e9es comme le responsive design, l&rsquo;optimisation SEO et des performances ultra-rapides. Que vous cr\u00e9iez un portfolio ou une boutique en ligne, Nexter Blocks Pro est l&rsquo;outil id\u00e9al pour des r\u00e9sultats professionnels et soign\u00e9s. Transformez votre site WordPress d\u00e8s aujourd&rsquo;hui avec Nexter Blocks Pro\u00a0!<\/p>\n","protected":false},"featured_media":147141,"comment_status":"open","ping_status":"open","template":"","meta":[],"product_brand":[2672],"product_cat":[1189,1181,1186],"product_tag":[2224],"class_list":{"0":"post-142899","1":"product","2":"type-product","3":"status-publish","4":"has-post-thumbnail","6":"product_brand-posimyth","7":"product_cat-personnalisation","8":"product_cat-plugins","9":"product_cat-wordpress-plugins","10":"product_tag-posimyth","11":"member-discount","12":"discount-restricted","14":"first","15":"instock","16":"sale","17":"downloadable","18":"virtual","19":"sold-individually","20":"purchasable","21":"product-type-simple"},"_links":{"self":[{"href":"https:\/\/gpl-love.com\/fr\/wp-json\/wp\/v2\/product\/142899","targetHints":{"allow":["GET"]}}],"collection":[{"href":"https:\/\/gpl-love.com\/fr\/wp-json\/wp\/v2\/product"}],"about":[{"href":"https:\/\/gpl-love.com\/fr\/wp-json\/wp\/v2\/types\/product"}],"replies":[{"embeddable":true,"href":"https:\/\/gpl-love.com\/fr\/wp-json\/wp\/v2\/comments?post=142899"}],"wp:featuredmedia":[{"embeddable":true,"href":"https:\/\/gpl-love.com\/fr\/wp-json\/wp\/v2\/media\/147141"}],"wp:attachment":[{"href":"https:\/\/gpl-love.com\/fr\/wp-json\/wp\/v2\/media?parent=142899"}],"wp:term":[{"taxonomy":"product_brand","embeddable":true,"href":"https:\/\/gpl-love.com\/fr\/wp-json\/wp\/v2\/product_brand?post=142899"},{"taxonomy":"product_cat","embeddable":true,"href":"https:\/\/gpl-love.com\/fr\/wp-json\/wp\/v2\/product_cat?post=142899"},{"taxonomy":"product_tag","embeddable":true,"href":"https:\/\/gpl-love.com\/fr\/wp-json\/wp\/v2\/product_tag?post=142899"}],"curies":[{"name":"wp","href":"https:\/\/api.w.org\/{rel}","templated":true}]}}