{"id":142898,"date":"2025-10-28T00:00:00","date_gmt":"2025-10-27T23:00:00","guid":{"rendered":"https:\/\/gpl-love.com\/fr\/produit\/jetsloth-gravity-forms-fetcher\/"},"modified":"2026-03-21T00:04:56","modified_gmt":"2026-03-20T23:04:56","slug":"jetsloth-gravity-forms-fetcher","status":"publish","type":"product","link":"https:\/\/gpl-love.com\/fr\/produit\/jetsloth-gravity-forms-fetcher\/","title":{"rendered":"Jetsloth Gravity Forms Fetcher 1.3.13"},"content":{"rendered":"<h3>Jetsloth Gravity Forms Fetcher Traits<\/h3>\n<p>Exploitez tout le potentiel de vos formulaires avec Jetsloth Gravity Forms Fetcher, la solution ultime pour une gestion simplifi\u00e9e des donn\u00e9es. Con\u00e7u pour l&rsquo;efficacit\u00e9, cet outil puissant s&rsquo;int\u00e8gre parfaitement \u00e0 Gravity Forms, vous permettant de r\u00e9cup\u00e9rer et de g\u00e9rer facilement les entr\u00e9es de formulaire. Que vous traitiez des demandes clients, des r\u00e9sultats d&rsquo;enqu\u00eates ou des formulaires de commentaires, Gravity Forms Fetcher vous garantit un acc\u00e8s instantan\u00e9 aux donn\u00e9es dont vous avez besoin.<\/p>\n<p>Dites adieu \u00e0 la r\u00e9cup\u00e9ration manuelle des donn\u00e9es et bonjour \u00e0 l&rsquo;automatisation. Avec Jetsloth Gravity Forms Fetcher, vous pouvez extraire automatiquement des entr\u00e9es selon des crit\u00e8res sp\u00e9cifiques, vous faisant gagner du temps et des efforts. Son interface conviviale simplifie l&rsquo;installation et l&rsquo;utilisation, m\u00eame pour les d\u00e9butants. De plus, ses fonctionnalit\u00e9s robustes garantissent la compatibilit\u00e9 avec divers flux de travail, ce qui en fait un compl\u00e9ment essentiel \u00e0 toute bo\u00eete \u00e0 outils num\u00e9rique.<\/p>\n<p>D\u00e9couvrez une commodit\u00e9 et une efficacit\u00e9 in\u00e9gal\u00e9es avec Gravity Forms Fetcher de Jetsloth. Id\u00e9al pour les entreprises de toutes tailles, cet outil am\u00e9liore la productivit\u00e9 et la pr\u00e9cision des donn\u00e9es. Ne manquez pas l\u2019opportunit\u00e9 d\u2019optimiser votre processus de gestion des formulaires.<\/p>\n<ul>\n<li>Int\u00e9gration transparente avec Gravity Forms<\/li>\n<li>R\u00e9cup\u00e9ration et affichage automatiques des entr\u00e9es de formulaire<\/li>\n<li>Options d&rsquo;affichage personnalisables<\/li>\n<li>Interface conviviale<\/li>\n<li>R\u00e9cup\u00e9ration et mise \u00e0 jour des donn\u00e9es en temps r\u00e9el<\/li>\n<li>Compatible avec divers modules compl\u00e9mentaires Gravity Forms<\/li>\n<li>Performances l\u00e9g\u00e8res et efficaces<\/li>\n<li>Installation et configuration simplifi\u00e9es<\/li>\n<li>Prise en charge de plusieurs types d&rsquo;entr\u00e9es de formulaire<\/li>\n<\/ul>\n","protected":false},"excerpt":{"rendered":"<p>D\u00e9couvrez Jetsloth Gravity Forms Fetcher, l&rsquo;outil ultime pour am\u00e9liorer votre exp\u00e9rience de gestion de formulaires. Con\u00e7u pour simplifier la r\u00e9cup\u00e9ration des donn\u00e9es, ce puissant plugin s&rsquo;int\u00e8gre parfaitement \u00e0 Gravity Forms, vous permettant de r\u00e9cup\u00e9rer, filtrer et organiser vos soumissions sans effort. Gr\u00e2ce \u00e0 son interface conviviale et \u00e0 ses options de personnalisation avanc\u00e9es, Gravity Forms Fetcher vous fait gagner du temps et optimise votre productivit\u00e9. Id\u00e9al pour les entreprises en qu\u00eate d&rsquo;une gestion efficace des donn\u00e9es, cet outil vous garantit de ne manquer aucune information importante. Transformez d\u00e8s aujourd&rsquo;hui votre gestion de formulaires gr\u00e2ce \u00e0 la solution innovante de Jetsloth et b\u00e9n\u00e9ficiez d&rsquo;une efficacit\u00e9 et d&rsquo;un contr\u00f4le in\u00e9gal\u00e9s.<\/p>\n","protected":false},"featured_media":147140,"comment_status":"open","ping_status":"open","template":"","meta":[],"product_brand":[2577],"product_cat":[1191,1181,1186],"product_tag":[1292],"class_list":{"0":"post-142898","1":"product","2":"type-product","3":"status-publish","4":"has-post-thumbnail","6":"product_brand-jetsloth","7":"product_cat-formes","8":"product_cat-plugins","9":"product_cat-wordpress-plugins","10":"product_tag-jetsloth","11":"member-discount","12":"discount-restricted","14":"first","15":"instock","16":"sale","17":"downloadable","18":"virtual","19":"sold-individually","20":"purchasable","21":"product-type-simple"},"_links":{"self":[{"href":"https:\/\/gpl-love.com\/fr\/wp-json\/wp\/v2\/product\/142898","targetHints":{"allow":["GET"]}}],"collection":[{"href":"https:\/\/gpl-love.com\/fr\/wp-json\/wp\/v2\/product"}],"about":[{"href":"https:\/\/gpl-love.com\/fr\/wp-json\/wp\/v2\/types\/product"}],"replies":[{"embeddable":true,"href":"https:\/\/gpl-love.com\/fr\/wp-json\/wp\/v2\/comments?post=142898"}],"wp:featuredmedia":[{"embeddable":true,"href":"https:\/\/gpl-love.com\/fr\/wp-json\/wp\/v2\/media\/147140"}],"wp:attachment":[{"href":"https:\/\/gpl-love.com\/fr\/wp-json\/wp\/v2\/media?parent=142898"}],"wp:term":[{"taxonomy":"product_brand","embeddable":true,"href":"https:\/\/gpl-love.com\/fr\/wp-json\/wp\/v2\/product_brand?post=142898"},{"taxonomy":"product_cat","embeddable":true,"href":"https:\/\/gpl-love.com\/fr\/wp-json\/wp\/v2\/product_cat?post=142898"},{"taxonomy":"product_tag","embeddable":true,"href":"https:\/\/gpl-love.com\/fr\/wp-json\/wp\/v2\/product_tag?post=142898"}],"curies":[{"name":"wp","href":"https:\/\/api.w.org\/{rel}","templated":true}]}}