{"id":142870,"date":"2026-04-10T00:00:00","date_gmt":"2026-04-09T22:00:00","guid":{"rendered":"https:\/\/gpl-love.com\/fr\/produit\/paid-member-subscriptions-pro\/"},"modified":"2026-04-10T18:51:11","modified_gmt":"2026-04-10T16:51:11","slug":"paid-member-subscriptions-pro","status":"publish","type":"product","link":"https:\/\/gpl-love.com\/fr\/produit\/paid-member-subscriptions-pro\/","title":{"rendered":"Paid Member Subscriptions Pro 1.9.7"},"content":{"rendered":"<h3>Paid Member Subscriptions Pro Traits<\/h3>\n<p>Exploitez tout le potentiel de votre site d&rsquo;adh\u00e9sion avec Paid Member Subscriptions Pro. Ce puissant plugin offre une solution simple pour g\u00e9rer et mon\u00e9tiser votre contenu, transformant les visiteurs occasionnels en membres fid\u00e8les. Id\u00e9al pour les entreprises, les communaut\u00e9s en ligne et les cr\u00e9ateurs de contenu, Paid Member Subscriptions Pro propose des niveaux d&rsquo;adh\u00e9sion flexibles, vous permettant de proposer du contenu exclusif et des avantages adapt\u00e9s \u00e0 votre public.<\/p>\n<p>Gr\u00e2ce \u00e0 son interface intuitive, vous pouvez facilement configurer et personnaliser vos abonnements, g\u00e9rer les paiements et automatiser la communication avec vos membres. Le plugin s&rsquo;int\u00e8gre parfaitement aux passerelles de paiement populaires comme PayPal et Stripe, garantissant des transactions s\u00e9curis\u00e9es et fiables. De plus, gr\u00e2ce \u00e0 des fonctionnalit\u00e9s avanc\u00e9es comme le partage de contenu, vous pouvez publier du contenu de mani\u00e8re strat\u00e9gique pour fid\u00e9liser vos membres et les inciter \u00e0 revenir.<\/p>\n<p>Con\u00e7u pour WordPress, Paid Member Subscriptions Pro est hautement compatible, garantissant une exp\u00e9rience fluide pour vous et vos utilisateurs. Que vous lanciez un nouveau site d&rsquo;adh\u00e9sion ou que vous mettiez \u00e0 niveau un site existant, ce plugin vous offre les outils n\u00e9cessaires \u00e0 sa r\u00e9ussite.<\/p>\n<ul>\n<li>Syst\u00e8me avanc\u00e9 de gestion des abonnements<\/li>\n<li>Formules d&rsquo;abonnement personnalisables<\/li>\n<li>Prise en charge des paiements r\u00e9currents<\/li>\n<li>Options de restriction de contenu<\/li>\n<li>Inscription et gestion des profils des utilisateurs<\/li>\n<li>Int\u00e9gration aux passerelles de paiement les plus populaires<\/li>\n<li>Codes de r\u00e9duction et promotions<\/li>\n<li>Niveaux d&rsquo;abonnement \u00e0 plusieurs niveaux<\/li>\n<li>Rapports et analyses d\u00e9taill\u00e9s<\/li>\n<\/ul>\n","protected":false},"excerpt":{"rendered":"<p>D\u00e9couvrez Paid Member Subscriptions Pro\u00a0: la solution ultime pour g\u00e9rer vos abonnements facilement et efficacement. Cet outil performant vous permet de cr\u00e9er des formules d&rsquo;abonnement personnalisables et s&rsquo;int\u00e8gre parfaitement \u00e0 votre site web. Gr\u00e2ce \u00e0 des fonctionnalit\u00e9s performantes comme la facturation automatis\u00e9e, la restriction de contenu et des tableaux de bord conviviaux, vous pouvez am\u00e9liorer l&rsquo;engagement des utilisateurs et augmenter vos revenus. Que vous dirigiez une petite ou une grande entreprise, Paid Member Subscriptions Pro simplifie la gestion des abonnements tout en offrant un service client exceptionnel. Optimisez votre exp\u00e9rience d&rsquo;abonnement d\u00e8s aujourd&rsquo;hui et d\u00e9veloppez votre communaut\u00e9 sans effort.<\/p>\n","protected":false},"featured_media":147139,"comment_status":"open","ping_status":"open","template":"","meta":[],"product_brand":[2619],"product_cat":[1189,1181,1186],"product_tag":[2330],"class_list":{"0":"post-142870","1":"product","2":"type-product","3":"status-publish","4":"has-post-thumbnail","6":"product_brand-cozmoslabs","7":"product_cat-personnalisation","8":"product_cat-plugins","9":"product_cat-wordpress-plugins","10":"product_tag-cozmoslabs","11":"member-discount","12":"discount-restricted","14":"first","15":"instock","16":"sale","17":"downloadable","18":"virtual","19":"sold-individually","20":"purchasable","21":"product-type-simple"},"_links":{"self":[{"href":"https:\/\/gpl-love.com\/fr\/wp-json\/wp\/v2\/product\/142870","targetHints":{"allow":["GET"]}}],"collection":[{"href":"https:\/\/gpl-love.com\/fr\/wp-json\/wp\/v2\/product"}],"about":[{"href":"https:\/\/gpl-love.com\/fr\/wp-json\/wp\/v2\/types\/product"}],"replies":[{"embeddable":true,"href":"https:\/\/gpl-love.com\/fr\/wp-json\/wp\/v2\/comments?post=142870"}],"wp:featuredmedia":[{"embeddable":true,"href":"https:\/\/gpl-love.com\/fr\/wp-json\/wp\/v2\/media\/147139"}],"wp:attachment":[{"href":"https:\/\/gpl-love.com\/fr\/wp-json\/wp\/v2\/media?parent=142870"}],"wp:term":[{"taxonomy":"product_brand","embeddable":true,"href":"https:\/\/gpl-love.com\/fr\/wp-json\/wp\/v2\/product_brand?post=142870"},{"taxonomy":"product_cat","embeddable":true,"href":"https:\/\/gpl-love.com\/fr\/wp-json\/wp\/v2\/product_cat?post=142870"},{"taxonomy":"product_tag","embeddable":true,"href":"https:\/\/gpl-love.com\/fr\/wp-json\/wp\/v2\/product_tag?post=142870"}],"curies":[{"name":"wp","href":"https:\/\/api.w.org\/{rel}","templated":true}]}}