{"id":142868,"date":"2025-05-13T00:00:00","date_gmt":"2025-05-12T22:00:00","guid":{"rendered":"https:\/\/gpl-love.com\/fr\/produit\/woocommerce-account-pages\/"},"modified":"2026-03-21T00:04:53","modified_gmt":"2026-03-20T23:04:53","slug":"woocommerce-account-pages","status":"publish","type":"product","link":"https:\/\/gpl-love.com\/fr\/produit\/woocommerce-account-pages\/","title":{"rendered":"WooCommerce Account Pages 1.7.1"},"content":{"rendered":"<h3>WooCommerce Account Pages Traits<\/h3>\n<p>Transformez l&rsquo;exp\u00e9rience de votre boutique en ligne avec les pages de compte WooCommerce embl\u00e9matiques, la solution id\u00e9ale pour am\u00e9liorer l&rsquo;interaction client. Con\u00e7ues pour s&rsquo;int\u00e9grer parfaitement \u00e0 votre plateforme WooCommerce existante, ces pages de compte offrent une interface \u00e9l\u00e9gante et conviviale qui am\u00e9liore la satisfaction client.<\/p>\n<p>Avec les pages de compte WooCommerce embl\u00e9matiques, personnalisez chaque aspect du parcours utilisateur. Des tableaux de bord personnalis\u00e9s \u00e0 la gestion simplifi\u00e9e des commandes, cet outil offre \u00e0 vos clients une navigation intuitive et des mises \u00e0 jour en temps r\u00e9el. Boostez l&rsquo;engagement et les achats r\u00e9p\u00e9t\u00e9s en offrant une exp\u00e9rience d&rsquo;achat premium et simple qui fid\u00e9lise vos clients.<\/p>\n<p>Nos pages de compte WooCommerce embl\u00e9matiques sont enti\u00e8rement responsives, garantissant des performances optimales sur tous les appareils. L&rsquo;installation est un jeu d&rsquo;enfant, avec une assistance compl\u00e8te et des mises \u00e0 jour r\u00e9guli\u00e8res pour maintenir votre site \u00e0 la pointe de la technologie.<\/p>\n<ul>\n<li>Int\u00e9gration transparente avec WooCommerce<\/li>\n<li>Pages de compte personnalisables<\/li>\n<li>Design adapt\u00e9 aux appareils mobiles<\/li>\n<li>\u00c9diteur glisser-d\u00e9poser facile \u00e0 utiliser<\/li>\n<li>Mod\u00e8les pr\u00e9d\u00e9finis pour une configuration rapide<\/li>\n<li>Interface conviviale<\/li>\n<li>Prise en charge des champs personnalis\u00e9s et des donn\u00e9es utilisateur<\/li>\n<li>Compatible avec les th\u00e8mes WooCommerce populaires<\/li>\n<li>Support multilingue<\/li>\n<\/ul>\n","protected":false},"excerpt":{"rendered":"<p>D\u00e9couvrez Iconic WooCommerce Account Pages, la solution ultime pour am\u00e9liorer l&rsquo;exp\u00e9rience utilisateur de votre boutique en ligne. Con\u00e7ue pour s&rsquo;int\u00e9grer parfaitement \u00e0 WooCommerce, cette extension innovante transforme vos pages de compte standard en espaces utilisateurs attrayants et personnalis\u00e9s. Gr\u00e2ce \u00e0 ses mises en page personnalisables et \u00e0 sa navigation intuitive, elle permet aux utilisateurs de g\u00e9rer leurs comptes en toute simplicit\u00e9. Am\u00e9liorez la satisfaction et la fid\u00e9lisation de vos clients en pr\u00e9sentant l&rsquo;historique de leurs commandes, leurs t\u00e9l\u00e9chargements et leurs informations personnelles de mani\u00e8re claire et attrayante. Optimisez l&rsquo;attrait et les fonctionnalit\u00e9s de votre boutique avec Iconic WooCommerce Account Pages, l&rsquo;outil id\u00e9al pour les entreprises en ligne modernes qui cherchent \u00e0 optimiser l&rsquo;interaction avec leurs utilisateurs et \u00e0 renforcer la pr\u00e9sence de leur marque.<\/p>\n","protected":false},"featured_media":147137,"comment_status":"open","ping_status":"open","template":"","meta":[],"product_brand":[2572],"product_cat":[1182,1223,1181],"product_tag":[1587],"class_list":{"0":"post-142868","1":"product","2":"type-product","3":"status-publish","4":"has-post-thumbnail","6":"product_brand-iconic","7":"product_cat-commerce-electronique-plugins","8":"product_cat-personnalisation-commerce-electronique-plugins","9":"product_cat-plugins","10":"product_tag-iconic","11":"member-discount","12":"discount-restricted","14":"first","15":"instock","16":"sale","17":"downloadable","18":"virtual","19":"sold-individually","20":"purchasable","21":"product-type-simple"},"_links":{"self":[{"href":"https:\/\/gpl-love.com\/fr\/wp-json\/wp\/v2\/product\/142868","targetHints":{"allow":["GET"]}}],"collection":[{"href":"https:\/\/gpl-love.com\/fr\/wp-json\/wp\/v2\/product"}],"about":[{"href":"https:\/\/gpl-love.com\/fr\/wp-json\/wp\/v2\/types\/product"}],"replies":[{"embeddable":true,"href":"https:\/\/gpl-love.com\/fr\/wp-json\/wp\/v2\/comments?post=142868"}],"wp:featuredmedia":[{"embeddable":true,"href":"https:\/\/gpl-love.com\/fr\/wp-json\/wp\/v2\/media\/147137"}],"wp:attachment":[{"href":"https:\/\/gpl-love.com\/fr\/wp-json\/wp\/v2\/media?parent=142868"}],"wp:term":[{"taxonomy":"product_brand","embeddable":true,"href":"https:\/\/gpl-love.com\/fr\/wp-json\/wp\/v2\/product_brand?post=142868"},{"taxonomy":"product_cat","embeddable":true,"href":"https:\/\/gpl-love.com\/fr\/wp-json\/wp\/v2\/product_cat?post=142868"},{"taxonomy":"product_tag","embeddable":true,"href":"https:\/\/gpl-love.com\/fr\/wp-json\/wp\/v2\/product_tag?post=142868"}],"curies":[{"name":"wp","href":"https:\/\/api.w.org\/{rel}","templated":true}]}}