{"id":142867,"date":"2025-06-02T00:00:00","date_gmt":"2025-06-01T22:00:00","guid":{"rendered":"https:\/\/gpl-love.com\/fr\/produit\/woocommerce-custom-fields-for-variations\/"},"modified":"2026-03-21T00:04:51","modified_gmt":"2026-03-20T23:04:51","slug":"woocommerce-custom-fields-for-variations","status":"publish","type":"product","link":"https:\/\/gpl-love.com\/fr\/produit\/woocommerce-custom-fields-for-variations\/","title":{"rendered":"WooCommerce Custom Fields pour Variations 1.9.0"},"content":{"rendered":"<h3>WooCommerce Custom Fields pour Variations Traits<\/h3>\n<p>Exploitez tout le potentiel de votre boutique en ligne gr\u00e2ce aux champs personnalis\u00e9s WooCommerce embl\u00e9matiques pour les variantes. Cet outil puissant vous permet d&rsquo;am\u00e9liorer vos pages produits en ajoutant des informations personnalis\u00e9es \u00e0 chaque variante, rendant votre boutique plus dynamique et conviviale. Gr\u00e2ce aux champs personnalis\u00e9s WooCommerce pour les variantes, vous pouvez facilement int\u00e9grer des attributs uniques tels que la taille, la couleur et la mati\u00e8re, garantissant ainsi \u00e0 vos clients toutes les informations n\u00e9cessaires pour prendre des d\u00e9cisions d&rsquo;achat \u00e9clair\u00e9es.<\/p>\n<p>Nos champs personnalis\u00e9s embl\u00e9matiques pour les variantes WooCommerce s&rsquo;int\u00e8grent parfaitement \u00e0 votre configuration existante, offrant un moyen simple d&rsquo;optimiser les fonctionnalit\u00e9s de votre boutique sans codage complexe. Que vous g\u00e9riez un stock important ou une collection de boutique, la fonctionnalit\u00e9 embl\u00e9matique des champs personnalis\u00e9s pour les variantes WooCommerce simplifie vos op\u00e9rations et am\u00e9liore la satisfaction client.<\/p>\n<p>Am\u00e9liorez votre exp\u00e9rience e-commerce d\u00e8s aujourd&rsquo;hui en exploitant les champs personnalis\u00e9s pour les variantes dans WooCommerce. Cette solution innovante est con\u00e7ue pour \u00e9voluer avec votre entreprise, offrant flexibilit\u00e9 et pr\u00e9cision qui d\u00e9marqueront votre boutique de la concurrence.<\/p>\n<ul>\n<li>Int\u00e9gration transparente avec la plateforme WooCommerce<\/li>\n<li>Champs personnalis\u00e9s pour les variantes de produits<\/li>\n<li>Interface conviviale pour une gestion simplifi\u00e9e<\/li>\n<li>Prise en charge des champs texte, d\u00e9roulants et cases \u00e0 cocher<\/li>\n<li>Ajustements de prix dynamiques bas\u00e9s sur les champs personnalis\u00e9s<\/li>\n<li>Logique conditionnelle pour l&rsquo;affichage des champs<\/li>\n<li>Compatibilit\u00e9 avec les th\u00e8mes WooCommerce populaires<\/li>\n<li>Options de personnalisation am\u00e9lior\u00e9es pour les variantes de produits<\/li>\n<li>Gestion simplifi\u00e9e des stocks pour les variantes<\/li>\n<\/ul>\n","protected":false},"excerpt":{"rendered":"<p>D\u00e9couvrez les champs personnalis\u00e9s WooCommerce embl\u00e9matiques pour les variantes, la solution id\u00e9ale pour optimiser votre boutique en ligne. Gr\u00e2ce \u00e0 nos champs personnalis\u00e9s WooCommerce, ajoutez facilement des informations d\u00e9taill\u00e9es et des fonctionnalit\u00e9s \u00e0 chaque variante de produit, offrant ainsi une exp\u00e9rience d&rsquo;achat personnalis\u00e9e. Nos champs personnalis\u00e9s embl\u00e9matiques pour les variantes WooCommerce s&rsquo;int\u00e8grent parfaitement et garantissent la distinction de votre boutique. Que vous g\u00e9riez des champs personnalis\u00e9s pour les variantes dans WooCommerce ou que vous recherchiez des solutions de champs personnalis\u00e9s embl\u00e9matiques pour les variantes WooCommerce, notre produit offre une flexibilit\u00e9 et un contr\u00f4le in\u00e9gal\u00e9s. Optimisez votre plateforme e-commerce d\u00e8s aujourd&rsquo;hui avec les champs personnalis\u00e9s embl\u00e9matiques pour les variantes WooCommerce et voyez vos ventes exploser\u00a0!<\/p>\n","protected":false},"featured_media":147136,"comment_status":"open","ping_status":"open","template":"","meta":[],"product_brand":[2572],"product_cat":[1182,1223,1181],"product_tag":[1587],"class_list":{"0":"post-142867","1":"product","2":"type-product","3":"status-publish","4":"has-post-thumbnail","6":"product_brand-iconic","7":"product_cat-commerce-electronique-plugins","8":"product_cat-personnalisation-commerce-electronique-plugins","9":"product_cat-plugins","10":"product_tag-iconic","11":"member-discount","12":"discount-restricted","14":"first","15":"instock","16":"sale","17":"downloadable","18":"virtual","19":"sold-individually","20":"purchasable","21":"product-type-simple"},"_links":{"self":[{"href":"https:\/\/gpl-love.com\/fr\/wp-json\/wp\/v2\/product\/142867","targetHints":{"allow":["GET"]}}],"collection":[{"href":"https:\/\/gpl-love.com\/fr\/wp-json\/wp\/v2\/product"}],"about":[{"href":"https:\/\/gpl-love.com\/fr\/wp-json\/wp\/v2\/types\/product"}],"replies":[{"embeddable":true,"href":"https:\/\/gpl-love.com\/fr\/wp-json\/wp\/v2\/comments?post=142867"}],"wp:featuredmedia":[{"embeddable":true,"href":"https:\/\/gpl-love.com\/fr\/wp-json\/wp\/v2\/media\/147136"}],"wp:attachment":[{"href":"https:\/\/gpl-love.com\/fr\/wp-json\/wp\/v2\/media?parent=142867"}],"wp:term":[{"taxonomy":"product_brand","embeddable":true,"href":"https:\/\/gpl-love.com\/fr\/wp-json\/wp\/v2\/product_brand?post=142867"},{"taxonomy":"product_cat","embeddable":true,"href":"https:\/\/gpl-love.com\/fr\/wp-json\/wp\/v2\/product_cat?post=142867"},{"taxonomy":"product_tag","embeddable":true,"href":"https:\/\/gpl-love.com\/fr\/wp-json\/wp\/v2\/product_tag?post=142867"}],"curies":[{"name":"wp","href":"https:\/\/api.w.org\/{rel}","templated":true}]}}