{"id":142865,"date":"2025-05-13T00:00:00","date_gmt":"2025-05-12T22:00:00","guid":{"rendered":"https:\/\/gpl-love.com\/fr\/produit\/woocommerce-quicktray\/"},"modified":"2026-03-21T00:04:50","modified_gmt":"2026-03-20T23:04:50","slug":"woocommerce-quicktray","status":"publish","type":"product","link":"https:\/\/gpl-love.com\/fr\/produit\/woocommerce-quicktray\/","title":{"rendered":"WooCommerce QuickTray 1.0.6"},"content":{"rendered":"<h3>WooCommerce QuickTray Traits<\/h3>\n<p>D\u00e9couvrez l&#8217;embl\u00e9matique WooCommerce QuickTray, la solution ultime pour des exp\u00e9riences d&rsquo;achat en ligne fluides. Con\u00e7u pour allier efficacit\u00e9 et \u00e9l\u00e9gance, ce produit innovant optimise votre plateforme e-commerce, la rendant plus rapide et intuitive pour vos clients.<\/p>\n<p>Avec WooCommerce QuickTray, optimisez les fonctionnalit\u00e9s de votre boutique en proposant une interface dynamique et conviviale qui fid\u00e9lise vos clients. Cet outil polyvalent s&rsquo;int\u00e8gre facilement \u00e0 votre configuration WooCommerce existante et offre un acc\u00e8s rapide aux produits, cat\u00e9gories et fonctionnalit\u00e9s essentielles, sans navigation complexe.<\/p>\n<p>Con\u00e7u pour les g\u00e9rants de boutique d\u00e9butants comme exp\u00e9riment\u00e9s, QuickTray est la solution id\u00e9ale pour optimiser les performances de votre site et booster vos taux de conversion. Son design \u00e9l\u00e9gant et ses options de personnalisation permettent \u00e0 votre boutique de se d\u00e9marquer, tandis que sa mise en page r\u00e9active garantit une compatibilit\u00e9 sur tous les appareils.<\/p>\n<ul>\n<li>Design \u00e9l\u00e9gant et moderne<\/li>\n<li>Int\u00e9gration transparente avec WooCommerce<\/li>\n<li>Interface conviviale pour une navigation simplifi\u00e9e<\/li>\n<li>Acc\u00e8s rapide aux outils fr\u00e9quemment utilis\u00e9s<\/li>\n<li>Options de barre d&rsquo;\u00e9tat personnalisables pour s&rsquo;adapter \u00e0 votre flux de travail<\/li>\n<li>L\u00e9ger et performant<\/li>\n<li>Compatible avec plusieurs appareils et tailles d&rsquo;\u00e9cran<\/li>\n<li>Fonctionnalit\u00e9s s\u00e9curis\u00e9es et fiables<\/li>\n<li>Am\u00e9liore la productivit\u00e9 des utilisateurs de WooCommerce<\/li>\n<\/ul>\n","protected":false},"excerpt":{"rendered":"<p>D\u00e9couvrez l&#8217;embl\u00e9matique QuickTray de WooCommerce, la solution ultime pour des achats en ligne fluides. Con\u00e7u pour optimiser votre boutique WooCommerce, QuickTray offre une exp\u00e9rience utilisateur simplifi\u00e9e et intuitive qui am\u00e9liore la satisfaction client. Gr\u00e2ce \u00e0 son interface intuitive, les acheteurs peuvent parcourir et acheter facilement des produits, r\u00e9duisant ainsi le taux d&rsquo;abandon de panier. Le design r\u00e9actif de QuickTray garantit une compatibilit\u00e9 sur tous les appareils, offrant une exp\u00e9rience coh\u00e9rente aux utilisateurs mobiles et d&rsquo;ordinateurs. Am\u00e9liorez les fonctionnalit\u00e9s de votre boutique et augmentez vos ventes gr\u00e2ce \u00e0 cet outil incontournable du e-commerce moderne. Transformez votre boutique WooCommerce d\u00e8s aujourd&rsquo;hui avec l&#8217;embl\u00e9matique QuickTray et d\u00e9veloppez votre activit\u00e9 sans effort.<\/p>\n","protected":false},"featured_media":147134,"comment_status":"open","ping_status":"open","template":"","meta":[],"product_brand":[2572],"product_cat":[1182,1223,1181],"product_tag":[1587],"class_list":{"0":"post-142865","1":"product","2":"type-product","3":"status-publish","4":"has-post-thumbnail","6":"product_brand-iconic","7":"product_cat-commerce-electronique-plugins","8":"product_cat-personnalisation-commerce-electronique-plugins","9":"product_cat-plugins","10":"product_tag-iconic","11":"member-discount","12":"discount-restricted","14":"first","15":"instock","16":"sale","17":"downloadable","18":"virtual","19":"sold-individually","20":"purchasable","21":"product-type-simple"},"_links":{"self":[{"href":"https:\/\/gpl-love.com\/fr\/wp-json\/wp\/v2\/product\/142865","targetHints":{"allow":["GET"]}}],"collection":[{"href":"https:\/\/gpl-love.com\/fr\/wp-json\/wp\/v2\/product"}],"about":[{"href":"https:\/\/gpl-love.com\/fr\/wp-json\/wp\/v2\/types\/product"}],"replies":[{"embeddable":true,"href":"https:\/\/gpl-love.com\/fr\/wp-json\/wp\/v2\/comments?post=142865"}],"wp:featuredmedia":[{"embeddable":true,"href":"https:\/\/gpl-love.com\/fr\/wp-json\/wp\/v2\/media\/147134"}],"wp:attachment":[{"href":"https:\/\/gpl-love.com\/fr\/wp-json\/wp\/v2\/media?parent=142865"}],"wp:term":[{"taxonomy":"product_brand","embeddable":true,"href":"https:\/\/gpl-love.com\/fr\/wp-json\/wp\/v2\/product_brand?post=142865"},{"taxonomy":"product_cat","embeddable":true,"href":"https:\/\/gpl-love.com\/fr\/wp-json\/wp\/v2\/product_cat?post=142865"},{"taxonomy":"product_tag","embeddable":true,"href":"https:\/\/gpl-love.com\/fr\/wp-json\/wp\/v2\/product_tag?post=142865"}],"curies":[{"name":"wp","href":"https:\/\/api.w.org\/{rel}","templated":true}]}}